{"id":750171,"date":"2025-03-03T22:38:34","date_gmt":"2025-03-03T21:38:34","guid":{"rendered":"https:\/\/stoic-curie.212-227-153-4.plesk.page\/producto\/escadas-curvas-de-3-degraus-para-barcos-inflaveis\/"},"modified":"2026-02-25T00:28:13","modified_gmt":"2026-02-25T00:28:13","slug":"escadas-curvas-de-3-degraus-para-barcos-inflaveis","status":"publish","type":"product","link":"https:\/\/stoic-curie.212-227-153-4.plesk.page\/pt\/product\/escadas-curvas-de-3-degraus-para-barcos-inflaveis\/","title":{"rendered":"Escadas Curvas de 3 degraus para Barcos Infl\u00e1veis"},"content":{"rendered":"<p>Escadas Curvas de 3 degraus para Barcos Infl\u00e1veis &#8211; <\/p>\n<p>Escadas dobr\u00e1veis telesc\u00f3picas em a\u00e7o inoxid\u00e1vel para barcos infl\u00e1veis. Completo com correias de fixa\u00e7\u00e3o.<\/p>\n","protected":false},"excerpt":{"rendered":"<p>Escadas Curvas de 3 degraus para Barcos Infl\u00e1veis &#8211; Escadas dobr\u00e1veis telesc\u00f3picas em a\u00e7o inoxid\u00e1vel para barcos infl\u00e1veis. Completo com<\/p>\n","protected":false},"featured_media":5945236,"comment_status":"open","ping_status":"closed","template":"","meta":[],"product_brand":[3492],"product_cat":[2126,1905],"product_tag":[],"class_list":{"0":"post-750171","1":"product","2":"type-product","3":"status-publish","4":"has-post-thumbnail","6":"product_brand-trem-pt","7":"product_cat-acessorios-para-embarcacoes-auxiliares","8":"product_cat-escadas","10":"first","11":"instock","12":"shipping-taxable","13":"purchasable","14":"product-type-simple"},"_links":{"self":[{"href":"https:\/\/stoic-curie.212-227-153-4.plesk.page\/pt\/wp-json\/wp\/v2\/product\/750171","targetHints":{"allow":["GET"]}}],"collection":[{"href":"https:\/\/stoic-curie.212-227-153-4.plesk.page\/pt\/wp-json\/wp\/v2\/product"}],"about":[{"href":"https:\/\/stoic-curie.212-227-153-4.plesk.page\/pt\/wp-json\/wp\/v2\/types\/product"}],"replies":[{"embeddable":true,"href":"https:\/\/stoic-curie.212-227-153-4.plesk.page\/pt\/wp-json\/wp\/v2\/comments?post=750171"}],"version-history":[{"count":0,"href":"https:\/\/stoic-curie.212-227-153-4.plesk.page\/pt\/wp-json\/wp\/v2\/product\/750171\/revisions"}],"wp:featuredmedia":[{"embeddable":true,"href":"https:\/\/stoic-curie.212-227-153-4.plesk.page\/pt\/wp-json\/wp\/v2\/media\/5945236"}],"wp:attachment":[{"href":"https:\/\/stoic-curie.212-227-153-4.plesk.page\/pt\/wp-json\/wp\/v2\/media?parent=750171"}],"wp:term":[{"taxonomy":"product_brand","embeddable":true,"href":"https:\/\/stoic-curie.212-227-153-4.plesk.page\/pt\/wp-json\/wp\/v2\/product_brand?post=750171"},{"taxonomy":"product_cat","embeddable":true,"href":"https:\/\/stoic-curie.212-227-153-4.plesk.page\/pt\/wp-json\/wp\/v2\/product_cat?post=750171"},{"taxonomy":"product_tag","embeddable":true,"href":"https:\/\/stoic-curie.212-227-153-4.plesk.page\/pt\/wp-json\/wp\/v2\/product_tag?post=750171"}],"curies":[{"name":"wp","href":"https:\/\/api.w.org\/{rel}","templated":true}]}}