{"id":750174,"date":"2025-03-03T22:38:35","date_gmt":"2025-03-03T21:38:35","guid":{"rendered":"https:\/\/stoic-curie.212-227-153-4.plesk.page\/producto\/passadico-de-composto-tpc-220x40cm\/"},"modified":"2026-02-25T00:28:13","modified_gmt":"2026-02-25T00:28:13","slug":"passadico-de-composto-tpc-220x40cm","status":"publish","type":"product","link":"https:\/\/stoic-curie.212-227-153-4.plesk.page\/pt\/product\/passadico-de-composto-tpc-220x40cm\/","title":{"rendered":"Passadi\u00e7o de Composto Tpc 220x40cm"},"content":{"rendered":"<p>Passadi\u00e7o de Composto Tpc 220x40cm &#8211; <\/p>\n<p>A passarela TPC \u00e9 feita de um material comp\u00f3sito termopl\u00e1stico, frequentemente reconhecido como o material do futuro. Esta subst\u00e2ncia inovadora permite que a passarela TPC substitua as t\u00e1buas de madeira tradicionais e baratas. \u00c9 uma escolha robusta e leve, projetada para uso pesado e cont\u00ednuo, tornando-a ideal para charters e marinas. A passarela \u00e9 constru\u00edda como uma unidade \u00fanica sem qualquer colagem, garantindo que flutue, resista \u00e0 corros\u00e3o e suporte a exposi\u00e7\u00e3o aos UV. Sua superf\u00edcie \u00e9 totalmente antiderrapante, com bordas de borracha que s\u00e3o resistentes a arranh\u00f5es e oferecem prote\u00e7\u00e3o adicional.<\/p>\n<p><strong>Por que optar por passarelas POLYMER?<\/strong><\/p>\n<p>Com anos de avan\u00e7os em passarelas marinhas e nossa posi\u00e7\u00e3o como l\u00edderes da ind\u00fastria, criamos uma solu\u00e7\u00e3o de acesso simplificada que substitui passarelas de madeira desajeitadas.<\/p>\n<p>As passarelas TPC s\u00e3o projetadas para suportar as duras condi\u00e7\u00f5es dos ambientes de charter, tornando-se a melhor escolha leve, flutuante e dur\u00e1vel dispon\u00edvel.<\/p>\n<p><strong>Caracter\u00edsticas Principais<\/strong><\/p>\n<ul>\n<li>Design aerodin\u00e2mico<\/li>\n<li>Constru\u00e7\u00e3o leve<\/li>\n<li>Modelos n\u00e3o dobr\u00e1veis apenas<\/li>\n<li>Superf\u00edcie antiderrapante para embarque seguro em seu barco<\/li>\n<li>Todos os materiais s\u00e3o resistentes aos UV<\/li>\n<\/ul>\n<p>As bordas pl\u00e1sticas macias n\u00e3o deixam marcas e funcionam como fixa\u00e7\u00f5es de montagem e protetores de borda, que podem ser substitu\u00eddos quando se desgastam. O design fechado garante que a passarela POLYMER permane\u00e7a flutuante.<\/p>\n<p><strong>Especifica\u00e7\u00f5es T\u00e9cnicas<\/strong><\/p>\n<ul>\n<li>Comprimento: 220 cm ou 245 cm<\/li>\n<li>Largura: 40 cm ou sob medida<\/li>\n<li>Peso: 8,5 kg ou 10,5 kg<\/li>\n<li>Capacidade de Carga: 250 kg<\/li>\n<\/ul>\n<p>Com a passarela TPC, voc\u00ea pode experimentar uma solu\u00e7\u00e3o de acesso confi\u00e1vel e eficaz para todas as suas necessidades n\u00e1uticas.<\/p>\n","protected":false},"excerpt":{"rendered":"<p>Passadi\u00e7o de Composto Tpc 220x40cm &#8211; A passarela TPC \u00e9 feita de um material comp\u00f3sito termopl\u00e1stico, frequentemente reconhecido como o<\/p>\n","protected":false},"featured_media":5945254,"comment_status":"open","ping_status":"closed","template":"","meta":[],"product_brand":[3492],"product_cat":[1899],"product_tag":[],"class_list":{"0":"post-750174","1":"product","2":"type-product","3":"status-publish","4":"has-post-thumbnail","6":"product_brand-trem-pt","7":"product_cat-pranchas-de-embarque","9":"first","10":"instock","11":"shipping-taxable","12":"purchasable","13":"product-type-simple"},"_links":{"self":[{"href":"https:\/\/stoic-curie.212-227-153-4.plesk.page\/pt\/wp-json\/wp\/v2\/product\/750174","targetHints":{"allow":["GET"]}}],"collection":[{"href":"https:\/\/stoic-curie.212-227-153-4.plesk.page\/pt\/wp-json\/wp\/v2\/product"}],"about":[{"href":"https:\/\/stoic-curie.212-227-153-4.plesk.page\/pt\/wp-json\/wp\/v2\/types\/product"}],"replies":[{"embeddable":true,"href":"https:\/\/stoic-curie.212-227-153-4.plesk.page\/pt\/wp-json\/wp\/v2\/comments?post=750174"}],"version-history":[{"count":0,"href":"https:\/\/stoic-curie.212-227-153-4.plesk.page\/pt\/wp-json\/wp\/v2\/product\/750174\/revisions"}],"wp:featuredmedia":[{"embeddable":true,"href":"https:\/\/stoic-curie.212-227-153-4.plesk.page\/pt\/wp-json\/wp\/v2\/media\/5945254"}],"wp:attachment":[{"href":"https:\/\/stoic-curie.212-227-153-4.plesk.page\/pt\/wp-json\/wp\/v2\/media?parent=750174"}],"wp:term":[{"taxonomy":"product_brand","embeddable":true,"href":"https:\/\/stoic-curie.212-227-153-4.plesk.page\/pt\/wp-json\/wp\/v2\/product_brand?post=750174"},{"taxonomy":"product_cat","embeddable":true,"href":"https:\/\/stoic-curie.212-227-153-4.plesk.page\/pt\/wp-json\/wp\/v2\/product_cat?post=750174"},{"taxonomy":"product_tag","embeddable":true,"href":"https:\/\/stoic-curie.212-227-153-4.plesk.page\/pt\/wp-json\/wp\/v2\/product_tag?post=750174"}],"curies":[{"name":"wp","href":"https:\/\/api.w.org\/{rel}","templated":true}]}}