{"id":750175,"date":"2025-03-03T22:38:35","date_gmt":"2025-03-03T21:38:35","guid":{"rendered":"https:\/\/stoic-curie.212-227-153-4.plesk.page\/producto\/passadico-de-composto-tpc-245x40cm-carga-maxima-250kg-peso-9kg\/"},"modified":"2026-02-25T00:28:13","modified_gmt":"2026-02-25T00:28:13","slug":"passadico-de-composto-tpc-245x40cm-carga-maxima-250kg-peso-9kg","status":"publish","type":"product","link":"https:\/\/stoic-curie.212-227-153-4.plesk.page\/pt\/product\/passadico-de-composto-tpc-245x40cm-carga-maxima-250kg-peso-9kg\/","title":{"rendered":"Passadi\u00e7o de Composto Tpc 245x40cm"},"content":{"rendered":"<p>Passadi\u00e7o de Composto Tpc 245x40cm &#8211; <\/p>\n<p>A passarela TPC \u00e9 criada a partir de um material composto termopl\u00e1stico, frequentemente aclamado como o material do futuro. Este material avan\u00e7ado permite que a passarela TPC substitua as tradicionais t\u00e1buas de madeira de baixo custo. \u00c9 uma op\u00e7\u00e3o resistente e leve, projetada para uso intenso e cont\u00ednuo, sendo perfeita para fretamentos e marinas. A passarela \u00e9 constru\u00edda como uma \u00fanica pe\u00e7a, sem emendas, garantindo que flutue, resista \u00e0 corros\u00e3o e aos raios UV. Sua superf\u00edcie \u00e9 completamente antiderrapante, com bordas de borracha que s\u00e3o resistentes a arranh\u00f5es e oferecem prote\u00e7\u00e3o adicional.<\/p>\n<p><strong>Por que escolher as passarelas POLYMER?<\/strong><\/p>\n<p>Com anos de inova\u00e7\u00e3o em passarelas marinhas e nossa lideran\u00e7a na ind\u00fastria, desenvolvemos uma solu\u00e7\u00e3o de acesso simplificada que substitui as pesadas passarelas de madeira.<\/p>\n<p>As passarelas TPC s\u00e3o projetadas para suportar as desafiadoras condi\u00e7\u00f5es dos ambientes de fretamento, tornando-se a melhor op\u00e7\u00e3o leve, flutuante e dur\u00e1vel dispon\u00edvel.<\/p>\n<p><strong>Principais caracter\u00edsticas<\/strong><\/p>\n<ul>\n<li>Design simplificado<\/li>\n<li>Constru\u00e7\u00e3o leve<\/li>\n<li>Vers\u00f5es n\u00e3o dobr\u00e1veis apenas<\/li>\n<li>Superf\u00edcie antiderrapante para acesso seguro ao seu barco<\/li>\n<li>Todos os materiais s\u00e3o protegidos contra UV<\/li>\n<\/ul>\n<p>As bordas de pl\u00e1stico macio n\u00e3o deixam marcas e servem como fixadores de montagem e protetores de borda, que podem ser substitu\u00eddos quando desgastados. O design fechado garante que a passarela POLYMER permane\u00e7a flutuante.<\/p>\n<p><strong>Especifica\u00e7\u00f5es t\u00e9cnicas<\/strong><\/p>\n<ul>\n<li>Comprimento: 220 cm ou 245 cm<\/li>\n<li>Largura: 40 cm ou sob medida<\/li>\n<li>Peso: 8,5 kg ou 10,5 kg<\/li>\n<li>Capacidade de carga: 250 kg<\/li>\n<\/ul>\n<p>Com a passarela TPC, voc\u00ea pode desfrutar de uma solu\u00e7\u00e3o de acesso confi\u00e1vel e eficiente para todas as suas necessidades de navega\u00e7\u00e3o.<\/p>\n","protected":false},"excerpt":{"rendered":"<p>Passadi\u00e7o de Composto Tpc 245x40cm &#8211; A passarela TPC \u00e9 criada a partir de um material composto termopl\u00e1stico, frequentemente aclamado<\/p>\n","protected":false},"featured_media":5945254,"comment_status":"open","ping_status":"closed","template":"","meta":[],"product_brand":[3492],"product_cat":[1899],"product_tag":[],"class_list":{"0":"post-750175","1":"product","2":"type-product","3":"status-publish","4":"has-post-thumbnail","6":"product_brand-trem-pt","7":"product_cat-pranchas-de-embarque","9":"first","10":"instock","11":"shipping-taxable","12":"purchasable","13":"product-type-simple"},"_links":{"self":[{"href":"https:\/\/stoic-curie.212-227-153-4.plesk.page\/pt\/wp-json\/wp\/v2\/product\/750175","targetHints":{"allow":["GET"]}}],"collection":[{"href":"https:\/\/stoic-curie.212-227-153-4.plesk.page\/pt\/wp-json\/wp\/v2\/product"}],"about":[{"href":"https:\/\/stoic-curie.212-227-153-4.plesk.page\/pt\/wp-json\/wp\/v2\/types\/product"}],"replies":[{"embeddable":true,"href":"https:\/\/stoic-curie.212-227-153-4.plesk.page\/pt\/wp-json\/wp\/v2\/comments?post=750175"}],"version-history":[{"count":0,"href":"https:\/\/stoic-curie.212-227-153-4.plesk.page\/pt\/wp-json\/wp\/v2\/product\/750175\/revisions"}],"wp:featuredmedia":[{"embeddable":true,"href":"https:\/\/stoic-curie.212-227-153-4.plesk.page\/pt\/wp-json\/wp\/v2\/media\/5945254"}],"wp:attachment":[{"href":"https:\/\/stoic-curie.212-227-153-4.plesk.page\/pt\/wp-json\/wp\/v2\/media?parent=750175"}],"wp:term":[{"taxonomy":"product_brand","embeddable":true,"href":"https:\/\/stoic-curie.212-227-153-4.plesk.page\/pt\/wp-json\/wp\/v2\/product_brand?post=750175"},{"taxonomy":"product_cat","embeddable":true,"href":"https:\/\/stoic-curie.212-227-153-4.plesk.page\/pt\/wp-json\/wp\/v2\/product_cat?post=750175"},{"taxonomy":"product_tag","embeddable":true,"href":"https:\/\/stoic-curie.212-227-153-4.plesk.page\/pt\/wp-json\/wp\/v2\/product_tag?post=750175"}],"curies":[{"name":"wp","href":"https:\/\/api.w.org\/{rel}","templated":true}]}}