{"id":750178,"date":"2025-03-03T22:38:36","date_gmt":"2025-03-03T21:38:36","guid":{"rendered":"https:\/\/stoic-curie.212-227-153-4.plesk.page\/producto\/arnes-para-suporte-de-motores-fora-de-borda-carga-maxima-75kg\/"},"modified":"2026-02-25T00:28:13","modified_gmt":"2026-02-25T00:28:13","slug":"arnes-para-suporte-de-motores-fora-de-borda-carga-maxima-75kg","status":"publish","type":"product","link":"https:\/\/stoic-curie.212-227-153-4.plesk.page\/pt\/product\/arnes-para-suporte-de-motores-fora-de-borda-carga-maxima-75kg\/","title":{"rendered":"Arn\u00eas para Suporte de Motores Fora de Borda &#8211; Carga M\u00e1xima 75kg"},"content":{"rendered":"<p>Arn\u00eas para Suporte de Motores Fora de Borda &#8211; Carga M\u00e1xima 75kg &#8211; <\/p>\n<p>Cinta resistente a UV e ambientes marinhos. Seguro e f\u00e1cil de usar, gra\u00e7as ao cinto projetado especificamente para motores de 2-4 tempos de at\u00e9 15HP.<\/p>\n","protected":false},"excerpt":{"rendered":"<p>Arn\u00eas para Suporte de Motores Fora de Borda &#8211; Carga M\u00e1xima 75kg &#8211; Cinta resistente a UV e ambientes marinhos.<\/p>\n","protected":false},"featured_media":5945259,"comment_status":"open","ping_status":"closed","template":"","meta":[],"product_brand":[3237],"product_cat":[2114,2127],"product_tag":[],"class_list":{"0":"post-750178","1":"product","2":"type-product","3":"status-publish","4":"has-post-thumbnail","6":"product_brand-osculati-pt","7":"product_cat-acessorios-para-motores-fora-de-bordo","8":"product_cat-turcos","10":"first","11":"instock","12":"shipping-taxable","13":"purchasable","14":"product-type-simple"},"_links":{"self":[{"href":"https:\/\/stoic-curie.212-227-153-4.plesk.page\/pt\/wp-json\/wp\/v2\/product\/750178","targetHints":{"allow":["GET"]}}],"collection":[{"href":"https:\/\/stoic-curie.212-227-153-4.plesk.page\/pt\/wp-json\/wp\/v2\/product"}],"about":[{"href":"https:\/\/stoic-curie.212-227-153-4.plesk.page\/pt\/wp-json\/wp\/v2\/types\/product"}],"replies":[{"embeddable":true,"href":"https:\/\/stoic-curie.212-227-153-4.plesk.page\/pt\/wp-json\/wp\/v2\/comments?post=750178"}],"version-history":[{"count":0,"href":"https:\/\/stoic-curie.212-227-153-4.plesk.page\/pt\/wp-json\/wp\/v2\/product\/750178\/revisions"}],"wp:featuredmedia":[{"embeddable":true,"href":"https:\/\/stoic-curie.212-227-153-4.plesk.page\/pt\/wp-json\/wp\/v2\/media\/5945259"}],"wp:attachment":[{"href":"https:\/\/stoic-curie.212-227-153-4.plesk.page\/pt\/wp-json\/wp\/v2\/media?parent=750178"}],"wp:term":[{"taxonomy":"product_brand","embeddable":true,"href":"https:\/\/stoic-curie.212-227-153-4.plesk.page\/pt\/wp-json\/wp\/v2\/product_brand?post=750178"},{"taxonomy":"product_cat","embeddable":true,"href":"https:\/\/stoic-curie.212-227-153-4.plesk.page\/pt\/wp-json\/wp\/v2\/product_cat?post=750178"},{"taxonomy":"product_tag","embeddable":true,"href":"https:\/\/stoic-curie.212-227-153-4.plesk.page\/pt\/wp-json\/wp\/v2\/product_tag?post=750178"}],"curies":[{"name":"wp","href":"https:\/\/api.w.org\/{rel}","templated":true}]}}