{"id":750181,"date":"2025-03-03T22:38:37","date_gmt":"2025-03-03T21:38:37","guid":{"rendered":"https:\/\/stoic-curie.212-227-153-4.plesk.page\/producto\/pa-de-remo-desmontavel-jobe-170-210cm-em-carbono\/"},"modified":"2026-02-25T00:28:13","modified_gmt":"2026-02-25T00:28:13","slug":"pa-de-remo-desmontavel-jobe-170-210cm-em-carbono","status":"publish","type":"product","link":"https:\/\/stoic-curie.212-227-153-4.plesk.page\/pt\/product\/pa-de-remo-desmontavel-jobe-170-210cm-em-carbono\/","title":{"rendered":"P\u00e1 de Remo Desmont\u00e1vel Jobe 170\/210cm em Carbono"},"content":{"rendered":"<p>P\u00e1 de Remo Desmont\u00e1vel Jobe 170\/210cm em Carbono &#8211; <\/p>\n<p>A p\u00e1 de desmontagem da Jobe \u00e9 ideal para Sup e embarca\u00e7\u00f5es de esportes aqu\u00e1ticos. Leve e resistente, com l\u00e2minas de pl\u00e1stico refor\u00e7ado e um punho em T feito de alum\u00ednio anodizado ou uma mistura de carbono e fibra de vidro.<\/p>\n","protected":false},"excerpt":{"rendered":"<p>P\u00e1 de Remo Desmont\u00e1vel Jobe 170\/210cm em Carbono &#8211; A p\u00e1 de desmontagem da Jobe \u00e9 ideal para Sup e<\/p>\n","protected":false},"featured_media":5945270,"comment_status":"open","ping_status":"closed","template":"","meta":[],"product_brand":[3042],"product_cat":[2132,2123],"product_tag":[],"class_list":{"0":"post-750181","1":"product","2":"type-product","3":"status-publish","4":"has-post-thumbnail","6":"product_brand-jobe-sports-pt","7":"product_cat-pranchas-de-paddle","8":"product_cat-remos-e-pagaias","10":"first","11":"instock","12":"shipping-taxable","13":"purchasable","14":"product-type-simple"},"_links":{"self":[{"href":"https:\/\/stoic-curie.212-227-153-4.plesk.page\/pt\/wp-json\/wp\/v2\/product\/750181","targetHints":{"allow":["GET"]}}],"collection":[{"href":"https:\/\/stoic-curie.212-227-153-4.plesk.page\/pt\/wp-json\/wp\/v2\/product"}],"about":[{"href":"https:\/\/stoic-curie.212-227-153-4.plesk.page\/pt\/wp-json\/wp\/v2\/types\/product"}],"replies":[{"embeddable":true,"href":"https:\/\/stoic-curie.212-227-153-4.plesk.page\/pt\/wp-json\/wp\/v2\/comments?post=750181"}],"version-history":[{"count":0,"href":"https:\/\/stoic-curie.212-227-153-4.plesk.page\/pt\/wp-json\/wp\/v2\/product\/750181\/revisions"}],"wp:featuredmedia":[{"embeddable":true,"href":"https:\/\/stoic-curie.212-227-153-4.plesk.page\/pt\/wp-json\/wp\/v2\/media\/5945270"}],"wp:attachment":[{"href":"https:\/\/stoic-curie.212-227-153-4.plesk.page\/pt\/wp-json\/wp\/v2\/media?parent=750181"}],"wp:term":[{"taxonomy":"product_brand","embeddable":true,"href":"https:\/\/stoic-curie.212-227-153-4.plesk.page\/pt\/wp-json\/wp\/v2\/product_brand?post=750181"},{"taxonomy":"product_cat","embeddable":true,"href":"https:\/\/stoic-curie.212-227-153-4.plesk.page\/pt\/wp-json\/wp\/v2\/product_cat?post=750181"},{"taxonomy":"product_tag","embeddable":true,"href":"https:\/\/stoic-curie.212-227-153-4.plesk.page\/pt\/wp-json\/wp\/v2\/product_tag?post=750181"}],"curies":[{"name":"wp","href":"https:\/\/api.w.org\/{rel}","templated":true}]}}