{"id":750186,"date":"2025-03-03T22:38:38","date_gmt":"2025-03-03T21:38:38","guid":{"rendered":"https:\/\/stoic-curie.212-227-153-4.plesk.page\/producto\/assento-branco-fisherman-419-x-457-x-a495mm\/"},"modified":"2026-02-25T00:28:13","modified_gmt":"2026-02-25T00:28:13","slug":"assento-branco-fisherman-419-x-457-x-a495mm","status":"publish","type":"product","link":"https:\/\/stoic-curie.212-227-153-4.plesk.page\/pt\/product\/assento-branco-fisherman-419-x-457-x-a495mm\/","title":{"rendered":"Assento Branco &#8220;Fisherman&#8221; 419 x 457 x A495mm"},"content":{"rendered":"<p>Assento Branco &#8220;Fisherman&#8221; 419 x 457 x A495mm &#8211; <\/p>\n<p>Cadeira dobr\u00e1vel com almofadas remov\u00edveis de Skay de grau marinho. Concha de pl\u00e1stico de grau marinho moldada por inje\u00e7\u00e3o. Design ergon\u00f4mico e confort\u00e1vel, ideal para longas viagens de pesca.<\/p>\n","protected":false},"excerpt":{"rendered":"<p>Assento Branco &#8220;Fisherman&#8221; 419 x 457 x A495mm &#8211; Cadeira dobr\u00e1vel com almofadas remov\u00edveis de Skay de grau marinho. Concha<\/p>\n","protected":false},"featured_media":5945288,"comment_status":"open","ping_status":"closed","template":"","meta":[],"product_brand":[2967],"product_cat":[1965],"product_tag":[],"class_list":{"0":"post-750186","1":"product","2":"type-product","3":"status-publish","4":"has-post-thumbnail","6":"product_brand-garelick-pt","7":"product_cat-assentos","9":"first","10":"instock","11":"shipping-taxable","12":"purchasable","13":"product-type-simple"},"_links":{"self":[{"href":"https:\/\/stoic-curie.212-227-153-4.plesk.page\/pt\/wp-json\/wp\/v2\/product\/750186","targetHints":{"allow":["GET"]}}],"collection":[{"href":"https:\/\/stoic-curie.212-227-153-4.plesk.page\/pt\/wp-json\/wp\/v2\/product"}],"about":[{"href":"https:\/\/stoic-curie.212-227-153-4.plesk.page\/pt\/wp-json\/wp\/v2\/types\/product"}],"replies":[{"embeddable":true,"href":"https:\/\/stoic-curie.212-227-153-4.plesk.page\/pt\/wp-json\/wp\/v2\/comments?post=750186"}],"version-history":[{"count":0,"href":"https:\/\/stoic-curie.212-227-153-4.plesk.page\/pt\/wp-json\/wp\/v2\/product\/750186\/revisions"}],"wp:featuredmedia":[{"embeddable":true,"href":"https:\/\/stoic-curie.212-227-153-4.plesk.page\/pt\/wp-json\/wp\/v2\/media\/5945288"}],"wp:attachment":[{"href":"https:\/\/stoic-curie.212-227-153-4.plesk.page\/pt\/wp-json\/wp\/v2\/media?parent=750186"}],"wp:term":[{"taxonomy":"product_brand","embeddable":true,"href":"https:\/\/stoic-curie.212-227-153-4.plesk.page\/pt\/wp-json\/wp\/v2\/product_brand?post=750186"},{"taxonomy":"product_cat","embeddable":true,"href":"https:\/\/stoic-curie.212-227-153-4.plesk.page\/pt\/wp-json\/wp\/v2\/product_cat?post=750186"},{"taxonomy":"product_tag","embeddable":true,"href":"https:\/\/stoic-curie.212-227-153-4.plesk.page\/pt\/wp-json\/wp\/v2\/product_tag?post=750186"}],"curies":[{"name":"wp","href":"https:\/\/api.w.org\/{rel}","templated":true}]}}