{"id":750192,"date":"2025-03-03T22:38:40","date_gmt":"2025-03-03T21:38:40","guid":{"rendered":"https:\/\/stoic-curie.212-227-153-4.plesk.page\/producto\/assento-maritimo-premium-fishing-branco-432x508x597mm\/"},"modified":"2026-02-25T00:28:13","modified_gmt":"2026-02-25T00:28:13","slug":"assento-maritimo-premium-fishing-branco-432x508x597mm","status":"publish","type":"product","link":"https:\/\/stoic-curie.212-227-153-4.plesk.page\/pt\/product\/assento-maritimo-premium-fishing-branco-432x508x597mm\/","title":{"rendered":"Assento Mar\u00edtimo Premium Fishing Branco 432x508x597mm"},"content":{"rendered":"<p>Assento Mar\u00edtimo Premium Fishing Branco 432x508x597mm &#8211; <\/p>\n<p>Assento estofado dobr\u00e1vel. Revestimento de Skay de grau marinho resistente. Corpo de pl\u00e1stico refor\u00e7ado e dobradi\u00e7as de alum\u00ednio resistentes \u00e0 corros\u00e3o. Design de assento confort\u00e1vel.<\/p>\n","protected":false},"excerpt":{"rendered":"<p>Assento Mar\u00edtimo Premium Fishing Branco 432x508x597mm &#8211; Assento estofado dobr\u00e1vel. Revestimento de Skay de grau marinho resistente. Corpo de pl\u00e1stico<\/p>\n","protected":false},"featured_media":5945299,"comment_status":"open","ping_status":"closed","template":"","meta":[],"product_brand":[2967],"product_cat":[1965],"product_tag":[],"class_list":{"0":"post-750192","1":"product","2":"type-product","3":"status-publish","4":"has-post-thumbnail","6":"product_brand-garelick-pt","7":"product_cat-assentos","9":"first","10":"instock","11":"shipping-taxable","12":"purchasable","13":"product-type-simple"},"_links":{"self":[{"href":"https:\/\/stoic-curie.212-227-153-4.plesk.page\/pt\/wp-json\/wp\/v2\/product\/750192","targetHints":{"allow":["GET"]}}],"collection":[{"href":"https:\/\/stoic-curie.212-227-153-4.plesk.page\/pt\/wp-json\/wp\/v2\/product"}],"about":[{"href":"https:\/\/stoic-curie.212-227-153-4.plesk.page\/pt\/wp-json\/wp\/v2\/types\/product"}],"replies":[{"embeddable":true,"href":"https:\/\/stoic-curie.212-227-153-4.plesk.page\/pt\/wp-json\/wp\/v2\/comments?post=750192"}],"version-history":[{"count":0,"href":"https:\/\/stoic-curie.212-227-153-4.plesk.page\/pt\/wp-json\/wp\/v2\/product\/750192\/revisions"}],"wp:featuredmedia":[{"embeddable":true,"href":"https:\/\/stoic-curie.212-227-153-4.plesk.page\/pt\/wp-json\/wp\/v2\/media\/5945299"}],"wp:attachment":[{"href":"https:\/\/stoic-curie.212-227-153-4.plesk.page\/pt\/wp-json\/wp\/v2\/media?parent=750192"}],"wp:term":[{"taxonomy":"product_brand","embeddable":true,"href":"https:\/\/stoic-curie.212-227-153-4.plesk.page\/pt\/wp-json\/wp\/v2\/product_brand?post=750192"},{"taxonomy":"product_cat","embeddable":true,"href":"https:\/\/stoic-curie.212-227-153-4.plesk.page\/pt\/wp-json\/wp\/v2\/product_cat?post=750192"},{"taxonomy":"product_tag","embeddable":true,"href":"https:\/\/stoic-curie.212-227-153-4.plesk.page\/pt\/wp-json\/wp\/v2\/product_tag?post=750192"}],"curies":[{"name":"wp","href":"https:\/\/api.w.org\/{rel}","templated":true}]}}