{"id":750199,"date":"2025-03-03T22:38:42","date_gmt":"2025-03-03T21:38:42","guid":{"rendered":"https:\/\/stoic-curie.212-227-153-4.plesk.page\/producto\/mesas-dobraveis-forma-marathon-m250h-88x51cm-a70cm\/"},"modified":"2026-02-25T00:28:13","modified_gmt":"2026-02-25T00:28:13","slug":"mesas-dobraveis-forma-marathon-m250h-88x51cm-a70cm","status":"publish","type":"product","link":"https:\/\/stoic-curie.212-227-153-4.plesk.page\/pt\/product\/mesas-dobraveis-forma-marathon-m250h-88x51cm-a70cm\/","title":{"rendered":"Mesas Dobr\u00e1veis Forma Marathon M250H 88x51cm A70cm"},"content":{"rendered":"<p>Mesas Dobr\u00e1veis Forma Marathon M250H 88x51cm A70cm &#8211; <\/p>\n<p>Mesas dobr\u00e1veis elegantes Marathon M250H &#8211; M450H. Estrutura de alum\u00ednio anodizado perfeitamente acabada. Tampo de melamina de qualidade superior, resistente \u00e0 umidade e aos raios UV. Cantos refor\u00e7ados em alum\u00ednio anodizado. Ferragens de a\u00e7o inoxid\u00e1vel.<\/p>\n","protected":false},"excerpt":{"rendered":"<p>Mesas Dobr\u00e1veis Forma Marathon M250H 88x51cm A70cm &#8211; Mesas dobr\u00e1veis elegantes Marathon M250H &#8211; M450H. Estrutura de alum\u00ednio anodizado perfeitamente<\/p>\n","protected":false},"featured_media":5945317,"comment_status":"open","ping_status":"closed","template":"","meta":[],"product_brand":[2952],"product_cat":[1929],"product_tag":[],"class_list":{"0":"post-750199","1":"product","2":"type-product","3":"status-publish","4":"has-post-thumbnail","6":"product_brand-forma-pt","7":"product_cat-mesas-e-cadeiras","9":"first","10":"instock","11":"shipping-taxable","12":"purchasable","13":"product-type-simple"},"_links":{"self":[{"href":"https:\/\/stoic-curie.212-227-153-4.plesk.page\/pt\/wp-json\/wp\/v2\/product\/750199","targetHints":{"allow":["GET"]}}],"collection":[{"href":"https:\/\/stoic-curie.212-227-153-4.plesk.page\/pt\/wp-json\/wp\/v2\/product"}],"about":[{"href":"https:\/\/stoic-curie.212-227-153-4.plesk.page\/pt\/wp-json\/wp\/v2\/types\/product"}],"replies":[{"embeddable":true,"href":"https:\/\/stoic-curie.212-227-153-4.plesk.page\/pt\/wp-json\/wp\/v2\/comments?post=750199"}],"version-history":[{"count":0,"href":"https:\/\/stoic-curie.212-227-153-4.plesk.page\/pt\/wp-json\/wp\/v2\/product\/750199\/revisions"}],"wp:featuredmedia":[{"embeddable":true,"href":"https:\/\/stoic-curie.212-227-153-4.plesk.page\/pt\/wp-json\/wp\/v2\/media\/5945317"}],"wp:attachment":[{"href":"https:\/\/stoic-curie.212-227-153-4.plesk.page\/pt\/wp-json\/wp\/v2\/media?parent=750199"}],"wp:term":[{"taxonomy":"product_brand","embeddable":true,"href":"https:\/\/stoic-curie.212-227-153-4.plesk.page\/pt\/wp-json\/wp\/v2\/product_brand?post=750199"},{"taxonomy":"product_cat","embeddable":true,"href":"https:\/\/stoic-curie.212-227-153-4.plesk.page\/pt\/wp-json\/wp\/v2\/product_cat?post=750199"},{"taxonomy":"product_tag","embeddable":true,"href":"https:\/\/stoic-curie.212-227-153-4.plesk.page\/pt\/wp-json\/wp\/v2\/product_tag?post=750199"}],"curies":[{"name":"wp","href":"https:\/\/api.w.org\/{rel}","templated":true}]}}