{"id":750204,"date":"2025-03-03T22:38:44","date_gmt":"2025-03-03T21:38:44","guid":{"rendered":"https:\/\/stoic-curie.212-227-153-4.plesk.page\/producto\/vigia-redonda-470mm-a50-em-latao-polido\/"},"modified":"2026-02-25T00:28:13","modified_gmt":"2026-02-25T00:28:13","slug":"vigia-redonda-470mm-a50-em-latao-polido","status":"publish","type":"product","link":"https:\/\/stoic-curie.212-227-153-4.plesk.page\/pt\/product\/vigia-redonda-470mm-a50-em-latao-polido\/","title":{"rendered":"Vigia Redonda 470mm A50 em Lat\u00e3o Polido"},"content":{"rendered":"<p>Vigia Redonda 470mm A50 em Lat\u00e3o Polido &#8211; <\/p>\n<p>Portlights redondos em lat\u00e3o polido com aro de acabamento inclu\u00eddo.<\/p>\n","protected":false},"excerpt":{"rendered":"<p>Vigia Redonda 470mm A50 em Lat\u00e3o Polido &#8211; Portlights redondos em lat\u00e3o polido com aro de acabamento inclu\u00eddo.<\/p>\n","protected":false},"featured_media":5936525,"comment_status":"open","ping_status":"closed","template":"","meta":[],"product_brand":[2947],"product_cat":[1927,1984],"product_tag":[],"class_list":{"0":"post-750204","1":"product","2":"type-product","3":"status-publish","4":"has-post-thumbnail","6":"product_brand-foresti-suardi-pt","7":"product_cat-decoracao-nautica","8":"product_cat-vigias","10":"first","11":"instock","12":"shipping-taxable","13":"purchasable","14":"product-type-simple"},"_links":{"self":[{"href":"https:\/\/stoic-curie.212-227-153-4.plesk.page\/pt\/wp-json\/wp\/v2\/product\/750204","targetHints":{"allow":["GET"]}}],"collection":[{"href":"https:\/\/stoic-curie.212-227-153-4.plesk.page\/pt\/wp-json\/wp\/v2\/product"}],"about":[{"href":"https:\/\/stoic-curie.212-227-153-4.plesk.page\/pt\/wp-json\/wp\/v2\/types\/product"}],"replies":[{"embeddable":true,"href":"https:\/\/stoic-curie.212-227-153-4.plesk.page\/pt\/wp-json\/wp\/v2\/comments?post=750204"}],"version-history":[{"count":0,"href":"https:\/\/stoic-curie.212-227-153-4.plesk.page\/pt\/wp-json\/wp\/v2\/product\/750204\/revisions"}],"wp:featuredmedia":[{"embeddable":true,"href":"https:\/\/stoic-curie.212-227-153-4.plesk.page\/pt\/wp-json\/wp\/v2\/media\/5936525"}],"wp:attachment":[{"href":"https:\/\/stoic-curie.212-227-153-4.plesk.page\/pt\/wp-json\/wp\/v2\/media?parent=750204"}],"wp:term":[{"taxonomy":"product_brand","embeddable":true,"href":"https:\/\/stoic-curie.212-227-153-4.plesk.page\/pt\/wp-json\/wp\/v2\/product_brand?post=750204"},{"taxonomy":"product_cat","embeddable":true,"href":"https:\/\/stoic-curie.212-227-153-4.plesk.page\/pt\/wp-json\/wp\/v2\/product_cat?post=750204"},{"taxonomy":"product_tag","embeddable":true,"href":"https:\/\/stoic-curie.212-227-153-4.plesk.page\/pt\/wp-json\/wp\/v2\/product_tag?post=750204"}],"curies":[{"name":"wp","href":"https:\/\/api.w.org\/{rel}","templated":true}]}}