{"id":750208,"date":"2025-03-03T22:38:45","date_gmt":"2025-03-03T21:38:45","guid":{"rendered":"https:\/\/stoic-curie.212-227-153-4.plesk.page\/producto\/vigia-oval-em-aco-inoxidavel-151x490mm\/"},"modified":"2026-02-25T00:28:13","modified_gmt":"2026-02-25T00:28:13","slug":"vigia-oval-em-aco-inoxidavel-151x490mm","status":"publish","type":"product","link":"https:\/\/stoic-curie.212-227-153-4.plesk.page\/pt\/product\/vigia-oval-em-aco-inoxidavel-151x490mm\/","title":{"rendered":"Vigia Oval em A\u00e7o Inoxid\u00e1vel 151x490mm"},"content":{"rendered":"<p>Vigia Oval em A\u00e7o Inoxid\u00e1vel 151x490mm &#8211; <\/p>\n<p>Porta oval fixa em vidro acr\u00edlico e estrutura de a\u00e7o inoxid\u00e1vel que n\u00e3o pode ser aberta.<\/p>\n","protected":false},"excerpt":{"rendered":"<p>Vigia Oval em A\u00e7o Inoxid\u00e1vel 151x490mm &#8211; Porta oval fixa em vidro acr\u00edlico e estrutura de a\u00e7o inoxid\u00e1vel que n\u00e3o<\/p>\n","protected":false},"featured_media":5945322,"comment_status":"open","ping_status":"closed","template":"","meta":[],"product_brand":[3167],"product_cat":[1989,1984],"product_tag":[],"class_list":{"0":"post-750208","1":"product","2":"type-product","3":"status-publish","4":"has-post-thumbnail","6":"product_brand-nautica-f4-pt","7":"product_cat-escotilhas","8":"product_cat-vigias","10":"first","11":"instock","12":"shipping-taxable","13":"purchasable","14":"product-type-simple"},"_links":{"self":[{"href":"https:\/\/stoic-curie.212-227-153-4.plesk.page\/pt\/wp-json\/wp\/v2\/product\/750208","targetHints":{"allow":["GET"]}}],"collection":[{"href":"https:\/\/stoic-curie.212-227-153-4.plesk.page\/pt\/wp-json\/wp\/v2\/product"}],"about":[{"href":"https:\/\/stoic-curie.212-227-153-4.plesk.page\/pt\/wp-json\/wp\/v2\/types\/product"}],"replies":[{"embeddable":true,"href":"https:\/\/stoic-curie.212-227-153-4.plesk.page\/pt\/wp-json\/wp\/v2\/comments?post=750208"}],"version-history":[{"count":0,"href":"https:\/\/stoic-curie.212-227-153-4.plesk.page\/pt\/wp-json\/wp\/v2\/product\/750208\/revisions"}],"wp:featuredmedia":[{"embeddable":true,"href":"https:\/\/stoic-curie.212-227-153-4.plesk.page\/pt\/wp-json\/wp\/v2\/media\/5945322"}],"wp:attachment":[{"href":"https:\/\/stoic-curie.212-227-153-4.plesk.page\/pt\/wp-json\/wp\/v2\/media?parent=750208"}],"wp:term":[{"taxonomy":"product_brand","embeddable":true,"href":"https:\/\/stoic-curie.212-227-153-4.plesk.page\/pt\/wp-json\/wp\/v2\/product_brand?post=750208"},{"taxonomy":"product_cat","embeddable":true,"href":"https:\/\/stoic-curie.212-227-153-4.plesk.page\/pt\/wp-json\/wp\/v2\/product_cat?post=750208"},{"taxonomy":"product_tag","embeddable":true,"href":"https:\/\/stoic-curie.212-227-153-4.plesk.page\/pt\/wp-json\/wp\/v2\/product_tag?post=750208"}],"curies":[{"name":"wp","href":"https:\/\/api.w.org\/{rel}","templated":true}]}}