{"id":750210,"date":"2025-03-03T22:38:46","date_gmt":"2025-03-03T21:38:46","guid":{"rendered":"https:\/\/stoic-curie.212-227-153-4.plesk.page\/producto\/vigia-aberta-oval-203x461mm-recorte-156x414mm-em-aco-inoxidavel\/"},"modified":"2026-02-25T00:28:13","modified_gmt":"2026-02-25T00:28:13","slug":"vigia-aberta-oval-203x461mm-recorte-156x414mm-em-aco-inoxidavel","status":"publish","type":"product","link":"https:\/\/stoic-curie.212-227-153-4.plesk.page\/pt\/product\/vigia-aberta-oval-203x461mm-recorte-156x414mm-em-aco-inoxidavel\/","title":{"rendered":"Vigia Aberta Oval 203x461mm Recorte 156x414mm em A\u00e7o Inoxid\u00e1vel"},"content":{"rendered":"<p>Vigia Aberta Oval 203x461mm Recorte 156x414mm em A\u00e7o Inoxid\u00e1vel &#8211; <\/p>\n<p>Portlight el\u00edptico em vidro acr\u00edlico e estrutura de a\u00e7o inoxid\u00e1vel que pode ser aberto.<\/p>\n","protected":false},"excerpt":{"rendered":"<p>Vigia Aberta Oval 203x461mm Recorte 156x414mm em A\u00e7o Inoxid\u00e1vel &#8211; Portlight el\u00edptico em vidro acr\u00edlico e estrutura de a\u00e7o inoxid\u00e1vel<\/p>\n","protected":false},"featured_media":5945323,"comment_status":"open","ping_status":"closed","template":"","meta":[],"product_brand":[3167],"product_cat":[1989,1984],"product_tag":[],"class_list":{"0":"post-750210","1":"product","2":"type-product","3":"status-publish","4":"has-post-thumbnail","6":"product_brand-nautica-f4-pt","7":"product_cat-escotilhas","8":"product_cat-vigias","10":"first","11":"instock","12":"shipping-taxable","13":"purchasable","14":"product-type-simple"},"_links":{"self":[{"href":"https:\/\/stoic-curie.212-227-153-4.plesk.page\/pt\/wp-json\/wp\/v2\/product\/750210","targetHints":{"allow":["GET"]}}],"collection":[{"href":"https:\/\/stoic-curie.212-227-153-4.plesk.page\/pt\/wp-json\/wp\/v2\/product"}],"about":[{"href":"https:\/\/stoic-curie.212-227-153-4.plesk.page\/pt\/wp-json\/wp\/v2\/types\/product"}],"replies":[{"embeddable":true,"href":"https:\/\/stoic-curie.212-227-153-4.plesk.page\/pt\/wp-json\/wp\/v2\/comments?post=750210"}],"version-history":[{"count":0,"href":"https:\/\/stoic-curie.212-227-153-4.plesk.page\/pt\/wp-json\/wp\/v2\/product\/750210\/revisions"}],"wp:featuredmedia":[{"embeddable":true,"href":"https:\/\/stoic-curie.212-227-153-4.plesk.page\/pt\/wp-json\/wp\/v2\/media\/5945323"}],"wp:attachment":[{"href":"https:\/\/stoic-curie.212-227-153-4.plesk.page\/pt\/wp-json\/wp\/v2\/media?parent=750210"}],"wp:term":[{"taxonomy":"product_brand","embeddable":true,"href":"https:\/\/stoic-curie.212-227-153-4.plesk.page\/pt\/wp-json\/wp\/v2\/product_brand?post=750210"},{"taxonomy":"product_cat","embeddable":true,"href":"https:\/\/stoic-curie.212-227-153-4.plesk.page\/pt\/wp-json\/wp\/v2\/product_cat?post=750210"},{"taxonomy":"product_tag","embeddable":true,"href":"https:\/\/stoic-curie.212-227-153-4.plesk.page\/pt\/wp-json\/wp\/v2\/product_tag?post=750210"}],"curies":[{"name":"wp","href":"https:\/\/api.w.org\/{rel}","templated":true}]}}