{"id":750224,"date":"2025-03-03T22:43:17","date_gmt":"2025-03-03T21:43:17","guid":{"rendered":"https:\/\/stoic-curie.212-227-153-4.plesk.page\/producto\/escotilhas-de-saralon-jba-520-x-385mm\/"},"modified":"2026-02-25T00:28:13","modified_gmt":"2026-02-25T00:28:13","slug":"escotilhas-de-saralon-jba-520-x-385mm","status":"publish","type":"product","link":"https:\/\/stoic-curie.212-227-153-4.plesk.page\/pt\/product\/escotilhas-de-saralon-jba-520-x-385mm\/","title":{"rendered":"Escotilhas de Saralon JBA 520 x 385mm"},"content":{"rendered":"<p>Escotilhas de Saralon JBA 520 x 385mm &#8211; <\/p>\n<p>Resistente \u00e0s intemp\u00e9ries, a impactos, a solventes e aos raios UV, a abertura de ventila\u00e7\u00e3o com estrutura de resina de polipropileno Saralon \u00e9 quase indestrut\u00edvel. Lente de vidro temperado resistente a impactos e arranh\u00f5es para uma clareza perfeita. Anel de acabamento inclu\u00eddo. Altura de 28 mm do conv\u00e9s. \u00c1reas aprovadas pela CE: II.<\/p>\n","protected":false},"excerpt":{"rendered":"<p>Escotilhas de Saralon JBA 520 x 385mm &#8211; Resistente \u00e0s intemp\u00e9ries, a impactos, a solventes e aos raios UV, a<\/p>\n","protected":false},"featured_media":5937016,"comment_status":"open","ping_status":"closed","template":"","meta":[],"product_brand":[3037],"product_cat":[1989],"product_tag":[],"class_list":{"0":"post-750224","1":"product","2":"type-product","3":"status-publish","4":"has-post-thumbnail","6":"product_brand-jba-marine-pt","7":"product_cat-escotilhas","9":"first","10":"instock","11":"shipping-taxable","12":"purchasable","13":"product-type-simple"},"_links":{"self":[{"href":"https:\/\/stoic-curie.212-227-153-4.plesk.page\/pt\/wp-json\/wp\/v2\/product\/750224","targetHints":{"allow":["GET"]}}],"collection":[{"href":"https:\/\/stoic-curie.212-227-153-4.plesk.page\/pt\/wp-json\/wp\/v2\/product"}],"about":[{"href":"https:\/\/stoic-curie.212-227-153-4.plesk.page\/pt\/wp-json\/wp\/v2\/types\/product"}],"replies":[{"embeddable":true,"href":"https:\/\/stoic-curie.212-227-153-4.plesk.page\/pt\/wp-json\/wp\/v2\/comments?post=750224"}],"version-history":[{"count":0,"href":"https:\/\/stoic-curie.212-227-153-4.plesk.page\/pt\/wp-json\/wp\/v2\/product\/750224\/revisions"}],"wp:featuredmedia":[{"embeddable":true,"href":"https:\/\/stoic-curie.212-227-153-4.plesk.page\/pt\/wp-json\/wp\/v2\/media\/5937016"}],"wp:attachment":[{"href":"https:\/\/stoic-curie.212-227-153-4.plesk.page\/pt\/wp-json\/wp\/v2\/media?parent=750224"}],"wp:term":[{"taxonomy":"product_brand","embeddable":true,"href":"https:\/\/stoic-curie.212-227-153-4.plesk.page\/pt\/wp-json\/wp\/v2\/product_brand?post=750224"},{"taxonomy":"product_cat","embeddable":true,"href":"https:\/\/stoic-curie.212-227-153-4.plesk.page\/pt\/wp-json\/wp\/v2\/product_cat?post=750224"},{"taxonomy":"product_tag","embeddable":true,"href":"https:\/\/stoic-curie.212-227-153-4.plesk.page\/pt\/wp-json\/wp\/v2\/product_tag?post=750224"}],"curies":[{"name":"wp","href":"https:\/\/api.w.org\/{rel}","templated":true}]}}