{"id":750227,"date":"2025-03-03T22:43:18","date_gmt":"2025-03-03T21:43:18","guid":{"rendered":"https:\/\/stoic-curie.212-227-153-4.plesk.page\/producto\/perfil-de-vedacao-em-neoprene-armflex-lateral-de-12mm-15-metros\/"},"modified":"2026-02-25T00:28:13","modified_gmt":"2026-02-25T00:28:13","slug":"perfil-de-vedacao-em-neoprene-armflex-lateral-de-12mm-15-metros","status":"publish","type":"product","link":"https:\/\/stoic-curie.212-227-153-4.plesk.page\/pt\/product\/perfil-de-vedacao-em-neoprene-armflex-lateral-de-12mm-15-metros\/","title":{"rendered":"Perfil de Veda\u00e7\u00e3o em Neoprene Armflex (Lateral de 12mm) 15 metros"},"content":{"rendered":"<p>Perfil de Veda\u00e7\u00e3o em Neoprene Armflex (Lateral de 12mm) 15 metros &#8211; <\/p>\n<p>Veda\u00e7\u00e3o imperme\u00e1vel Trim-Lok para portas, escotilhas e fechos. Composto por um anel de borracha EPDM expandido extrudido sobre um perfil de PVC. \u00c9 facilmente montado gra\u00e7as \u00e0 estrutura com um n\u00facleo de alum\u00ednio segmentado que se adapta \u00e0 forma da borda a ser coberta. A aba de bloqueio garante um selamento perfeito mesmo sem adesivo. Pacote de 15 metros.<\/p>\n","protected":false},"excerpt":{"rendered":"<p>Perfil de Veda\u00e7\u00e3o em Neoprene Armflex (Lateral de 12mm) 15 metros &#8211; Veda\u00e7\u00e3o imperme\u00e1vel Trim-Lok para portas, escotilhas e fechos.<\/p>\n","protected":false},"featured_media":5940176,"comment_status":"open","ping_status":"closed","template":"","meta":[],"product_brand":[3482],"product_cat":[1989],"product_tag":[],"class_list":{"0":"post-750227","1":"product","2":"type-product","3":"status-publish","4":"has-post-thumbnail","6":"product_brand-tessilmare-pt","7":"product_cat-escotilhas","9":"first","10":"instock","11":"shipping-taxable","12":"purchasable","13":"product-type-simple"},"_links":{"self":[{"href":"https:\/\/stoic-curie.212-227-153-4.plesk.page\/pt\/wp-json\/wp\/v2\/product\/750227","targetHints":{"allow":["GET"]}}],"collection":[{"href":"https:\/\/stoic-curie.212-227-153-4.plesk.page\/pt\/wp-json\/wp\/v2\/product"}],"about":[{"href":"https:\/\/stoic-curie.212-227-153-4.plesk.page\/pt\/wp-json\/wp\/v2\/types\/product"}],"replies":[{"embeddable":true,"href":"https:\/\/stoic-curie.212-227-153-4.plesk.page\/pt\/wp-json\/wp\/v2\/comments?post=750227"}],"version-history":[{"count":0,"href":"https:\/\/stoic-curie.212-227-153-4.plesk.page\/pt\/wp-json\/wp\/v2\/product\/750227\/revisions"}],"wp:featuredmedia":[{"embeddable":true,"href":"https:\/\/stoic-curie.212-227-153-4.plesk.page\/pt\/wp-json\/wp\/v2\/media\/5940176"}],"wp:attachment":[{"href":"https:\/\/stoic-curie.212-227-153-4.plesk.page\/pt\/wp-json\/wp\/v2\/media?parent=750227"}],"wp:term":[{"taxonomy":"product_brand","embeddable":true,"href":"https:\/\/stoic-curie.212-227-153-4.plesk.page\/pt\/wp-json\/wp\/v2\/product_brand?post=750227"},{"taxonomy":"product_cat","embeddable":true,"href":"https:\/\/stoic-curie.212-227-153-4.plesk.page\/pt\/wp-json\/wp\/v2\/product_cat?post=750227"},{"taxonomy":"product_tag","embeddable":true,"href":"https:\/\/stoic-curie.212-227-153-4.plesk.page\/pt\/wp-json\/wp\/v2\/product_tag?post=750227"}],"curies":[{"name":"wp","href":"https:\/\/api.w.org\/{rel}","templated":true}]}}