{"id":750228,"date":"2025-03-03T22:43:18","date_gmt":"2025-03-03T21:43:18","guid":{"rendered":"https:\/\/stoic-curie.212-227-153-4.plesk.page\/producto\/perfil-de-vedacao-com-trava-4-65x4-65mm-15-metros\/"},"modified":"2026-02-25T00:28:13","modified_gmt":"2026-02-25T00:28:13","slug":"perfil-de-vedacao-com-trava-4-65x4-65mm-15-metros","status":"publish","type":"product","link":"https:\/\/stoic-curie.212-227-153-4.plesk.page\/pt\/product\/perfil-de-vedacao-com-trava-4-65x4-65mm-15-metros\/","title":{"rendered":"Perfil de Veda\u00e7\u00e3o com Trava 4\/6,5X4\/6,5mm &#8211; 15 metros"},"content":{"rendered":"<p>Perfil de Veda\u00e7\u00e3o com Trava 4\/6,5X4\/6,5mm &#8211; 15 metros &#8211; <\/p>\n<p>Veda\u00e7\u00e3o Trim-Lok \u00e0 prova d&#8217;\u00e1gua para montagem e fixa\u00e7\u00e3o de pain\u00e9is de vidro ou plexiglass em furos de divis\u00f3rias. \u00c9 facilmente montado gra\u00e7as \u00e0 estrutura de borracha EPDM expandida, que se adapta perfeitamente \u00e0 forma da borda. Uma vez inserido, o perfil de bloqueio cria a press\u00e3o necess\u00e1ria para manter o vidro no lugar. Embalagem de 15 metros.<\/p>\n","protected":false},"excerpt":{"rendered":"<p>Perfil de Veda\u00e7\u00e3o com Trava 4\/6,5X4\/6,5mm &#8211; 15 metros &#8211; Veda\u00e7\u00e3o Trim-Lok \u00e0 prova d&#8217;\u00e1gua para montagem e fixa\u00e7\u00e3o de<\/p>\n","protected":false},"featured_media":5944421,"comment_status":"open","ping_status":"closed","template":"","meta":[],"product_brand":[3482],"product_cat":[1989],"product_tag":[],"class_list":{"0":"post-750228","1":"product","2":"type-product","3":"status-publish","4":"has-post-thumbnail","6":"product_brand-tessilmare-pt","7":"product_cat-escotilhas","9":"first","10":"instock","11":"shipping-taxable","12":"purchasable","13":"product-type-simple"},"_links":{"self":[{"href":"https:\/\/stoic-curie.212-227-153-4.plesk.page\/pt\/wp-json\/wp\/v2\/product\/750228","targetHints":{"allow":["GET"]}}],"collection":[{"href":"https:\/\/stoic-curie.212-227-153-4.plesk.page\/pt\/wp-json\/wp\/v2\/product"}],"about":[{"href":"https:\/\/stoic-curie.212-227-153-4.plesk.page\/pt\/wp-json\/wp\/v2\/types\/product"}],"replies":[{"embeddable":true,"href":"https:\/\/stoic-curie.212-227-153-4.plesk.page\/pt\/wp-json\/wp\/v2\/comments?post=750228"}],"version-history":[{"count":0,"href":"https:\/\/stoic-curie.212-227-153-4.plesk.page\/pt\/wp-json\/wp\/v2\/product\/750228\/revisions"}],"wp:featuredmedia":[{"embeddable":true,"href":"https:\/\/stoic-curie.212-227-153-4.plesk.page\/pt\/wp-json\/wp\/v2\/media\/5944421"}],"wp:attachment":[{"href":"https:\/\/stoic-curie.212-227-153-4.plesk.page\/pt\/wp-json\/wp\/v2\/media?parent=750228"}],"wp:term":[{"taxonomy":"product_brand","embeddable":true,"href":"https:\/\/stoic-curie.212-227-153-4.plesk.page\/pt\/wp-json\/wp\/v2\/product_brand?post=750228"},{"taxonomy":"product_cat","embeddable":true,"href":"https:\/\/stoic-curie.212-227-153-4.plesk.page\/pt\/wp-json\/wp\/v2\/product_cat?post=750228"},{"taxonomy":"product_tag","embeddable":true,"href":"https:\/\/stoic-curie.212-227-153-4.plesk.page\/pt\/wp-json\/wp\/v2\/product_tag?post=750228"}],"curies":[{"name":"wp","href":"https:\/\/api.w.org\/{rel}","templated":true}]}}