{"id":750229,"date":"2025-03-03T22:43:19","date_gmt":"2025-03-03T21:43:19","guid":{"rendered":"https:\/\/stoic-curie.212-227-153-4.plesk.page\/producto\/escotilhas-saralon-407-x-458mm\/"},"modified":"2026-02-25T00:28:13","modified_gmt":"2026-02-25T00:28:13","slug":"escotilhas-saralon-407-x-458mm","status":"publish","type":"product","link":"https:\/\/stoic-curie.212-227-153-4.plesk.page\/pt\/product\/escotilhas-saralon-407-x-458mm\/","title":{"rendered":"Escotilhas Saralon 407 x 458mm"},"content":{"rendered":"<p>Escotilhas Saralon 407 x 458mm &#8211; <\/p>\n<p>Porta de escotilha de resina de polipropileno Saralon quase indestrut\u00edvel. Transpon\u00edvel, \u00e0 prova de choque e n\u00e3o pode ser danificada por raios UV, solventes e combust\u00edveis. Abertura de 180\u00b0 com dobradi\u00e7as em a\u00e7o inoxid\u00e1vel. Junta embutida garante um selo herm\u00e9tico perfeito. Montagem no conv\u00e9s ou parede. Certificado CE.<\/p>\n","protected":false},"excerpt":{"rendered":"<p>Escotilhas Saralon 407 x 458mm &#8211; Porta de escotilha de resina de polipropileno Saralon quase indestrut\u00edvel. Transpon\u00edvel, \u00e0 prova de<\/p>\n","protected":false},"featured_media":5940198,"comment_status":"open","ping_status":"closed","template":"","meta":[],"product_brand":[3037],"product_cat":[1982],"product_tag":[],"class_list":{"0":"post-750229","1":"product","2":"type-product","3":"status-publish","4":"has-post-thumbnail","6":"product_brand-jba-marine-pt","7":"product_cat-escotilhas-plasticas","9":"first","10":"instock","11":"shipping-taxable","12":"purchasable","13":"product-type-simple"},"_links":{"self":[{"href":"https:\/\/stoic-curie.212-227-153-4.plesk.page\/pt\/wp-json\/wp\/v2\/product\/750229","targetHints":{"allow":["GET"]}}],"collection":[{"href":"https:\/\/stoic-curie.212-227-153-4.plesk.page\/pt\/wp-json\/wp\/v2\/product"}],"about":[{"href":"https:\/\/stoic-curie.212-227-153-4.plesk.page\/pt\/wp-json\/wp\/v2\/types\/product"}],"replies":[{"embeddable":true,"href":"https:\/\/stoic-curie.212-227-153-4.plesk.page\/pt\/wp-json\/wp\/v2\/comments?post=750229"}],"version-history":[{"count":0,"href":"https:\/\/stoic-curie.212-227-153-4.plesk.page\/pt\/wp-json\/wp\/v2\/product\/750229\/revisions"}],"wp:featuredmedia":[{"embeddable":true,"href":"https:\/\/stoic-curie.212-227-153-4.plesk.page\/pt\/wp-json\/wp\/v2\/media\/5940198"}],"wp:attachment":[{"href":"https:\/\/stoic-curie.212-227-153-4.plesk.page\/pt\/wp-json\/wp\/v2\/media?parent=750229"}],"wp:term":[{"taxonomy":"product_brand","embeddable":true,"href":"https:\/\/stoic-curie.212-227-153-4.plesk.page\/pt\/wp-json\/wp\/v2\/product_brand?post=750229"},{"taxonomy":"product_cat","embeddable":true,"href":"https:\/\/stoic-curie.212-227-153-4.plesk.page\/pt\/wp-json\/wp\/v2\/product_cat?post=750229"},{"taxonomy":"product_tag","embeddable":true,"href":"https:\/\/stoic-curie.212-227-153-4.plesk.page\/pt\/wp-json\/wp\/v2\/product_tag?post=750229"}],"curies":[{"name":"wp","href":"https:\/\/api.w.org\/{rel}","templated":true}]}}