{"id":750230,"date":"2025-03-03T22:43:19","date_gmt":"2025-03-03T21:43:19","guid":{"rendered":"https:\/\/stoic-curie.212-227-153-4.plesk.page\/producto\/escotilhas-saralon-331-x-585mm\/"},"modified":"2026-02-25T00:28:13","modified_gmt":"2026-02-25T00:28:13","slug":"escotilhas-saralon-331-x-585mm","status":"publish","type":"product","link":"https:\/\/stoic-curie.212-227-153-4.plesk.page\/pt\/product\/escotilhas-saralon-331-x-585mm\/","title":{"rendered":"Escotilhas Saralon 331 x 585mm"},"content":{"rendered":"<p>Escotilhas Saralon 331 x 585mm &#8211; <\/p>\n<p>Porta de escotilha de resina de polipropileno Saralon quase indestrut\u00edvel. Transpon\u00edvel, \u00e0 prova de choque, resistente aos raios UV, solventes e combust\u00edveis. Abertura de 180\u00b0 com dobradi\u00e7as de a\u00e7o inoxid\u00e1vel. Junta embutida garante uma veda\u00e7\u00e3o \u00e0 prova d&#8217;\u00e1gua perfeita. Montagem no conv\u00e9s ou na parede. Certificado CE.<\/p>\n","protected":false},"excerpt":{"rendered":"<p>Escotilhas Saralon 331 x 585mm &#8211; Porta de escotilha de resina de polipropileno Saralon quase indestrut\u00edvel. Transpon\u00edvel, \u00e0 prova de<\/p>\n","protected":false},"featured_media":5945338,"comment_status":"open","ping_status":"closed","template":"","meta":[],"product_brand":[3037],"product_cat":[1982],"product_tag":[],"class_list":{"0":"post-750230","1":"product","2":"type-product","3":"status-publish","4":"has-post-thumbnail","6":"product_brand-jba-marine-pt","7":"product_cat-escotilhas-plasticas","9":"first","10":"instock","11":"shipping-taxable","12":"purchasable","13":"product-type-simple"},"_links":{"self":[{"href":"https:\/\/stoic-curie.212-227-153-4.plesk.page\/pt\/wp-json\/wp\/v2\/product\/750230","targetHints":{"allow":["GET"]}}],"collection":[{"href":"https:\/\/stoic-curie.212-227-153-4.plesk.page\/pt\/wp-json\/wp\/v2\/product"}],"about":[{"href":"https:\/\/stoic-curie.212-227-153-4.plesk.page\/pt\/wp-json\/wp\/v2\/types\/product"}],"replies":[{"embeddable":true,"href":"https:\/\/stoic-curie.212-227-153-4.plesk.page\/pt\/wp-json\/wp\/v2\/comments?post=750230"}],"version-history":[{"count":0,"href":"https:\/\/stoic-curie.212-227-153-4.plesk.page\/pt\/wp-json\/wp\/v2\/product\/750230\/revisions"}],"wp:featuredmedia":[{"embeddable":true,"href":"https:\/\/stoic-curie.212-227-153-4.plesk.page\/pt\/wp-json\/wp\/v2\/media\/5945338"}],"wp:attachment":[{"href":"https:\/\/stoic-curie.212-227-153-4.plesk.page\/pt\/wp-json\/wp\/v2\/media?parent=750230"}],"wp:term":[{"taxonomy":"product_brand","embeddable":true,"href":"https:\/\/stoic-curie.212-227-153-4.plesk.page\/pt\/wp-json\/wp\/v2\/product_brand?post=750230"},{"taxonomy":"product_cat","embeddable":true,"href":"https:\/\/stoic-curie.212-227-153-4.plesk.page\/pt\/wp-json\/wp\/v2\/product_cat?post=750230"},{"taxonomy":"product_tag","embeddable":true,"href":"https:\/\/stoic-curie.212-227-153-4.plesk.page\/pt\/wp-json\/wp\/v2\/product_tag?post=750230"}],"curies":[{"name":"wp","href":"https:\/\/api.w.org\/{rel}","templated":true}]}}