{"id":750238,"date":"2025-03-03T22:43:21","date_gmt":"2025-03-03T21:43:21","guid":{"rendered":"https:\/\/stoic-curie.212-227-153-4.plesk.page\/producto\/fogao-combinado-em-aco-inoxidavel-com-pia-mao-direita-530-x-340-x-150mm-1-bico\/"},"modified":"2026-02-25T00:28:13","modified_gmt":"2026-02-25T00:28:13","slug":"fogao-combinado-em-aco-inoxidavel-com-pia-mao-direita-530-x-340-x-150mm-1-bico","status":"publish","type":"product","link":"https:\/\/stoic-curie.212-227-153-4.plesk.page\/pt\/product\/fogao-combinado-em-aco-inoxidavel-com-pia-mao-direita-530-x-340-x-150mm-1-bico\/","title":{"rendered":"Fog\u00e3o Combinado em A\u00e7o Inoxid\u00e1vel com Pia (M\u00e3o Direita) 530 x 340 x 150mm (1 Bico)"},"content":{"rendered":"<p>Fog\u00e3o Combinado em A\u00e7o Inoxid\u00e1vel com Pia (M\u00e3o Direita) 530 x 340 x 150mm (1 Bico) &#8211; <\/p>\n<p>1 queimador de vidro preto temperado e bacia de a\u00e7o inoxid\u00e1vel. Completo com termopares e igni\u00e7\u00e3o piezoel\u00e9trica. Deve ser equipado com um grande dreno de pia e torneira de bico.<\/p>\n","protected":false},"excerpt":{"rendered":"<p>Fog\u00e3o Combinado em A\u00e7o Inoxid\u00e1vel com Pia (M\u00e3o Direita) 530 x 340 x 150mm (1 Bico) &#8211; 1 queimador de<\/p>\n","protected":false},"featured_media":5945345,"comment_status":"open","ping_status":"closed","template":"","meta":[],"product_brand":[2857],"product_cat":[1928,1950],"product_tag":[],"class_list":{"0":"post-750238","1":"product","2":"type-product","3":"status-publish","4":"has-post-thumbnail","6":"product_brand-can-marine-pt","7":"product_cat-fornos-e-fogoes","8":"product_cat-lava-loicas","10":"first","11":"instock","12":"shipping-taxable","13":"purchasable","14":"product-type-simple"},"_links":{"self":[{"href":"https:\/\/stoic-curie.212-227-153-4.plesk.page\/pt\/wp-json\/wp\/v2\/product\/750238","targetHints":{"allow":["GET"]}}],"collection":[{"href":"https:\/\/stoic-curie.212-227-153-4.plesk.page\/pt\/wp-json\/wp\/v2\/product"}],"about":[{"href":"https:\/\/stoic-curie.212-227-153-4.plesk.page\/pt\/wp-json\/wp\/v2\/types\/product"}],"replies":[{"embeddable":true,"href":"https:\/\/stoic-curie.212-227-153-4.plesk.page\/pt\/wp-json\/wp\/v2\/comments?post=750238"}],"version-history":[{"count":0,"href":"https:\/\/stoic-curie.212-227-153-4.plesk.page\/pt\/wp-json\/wp\/v2\/product\/750238\/revisions"}],"wp:featuredmedia":[{"embeddable":true,"href":"https:\/\/stoic-curie.212-227-153-4.plesk.page\/pt\/wp-json\/wp\/v2\/media\/5945345"}],"wp:attachment":[{"href":"https:\/\/stoic-curie.212-227-153-4.plesk.page\/pt\/wp-json\/wp\/v2\/media?parent=750238"}],"wp:term":[{"taxonomy":"product_brand","embeddable":true,"href":"https:\/\/stoic-curie.212-227-153-4.plesk.page\/pt\/wp-json\/wp\/v2\/product_brand?post=750238"},{"taxonomy":"product_cat","embeddable":true,"href":"https:\/\/stoic-curie.212-227-153-4.plesk.page\/pt\/wp-json\/wp\/v2\/product_cat?post=750238"},{"taxonomy":"product_tag","embeddable":true,"href":"https:\/\/stoic-curie.212-227-153-4.plesk.page\/pt\/wp-json\/wp\/v2\/product_tag?post=750238"}],"curies":[{"name":"wp","href":"https:\/\/api.w.org\/{rel}","templated":true}]}}