{"id":750240,"date":"2025-03-03T22:43:22","date_gmt":"2025-03-03T21:43:22","guid":{"rendered":"https:\/\/stoic-curie.212-227-153-4.plesk.page\/producto\/fogao-a-gas-em-aco-inoxidavel-com-forno-can-3-bicos\/"},"modified":"2026-02-25T00:28:13","modified_gmt":"2026-02-25T00:28:13","slug":"fogao-a-gas-em-aco-inoxidavel-com-forno-can-3-bicos","status":"publish","type":"product","link":"https:\/\/stoic-curie.212-227-153-4.plesk.page\/pt\/product\/fogao-a-gas-em-aco-inoxidavel-com-forno-can-3-bicos\/","title":{"rendered":"Fog\u00e3o a G\u00e1s em A\u00e7o Inoxid\u00e1vel com Forno Can 3 Bicos"},"content":{"rendered":"<p>Fog\u00e3o a G\u00e1s em A\u00e7o Inoxid\u00e1vel com Forno Can 3 Bicos &#8211; <\/p>\n<p style=\"color: rgb(34, 34, 34); font-family: Arial, Helvetica, sans-serif; font-size: small;\">Apresentamos nosso fog\u00e3o a g\u00e1s de a\u00e7o inoxid\u00e1vel de alta qualidade, apresentando um topo de vidro temperado e um forno espa\u00e7oso de 30 litros. Este modelo inclui igni\u00e7\u00e3o piezoel\u00e9trica e v\u00e1lvulas de seguran\u00e7a em todos os queimadores para maior seguran\u00e7a. O design da grade nivelada permite um deslize f\u00e1cil das panelas, enquanto o forno est\u00e1 equipado com um cabo ergon\u00f4mico, uma porta ventilada e vidro duplo com um term\u00f4metro embutido. Tamb\u00e9m vem com uma grade de forno, dissipador de calor e capas de queimador de alum\u00ednio. O queimador \u00fanico fornece 1900 W de pot\u00eancia, e o forno opera a 2000 W, garantindo excelente design, qualidade e desempenho.<\/p>\n<p style=\"color: rgb(34, 34, 34); font-family: Arial, Helvetica, sans-serif; font-size: small;\">Este forno a g\u00e1s dur\u00e1vel possui tr\u00eas queimadores e \u00e9 constru\u00eddo em a\u00e7o inoxid\u00e1vel robusto. Sua superf\u00edcie de vidro t\u00e9rmico preto elegante adiciona um toque atraente a qualquer cozinha. \u00c9 adequado para instala\u00e7\u00f5es fixas e semi-piv\u00f4s, e vem com um kit de montagem completo.<\/p>\n<p style=\"color: rgb(34, 34, 34); font-family: Arial, Helvetica, sans-serif; font-size: small;\"><strong>Dados T\u00e9cnicos<\/strong><\/p>\n<ul style=\"color: rgb(34, 34, 34); font-family: Arial, Helvetica, sans-serif; font-size: small;\">\n<li><strong>N\u00famero de queimadores:<\/strong>\u00a03<\/li>\n<li><strong>Capacidade do forno:<\/strong>\u00a030 litros<\/li>\n<li><strong>Fus\u00edvel:<\/strong>\u00a0T\u00e9rmico<\/li>\n<li><strong>Press\u00e3o do g\u00e1s:<\/strong>\u00a030 mBar<\/li>\n<li><strong>Poder do forno:<\/strong>\u00a01900 W<\/li>\n<li><strong>Sa\u00edda do queimador:<\/strong>\u00a01x queimador pequeno: 1000 W; 2x queimadores grandes: 1750 W cada<\/li>\n<li><strong>Material:<\/strong>\u00a0A\u00e7o inoxid\u00e1vel<\/li>\n<li><strong>Peso l\u00edquido:<\/strong>\u00a023 kg<\/li>\n<li><strong>Dimens\u00f5es (LxPxA):<\/strong>\u00a0500 x 410 x 458 mm<\/li>\n<\/ul>\n","protected":false},"excerpt":{"rendered":"<p>Fog\u00e3o a G\u00e1s em A\u00e7o Inoxid\u00e1vel com Forno Can 3 Bicos &#8211; Apresentamos nosso fog\u00e3o a g\u00e1s de a\u00e7o inoxid\u00e1vel<\/p>\n","protected":false},"featured_media":5945347,"comment_status":"open","ping_status":"closed","template":"","meta":[],"product_brand":[2857],"product_cat":[1928],"product_tag":[],"class_list":{"0":"post-750240","1":"product","2":"type-product","3":"status-publish","4":"has-post-thumbnail","6":"product_brand-can-marine-pt","7":"product_cat-fornos-e-fogoes","9":"first","10":"instock","11":"shipping-taxable","12":"purchasable","13":"product-type-simple"},"_links":{"self":[{"href":"https:\/\/stoic-curie.212-227-153-4.plesk.page\/pt\/wp-json\/wp\/v2\/product\/750240","targetHints":{"allow":["GET"]}}],"collection":[{"href":"https:\/\/stoic-curie.212-227-153-4.plesk.page\/pt\/wp-json\/wp\/v2\/product"}],"about":[{"href":"https:\/\/stoic-curie.212-227-153-4.plesk.page\/pt\/wp-json\/wp\/v2\/types\/product"}],"replies":[{"embeddable":true,"href":"https:\/\/stoic-curie.212-227-153-4.plesk.page\/pt\/wp-json\/wp\/v2\/comments?post=750240"}],"version-history":[{"count":0,"href":"https:\/\/stoic-curie.212-227-153-4.plesk.page\/pt\/wp-json\/wp\/v2\/product\/750240\/revisions"}],"wp:featuredmedia":[{"embeddable":true,"href":"https:\/\/stoic-curie.212-227-153-4.plesk.page\/pt\/wp-json\/wp\/v2\/media\/5945347"}],"wp:attachment":[{"href":"https:\/\/stoic-curie.212-227-153-4.plesk.page\/pt\/wp-json\/wp\/v2\/media?parent=750240"}],"wp:term":[{"taxonomy":"product_brand","embeddable":true,"href":"https:\/\/stoic-curie.212-227-153-4.plesk.page\/pt\/wp-json\/wp\/v2\/product_brand?post=750240"},{"taxonomy":"product_cat","embeddable":true,"href":"https:\/\/stoic-curie.212-227-153-4.plesk.page\/pt\/wp-json\/wp\/v2\/product_cat?post=750240"},{"taxonomy":"product_tag","embeddable":true,"href":"https:\/\/stoic-curie.212-227-153-4.plesk.page\/pt\/wp-json\/wp\/v2\/product_tag?post=750240"}],"curies":[{"name":"wp","href":"https:\/\/api.w.org\/{rel}","templated":true}]}}