{"id":750243,"date":"2025-03-03T22:43:23","date_gmt":"2025-03-03T21:43:23","guid":{"rendered":"https:\/\/stoic-curie.212-227-153-4.plesk.page\/producto\/maquina-de-gelo-em-aco-inoxidavel-vitrifrigo-hydro-24v\/"},"modified":"2026-02-25T00:28:13","modified_gmt":"2026-02-25T00:28:13","slug":"maquina-de-gelo-em-aco-inoxidavel-vitrifrigo-hydro-24v","status":"publish","type":"product","link":"https:\/\/stoic-curie.212-227-153-4.plesk.page\/pt\/product\/maquina-de-gelo-em-aco-inoxidavel-vitrifrigo-hydro-24v\/","title":{"rendered":"M\u00e1quina de Gelo em A\u00e7o Inoxid\u00e1vel Vitrifrigo Hydro 24v"},"content":{"rendered":"<p>M\u00e1quina de Gelo em A\u00e7o Inoxid\u00e1vel Vitrifrigo Hydro 24v &#8211; <\/p>\n<p style=\"color: rgb(34, 34, 34); font-family: Arial, Helvetica, sans-serif; font-size: small;\">Apresentamos a m\u00e1quina de gelo IM CL OCX2 Hydro da Vitrifrigo, uma m\u00e1quina de gelo mec\u00e2nica projetada com um exterior robusto de a\u00e7o inoxid\u00e1vel e uma unidade de refrigera\u00e7\u00e3o integrada. Este modelo conta com um painel de controle LED \u00e0 prova d&#8217;\u00e1gua, permitindo que os usu\u00e1rios ajustem facilmente as configura\u00e7\u00f5es do congelador e monitorem o n\u00edvel de \u00e1gua nas vers\u00f5es recarreg\u00e1veis. O perfil de fixa\u00e7\u00e3o inclu\u00eddo permite que a porta seja instalada total ou parcialmente embutida, proporcionando flexibilidade na instala\u00e7\u00e3o.<\/p>\n<p style=\"color: rgb(34, 34, 34); font-family: Arial, Helvetica, sans-serif; font-size: small;\">A al\u00e7a inovadora Steelock Vent Position facilita a ventila\u00e7\u00e3o durante per\u00edodos de inatividade, evitando o ac\u00famulo de mofo e odores desagrad\u00e1veis. Com uma alimenta\u00e7\u00e3o de 220V e um consumo de 180W, esta m\u00e1quina de gelo pode produzir impressionantes 8 kg de gelo a cada 24 horas.<\/p>\n<p style=\"color: rgb(34, 34, 34); font-family: Arial, Helvetica, sans-serif; font-size: small;\">O IM CL OCX2 Hydro \u00e9 projetado especificamente para ambientes marinhos e pode ser conectado diretamente ao sistema de \u00e1gua pot\u00e1vel a bordo, eliminando a necessidade de uma bandeja de gelo separada. Para maior higiene, um sistema opcional de purifica\u00e7\u00e3o de \u00e1gua UV est\u00e1 dispon\u00edvel.<\/p>\n<p style=\"color: rgb(34, 34, 34); font-family: Arial, Helvetica, sans-serif; font-size: small;\">Especifica\u00e7\u00f5es chave:<\/p>\n<ul style=\"color: rgb(34, 34, 34); font-family: Arial, Helvetica, sans-serif; font-size: small;\">\n<li>Acabamento da porta: A\u00e7o inoxid\u00e1vel<\/li>\n<li>Capacidade: 24 litros<\/li>\n<li>Altura: 702 mm<\/li>\n<li>Comprimento: 416 mm<\/li>\n<li>Profundidade: 433 mm<\/li>\n<li>Peso: 23 kg<\/li>\n<li>S\u00e9rie: ICEMAKER<\/li>\n<li>Porta revers\u00edvel: Sim<\/li>\n<li>Termostato: LED<\/li>\n<li>Tecnologia de refrigera\u00e7\u00e3o: Compressor<\/li>\n<li>Unidade de refrigera\u00e7\u00e3o: Interna<\/li>\n<li>Abertura da porta: Porta dianteira \u00fanica<\/li>\n<li>Tens\u00e3o: 115 VAC<\/li>\n<\/ul>\n<p style=\"color: rgb(34, 34, 34); font-family: Arial, Helvetica, sans-serif; font-size: small;\">O IM CL OCX2 Hydro \u00e9 uma solu\u00e7\u00e3o de alta qualidade para propriet\u00e1rios de barcos que buscam produ\u00e7\u00e3o confi\u00e1vel e eficiente de gelo, mantendo ao mesmo tempo os mais altos padr\u00f5es de higiene e conveni\u00eancia.<\/p>\n","protected":false},"excerpt":{"rendered":"<p>M\u00e1quina de Gelo em A\u00e7o Inoxid\u00e1vel Vitrifrigo Hydro 24v &#8211; Apresentamos a m\u00e1quina de gelo IM CL OCX2 Hydro da<\/p>\n","protected":false},"featured_media":5945353,"comment_status":"open","ping_status":"closed","template":"","meta":[],"product_brand":[3527],"product_cat":[2038],"product_tag":[],"class_list":{"0":"post-750243","1":"product","2":"type-product","3":"status-publish","4":"has-post-thumbnail","6":"product_brand-vitrifrigo-pt","7":"product_cat-frigorificos-e-congeladores","9":"first","10":"instock","11":"shipping-taxable","12":"purchasable","13":"product-type-simple"},"_links":{"self":[{"href":"https:\/\/stoic-curie.212-227-153-4.plesk.page\/pt\/wp-json\/wp\/v2\/product\/750243","targetHints":{"allow":["GET"]}}],"collection":[{"href":"https:\/\/stoic-curie.212-227-153-4.plesk.page\/pt\/wp-json\/wp\/v2\/product"}],"about":[{"href":"https:\/\/stoic-curie.212-227-153-4.plesk.page\/pt\/wp-json\/wp\/v2\/types\/product"}],"replies":[{"embeddable":true,"href":"https:\/\/stoic-curie.212-227-153-4.plesk.page\/pt\/wp-json\/wp\/v2\/comments?post=750243"}],"version-history":[{"count":0,"href":"https:\/\/stoic-curie.212-227-153-4.plesk.page\/pt\/wp-json\/wp\/v2\/product\/750243\/revisions"}],"wp:featuredmedia":[{"embeddable":true,"href":"https:\/\/stoic-curie.212-227-153-4.plesk.page\/pt\/wp-json\/wp\/v2\/media\/5945353"}],"wp:attachment":[{"href":"https:\/\/stoic-curie.212-227-153-4.plesk.page\/pt\/wp-json\/wp\/v2\/media?parent=750243"}],"wp:term":[{"taxonomy":"product_brand","embeddable":true,"href":"https:\/\/stoic-curie.212-227-153-4.plesk.page\/pt\/wp-json\/wp\/v2\/product_brand?post=750243"},{"taxonomy":"product_cat","embeddable":true,"href":"https:\/\/stoic-curie.212-227-153-4.plesk.page\/pt\/wp-json\/wp\/v2\/product_cat?post=750243"},{"taxonomy":"product_tag","embeddable":true,"href":"https:\/\/stoic-curie.212-227-153-4.plesk.page\/pt\/wp-json\/wp\/v2\/product_tag?post=750243"}],"curies":[{"name":"wp","href":"https:\/\/api.w.org\/{rel}","templated":true}]}}