{"id":750244,"date":"2025-03-03T22:43:23","date_gmt":"2025-03-03T21:43:23","guid":{"rendered":"https:\/\/stoic-curie.212-227-153-4.plesk.page\/producto\/maquina-de-gelo-em-aco-inoxidavel-vitrifrigo-hydro-compact-24v\/"},"modified":"2026-02-25T00:28:13","modified_gmt":"2026-02-25T00:28:13","slug":"maquina-de-gelo-em-aco-inoxidavel-vitrifrigo-hydro-compact-24v","status":"publish","type":"product","link":"https:\/\/stoic-curie.212-227-153-4.plesk.page\/pt\/product\/maquina-de-gelo-em-aco-inoxidavel-vitrifrigo-hydro-compact-24v\/","title":{"rendered":"M\u00e1quina de Gelo em A\u00e7o Inoxid\u00e1vel Vitrifrigo Hydro Compact 24v"},"content":{"rendered":"<p>M\u00e1quina de Gelo em A\u00e7o Inoxid\u00e1vel Vitrifrigo Hydro Compact 24v &#8211; <\/p>\n<p style=\"color: rgb(34, 34, 34); font-family: Arial, Helvetica, sans-serif; font-size: small;\"><strong>Fabricante de Gelo: IM XT OCX2 Hydro da Vitrifrigo<\/strong><\/p>\n<p style=\"color: rgb(34, 34, 34); font-family: Arial, Helvetica, sans-serif; font-size: small;\">O IM XT OCX2 Hydro \u00e9 um fabricante de gelo em a\u00e7o inoxid\u00e1vel, projetado meticulosamente para o setor marinho, com capacidade para produzir at\u00e9 8 kg de gelo em um per\u00edodo de 24 horas.<\/p>\n<p style=\"color: rgb(34, 34, 34); font-family: Arial, Helvetica, sans-serif; font-size: small;\">Este aparelho de \u00faltima gera\u00e7\u00e3o incorpora o inovador mecanismo de bloqueio Steelock, que garante a seguran\u00e7a durante a navega\u00e7\u00e3o ao evitar aberturas n\u00e3o intencionais. Al\u00e9m disso, a fun\u00e7\u00e3o de Posi\u00e7\u00e3o de Ventila\u00e7\u00e3o \u00e9 essencial para impedir o crescimento de mofo e o surgimento de odores desagrad\u00e1veis durante per\u00edodos de inatividade.<\/p>\n<p style=\"color: rgb(34, 34, 34); font-family: Arial, Helvetica, sans-serif; font-size: small;\">Projetado para uma conex\u00e3o direta ao abastecimento de \u00e1gua da embarca\u00e7\u00e3o, o IM XT OCX2 Hydro elimina a necessidade de uma bandeja de gelo separada, simplificando assim seu processo de produ\u00e7\u00e3o de gelo.<\/p>\n<p style=\"color: rgb(34, 34, 34); font-family: Arial, Helvetica, sans-serif; font-size: small;\">Para melhorar ainda mais a higiene, oferece a op\u00e7\u00e3o de incorporar um sistema UV para purifica\u00e7\u00e3o da \u00e1gua, garantindo os mais altos padr\u00f5es de limpeza.<\/p>\n<p style=\"color: rgb(34, 34, 34); font-family: Arial, Helvetica, sans-serif; font-size: small;\"><strong>Especifica\u00e7\u00f5es:<\/strong><\/p>\n<ul style=\"color: rgb(34, 34, 34); font-family: Arial, Helvetica, sans-serif; font-size: small;\">\n<li><strong>Acabamento da Porta:<\/strong>\u00a0A\u00e7o inoxid\u00e1vel<\/li>\n<li><strong>Capacidade:<\/strong>\u00a024,00 litros<\/li>\n<li><strong>Altura:<\/strong>\u00a0546 mm<\/li>\n<li><strong>Comprimento:<\/strong>\u00a0416 mm<\/li>\n<li><strong>Profundidade:<\/strong>\u00a0553 mm<\/li>\n<li><strong>S\u00e9rie:<\/strong>\u00a0FABRICANTE DE GELO<\/li>\n<li><strong>Porta Revers\u00edvel:<\/strong>\u00a0Sim<\/li>\n<li><strong>Termostato:<\/strong>\u00a0LED<\/li>\n<li><strong>Tecnologia de Refrigera\u00e7\u00e3o:<\/strong>\u00a0Compressor<\/li>\n<li><strong>Unidade de Resfriamento:<\/strong>\u00a0Interna<\/li>\n<li><strong>Abertura da Porta:<\/strong>\u00a0Porta frontal \u00fanica<\/li>\n<li><strong>Tens\u00e3o:<\/strong>\u00a0115 VAC<\/li>\n<\/ul>\n<p style=\"color: rgb(34, 34, 34); font-family: Arial, Helvetica, sans-serif; font-size: small;\">Este fabricante de gelo combina funcionalidade com seguran\u00e7a e higiene, tornando-se uma excelente op\u00e7\u00e3o para propriet\u00e1rios de embarca\u00e7\u00f5es que buscam equipamentos confi\u00e1veis.<\/p>\n","protected":false},"excerpt":{"rendered":"<p>M\u00e1quina de Gelo em A\u00e7o Inoxid\u00e1vel Vitrifrigo Hydro Compact 24v &#8211; Fabricante de Gelo: IM XT OCX2 Hydro da Vitrifrigo<\/p>\n","protected":false},"featured_media":5945358,"comment_status":"open","ping_status":"closed","template":"","meta":[],"product_brand":[3527],"product_cat":[2038],"product_tag":[],"class_list":{"0":"post-750244","1":"product","2":"type-product","3":"status-publish","4":"has-post-thumbnail","6":"product_brand-vitrifrigo-pt","7":"product_cat-frigorificos-e-congeladores","9":"first","10":"instock","11":"shipping-taxable","12":"purchasable","13":"product-type-simple"},"_links":{"self":[{"href":"https:\/\/stoic-curie.212-227-153-4.plesk.page\/pt\/wp-json\/wp\/v2\/product\/750244","targetHints":{"allow":["GET"]}}],"collection":[{"href":"https:\/\/stoic-curie.212-227-153-4.plesk.page\/pt\/wp-json\/wp\/v2\/product"}],"about":[{"href":"https:\/\/stoic-curie.212-227-153-4.plesk.page\/pt\/wp-json\/wp\/v2\/types\/product"}],"replies":[{"embeddable":true,"href":"https:\/\/stoic-curie.212-227-153-4.plesk.page\/pt\/wp-json\/wp\/v2\/comments?post=750244"}],"version-history":[{"count":0,"href":"https:\/\/stoic-curie.212-227-153-4.plesk.page\/pt\/wp-json\/wp\/v2\/product\/750244\/revisions"}],"wp:featuredmedia":[{"embeddable":true,"href":"https:\/\/stoic-curie.212-227-153-4.plesk.page\/pt\/wp-json\/wp\/v2\/media\/5945358"}],"wp:attachment":[{"href":"https:\/\/stoic-curie.212-227-153-4.plesk.page\/pt\/wp-json\/wp\/v2\/media?parent=750244"}],"wp:term":[{"taxonomy":"product_brand","embeddable":true,"href":"https:\/\/stoic-curie.212-227-153-4.plesk.page\/pt\/wp-json\/wp\/v2\/product_brand?post=750244"},{"taxonomy":"product_cat","embeddable":true,"href":"https:\/\/stoic-curie.212-227-153-4.plesk.page\/pt\/wp-json\/wp\/v2\/product_cat?post=750244"},{"taxonomy":"product_tag","embeddable":true,"href":"https:\/\/stoic-curie.212-227-153-4.plesk.page\/pt\/wp-json\/wp\/v2\/product_tag?post=750244"}],"curies":[{"name":"wp","href":"https:\/\/api.w.org\/{rel}","templated":true}]}}