{"id":750247,"date":"2025-03-03T22:43:24","date_gmt":"2025-03-03T21:43:24","guid":{"rendered":"https:\/\/stoic-curie.212-227-153-4.plesk.page\/producto\/frigorifico-duplo-vitifrigo-dw180-rfx-12-24v\/"},"modified":"2026-02-25T00:28:13","modified_gmt":"2026-02-25T00:28:13","slug":"frigorifico-duplo-vitifrigo-dw180-rfx-12-24v","status":"publish","type":"product","link":"https:\/\/stoic-curie.212-227-153-4.plesk.page\/pt\/product\/frigorifico-duplo-vitifrigo-dw180-rfx-12-24v\/","title":{"rendered":"Vitifrigo DW180 RFX"},"content":{"rendered":"<p>Vitifrigo DW180 RFX &#8211; <\/p>\n<p style=\"color: rgb(34, 34, 34); font-family: Arial, Helvetica, sans-serif; font-size: small;\"><strong>Frigor\u00edfico-congelador de gaveta: DW180 OCX2 RFX da Vitrifrigo<\/strong><\/p>\n<p style=\"color: rgb(34, 34, 34); font-family: Arial, Helvetica, sans-serif; font-size: small;\">O frigor\u00edfico de gaveta DW180 OCX2 RFX, equipado com compartimentos duplos, oferece uma solu\u00e7\u00e3o excepcional para aqueles que buscam \u00e1reas separadas para a otimiza\u00e7\u00e3o do armazenamento de alimentos. Este modelo possui um exterior robusto em a\u00e7o inoxid\u00e1vel e opera com uma unidade de refrigera\u00e7\u00e3o interna Danfoss de 12\/24V. Compreende dois compartimentos de gaveta, cada um com fun\u00e7\u00f5es personalizadas, e inclui uma moldura para instala\u00e7\u00e3o de porta embutida. O fabricante de gelo funciona a 115\/230 V.<\/p>\n<p style=\"color: rgb(34, 34, 34); font-family: Arial, Helvetica, sans-serif; font-size: small;\">Com uma capacidade total de 5,1 p\u00e9s c\u00fabicos, este frigor\u00edfico proporciona bastante espa\u00e7o para frutas, legumes, latic\u00ednios, bebidas e muito mais, garantindo uma frescura prolongada. O compartimento superior tem capacidade de 2,8 p\u00e9s c\u00fabicos, enquanto o compartimento inferior oferece 2,3 p\u00e9s c\u00fabicos.<\/p>\n<p style=\"color: rgb(34, 34, 34); font-family: Arial, Helvetica, sans-serif; font-size: small;\">Constru\u00eddo em a\u00e7o inoxid\u00e1vel, o DW180 OCX2 RFX foi projetado para for\u00e7a e durabilidade a longo prazo. Seu design elegante e minimalista permite uma integra\u00e7\u00e3o perfeita em cozinhas e despensas de qualquer estilo.<\/p>\n<p style=\"color: rgb(34, 34, 34); font-family: Arial, Helvetica, sans-serif; font-size: small;\">Al\u00e9m disso, o acabamento em a\u00e7o inoxid\u00e1vel facilita a limpeza e desinfec\u00e7\u00e3o.<\/p>\n<p style=\"color: rgb(34, 34, 34); font-family: Arial, Helvetica, sans-serif; font-size: small;\"><strong>Especifica\u00e7\u00f5es:<\/strong><\/p>\n<ul style=\"color: rgb(34, 34, 34); font-family: Arial, Helvetica, sans-serif; font-size: small;\">\n<li><strong>Acabamento da porta:<\/strong>\u00a0A\u00e7o inoxid\u00e1vel<\/li>\n<li><strong>Capacidade:<\/strong>\u00a05,10 p\u00e9s c\u00fabicos<\/li>\n<li><strong>Peso:<\/strong>\u00a0145,70 lbs<\/li>\n<li><strong>S\u00e9rie:<\/strong>\u00a0DW OCX2<\/li>\n<li><strong>Porta revers\u00edvel:<\/strong>\u00a0N\u00e3o<\/li>\n<li><strong>Termostato:<\/strong>\u00a0LED<\/li>\n<li><strong>Tecnologia de refrigera\u00e7\u00e3o:<\/strong>\u00a0Compressores<\/li>\n<li><strong>Unidade de refrigera\u00e7\u00e3o:<\/strong>\u00a0Interna<\/li>\n<li><strong>Abertura da porta:<\/strong>\u00a0Abertura do gaveta<\/li>\n<li><strong>Voltagem:<\/strong>\u00a012\/24 VDC &#8211; 100\/240 VAC<\/li>\n<li><strong>Dimens\u00f5es (EUA):<\/strong>\u00a066,7 x 86,4 x 59,0 cm<\/li>\n<\/ul>\n","protected":false},"excerpt":{"rendered":"<p>Vitifrigo DW180 RFX &#8211; Frigor\u00edfico-congelador de gaveta: DW180 OCX2 RFX da Vitrifrigo O frigor\u00edfico de gaveta DW180 OCX2 RFX, equipado<\/p>\n","protected":false},"featured_media":5943937,"comment_status":"open","ping_status":"closed","template":"","meta":[],"product_brand":[3527],"product_cat":[2038],"product_tag":[],"class_list":{"0":"post-750247","1":"product","2":"type-product","3":"status-publish","4":"has-post-thumbnail","6":"product_brand-vitrifrigo-pt","7":"product_cat-frigorificos-e-congeladores","9":"first","10":"instock","11":"shipping-taxable","12":"purchasable","13":"product-type-simple"},"_links":{"self":[{"href":"https:\/\/stoic-curie.212-227-153-4.plesk.page\/pt\/wp-json\/wp\/v2\/product\/750247","targetHints":{"allow":["GET"]}}],"collection":[{"href":"https:\/\/stoic-curie.212-227-153-4.plesk.page\/pt\/wp-json\/wp\/v2\/product"}],"about":[{"href":"https:\/\/stoic-curie.212-227-153-4.plesk.page\/pt\/wp-json\/wp\/v2\/types\/product"}],"replies":[{"embeddable":true,"href":"https:\/\/stoic-curie.212-227-153-4.plesk.page\/pt\/wp-json\/wp\/v2\/comments?post=750247"}],"version-history":[{"count":0,"href":"https:\/\/stoic-curie.212-227-153-4.plesk.page\/pt\/wp-json\/wp\/v2\/product\/750247\/revisions"}],"wp:featuredmedia":[{"embeddable":true,"href":"https:\/\/stoic-curie.212-227-153-4.plesk.page\/pt\/wp-json\/wp\/v2\/media\/5943937"}],"wp:attachment":[{"href":"https:\/\/stoic-curie.212-227-153-4.plesk.page\/pt\/wp-json\/wp\/v2\/media?parent=750247"}],"wp:term":[{"taxonomy":"product_brand","embeddable":true,"href":"https:\/\/stoic-curie.212-227-153-4.plesk.page\/pt\/wp-json\/wp\/v2\/product_brand?post=750247"},{"taxonomy":"product_cat","embeddable":true,"href":"https:\/\/stoic-curie.212-227-153-4.plesk.page\/pt\/wp-json\/wp\/v2\/product_cat?post=750247"},{"taxonomy":"product_tag","embeddable":true,"href":"https:\/\/stoic-curie.212-227-153-4.plesk.page\/pt\/wp-json\/wp\/v2\/product_tag?post=750247"}],"curies":[{"name":"wp","href":"https:\/\/api.w.org\/{rel}","templated":true}]}}