{"id":750248,"date":"2025-03-03T22:43:25","date_gmt":"2025-03-03T21:43:25","guid":{"rendered":"https:\/\/stoic-curie.212-227-153-4.plesk.page\/producto\/frigorifico-e-congelador-dw180-dtx-im-12-24v\/"},"modified":"2026-02-25T00:28:13","modified_gmt":"2026-02-25T00:28:13","slug":"frigorifico-e-congelador-dw180-dtx-im-12-24v","status":"publish","type":"product","link":"https:\/\/stoic-curie.212-227-153-4.plesk.page\/pt\/product\/frigorifico-e-congelador-dw180-dtx-im-12-24v\/","title":{"rendered":"Vitifrigo DW180 DTX"},"content":{"rendered":"<p>Vitifrigo DW180 DTX &#8211; <\/p>\n<p style=\"color: rgb(34, 34, 34); font-family: Arial, Helvetica, sans-serif; font-size: small;\">Os refrigeradores de gaveta em a\u00e7o inoxid\u00e1vel com revestimento externo da Vitrifrigo possuem uma unidade de refrigera\u00e7\u00e3o Danfoss interna de 12\/24V. Este modelo inclui dois compartimentos de gaveta, cada um projetado com fun\u00e7\u00f5es personalizadas, e vem completo com uma moldura para instala\u00e7\u00e3o de porta embutida. O fabricante de gelo funciona em 115\/230V e tamb\u00e9m \u00e9 projetado para instala\u00e7\u00e3o de porta embutida. O modelo espec\u00edfico, DW180 OCX2 DTX IM, \u00e9 uma combina\u00e7\u00e3o de refrigerador e freezer.<\/p>\n<p style=\"color: rgb(34, 34, 34); font-family: Arial, Helvetica, sans-serif; font-size: small;\">O refrigerador-freezer DW180 OCX2 DTX IM compreende dois compartimentos. O compartimento superior oferece uma capacidade de 2,8 p\u00e9s c\u00fabicos, enquanto o compartimento inferior oferece 2,3 p\u00e9s c\u00fabicos de espa\u00e7o. O compartimento inferior de 80 litros funciona como freezer e est\u00e1 equipado com um fabricante de gelo.<\/p>\n<p style=\"color: rgb(34, 34, 34); font-family: Arial, Helvetica, sans-serif; font-size: small;\">Por outro lado, o compartimento inferior de 2,3 p\u00e9s c\u00fabicos funciona como refrigerador. Com uma capacidade total de 5,1 p\u00e9s c\u00fabicos, este modelo combina o elegante design em a\u00e7o inoxid\u00e1vel caracter\u00edstico dos eletrodom\u00e9sticos contempor\u00e2neos com a praticidade funcional de uma unidade refrigerador-freezer.<\/p>\n<p style=\"color: rgb(34, 34, 34); font-family: Arial, Helvetica, sans-serif; font-size: small;\"><strong>Especifica\u00e7\u00f5es:<\/strong><\/p>\n<ul style=\"color: rgb(34, 34, 34); font-family: Arial, Helvetica, sans-serif; font-size: small;\">\n<li><strong>Acabamento da porta:<\/strong>\u00a0A\u00e7o inoxid\u00e1vel<\/li>\n<li><strong>Capacidade total:<\/strong>\u00a05,10 p\u00e9s c\u00fabicos<\/li>\n<li><strong>Peso:<\/strong>\u00a0134,50 lbs<\/li>\n<li><strong>S\u00e9rie:<\/strong>\u00a0DW OCX2<\/li>\n<li><strong>Porta revers\u00edvel:<\/strong>\u00a0N\u00e3o<\/li>\n<li><strong>Termostato:<\/strong>\u00a0LED<\/li>\n<li><strong>Tecnologia de refrigera\u00e7\u00e3o:<\/strong>\u00a0Compressor<\/li>\n<li><strong>Unidade de refrigera\u00e7\u00e3o:<\/strong>\u00a0Interna<\/li>\n<li><strong>Abertura da porta:<\/strong>\u00a0Abertura de gaveta<\/li>\n<li><strong>Voltagem:<\/strong>\u00a0115 VAC<\/li>\n<li><strong>Dimens\u00f5es (EUA):<\/strong>\u00a026 1\/4 x 34 1\/8 x 23 1\/4 polegadas<\/li>\n<\/ul>\n<p style=\"color: rgb(34, 34, 34); font-family: Arial, Helvetica, sans-serif; font-size: small;\">Este modelo de refrigerador-freezer combina apelo est\u00e9tico com funcionalidade eficiente, tornando-se uma excelente escolha para propriet\u00e1rios de barcos que buscam equipamentos confi\u00e1veis e de alta qualidade.<\/p>\n","protected":false},"excerpt":{"rendered":"<p>Vitifrigo DW180 DTX &#8211; Os refrigeradores de gaveta em a\u00e7o inoxid\u00e1vel com revestimento externo da Vitrifrigo possuem uma unidade de<\/p>\n","protected":false},"featured_media":5943937,"comment_status":"open","ping_status":"closed","template":"","meta":[],"product_brand":[3527],"product_cat":[2038],"product_tag":[],"class_list":{"0":"post-750248","1":"product","2":"type-product","3":"status-publish","4":"has-post-thumbnail","6":"product_brand-vitrifrigo-pt","7":"product_cat-frigorificos-e-congeladores","9":"first","10":"instock","11":"shipping-taxable","12":"purchasable","13":"product-type-simple"},"_links":{"self":[{"href":"https:\/\/stoic-curie.212-227-153-4.plesk.page\/pt\/wp-json\/wp\/v2\/product\/750248","targetHints":{"allow":["GET"]}}],"collection":[{"href":"https:\/\/stoic-curie.212-227-153-4.plesk.page\/pt\/wp-json\/wp\/v2\/product"}],"about":[{"href":"https:\/\/stoic-curie.212-227-153-4.plesk.page\/pt\/wp-json\/wp\/v2\/types\/product"}],"replies":[{"embeddable":true,"href":"https:\/\/stoic-curie.212-227-153-4.plesk.page\/pt\/wp-json\/wp\/v2\/comments?post=750248"}],"version-history":[{"count":0,"href":"https:\/\/stoic-curie.212-227-153-4.plesk.page\/pt\/wp-json\/wp\/v2\/product\/750248\/revisions"}],"wp:featuredmedia":[{"embeddable":true,"href":"https:\/\/stoic-curie.212-227-153-4.plesk.page\/pt\/wp-json\/wp\/v2\/media\/5943937"}],"wp:attachment":[{"href":"https:\/\/stoic-curie.212-227-153-4.plesk.page\/pt\/wp-json\/wp\/v2\/media?parent=750248"}],"wp:term":[{"taxonomy":"product_brand","embeddable":true,"href":"https:\/\/stoic-curie.212-227-153-4.plesk.page\/pt\/wp-json\/wp\/v2\/product_brand?post=750248"},{"taxonomy":"product_cat","embeddable":true,"href":"https:\/\/stoic-curie.212-227-153-4.plesk.page\/pt\/wp-json\/wp\/v2\/product_cat?post=750248"},{"taxonomy":"product_tag","embeddable":true,"href":"https:\/\/stoic-curie.212-227-153-4.plesk.page\/pt\/wp-json\/wp\/v2\/product_tag?post=750248"}],"curies":[{"name":"wp","href":"https:\/\/api.w.org\/{rel}","templated":true}]}}