{"id":750249,"date":"2025-03-03T22:43:25","date_gmt":"2025-03-03T21:43:25","guid":{"rendered":"https:\/\/stoic-curie.212-227-153-4.plesk.page\/producto\/congelador-duplo-vitifrigo-dw180-btx-12-24v\/"},"modified":"2026-02-25T00:28:13","modified_gmt":"2026-02-25T00:28:13","slug":"congelador-duplo-vitifrigo-dw180-btx-12-24v","status":"publish","type":"product","link":"https:\/\/stoic-curie.212-227-153-4.plesk.page\/pt\/product\/congelador-duplo-vitifrigo-dw180-btx-12-24v\/","title":{"rendered":"Vitifrigo DW180 BTX"},"content":{"rendered":"<p>Vitifrigo DW180 BTX &#8211; <\/p>\n<p style=\"color: rgb(34, 34, 34); font-family: Arial, Helvetica, sans-serif; font-size: small;\">Os refrigeradores de gaveta em a\u00e7o inoxid\u00e1vel Vitrifrigo apresentam uma unidade de refrigera\u00e7\u00e3o interna Danfoss de 12\/24V. Essas unidades consistem em dois compartimentos de gaveta, cada um projetado com fun\u00e7\u00f5es personalizadas, e v\u00eam com uma estrutura para instala\u00e7\u00e3o de portas em flush. Os modelos com m\u00e1quina de gelo operam em 115\/230V e tamb\u00e9m incluem uma estrutura para instala\u00e7\u00e3o perfeita com portas em flush.<\/p>\n<p style=\"color: rgb(34, 34, 34); font-family: Arial, Helvetica, sans-serif; font-size: small;\">O modelo DW180 OCX2 BTX se destaca como um excelente congelador de gaveta de 144 litros, oferecendo dois compartimentos distintos que proporcionam amplo espa\u00e7o para armazenar alimentos frescos e congelados.<\/p>\n<p style=\"color: rgb(34, 34, 34); font-family: Arial, Helvetica, sans-serif; font-size: small;\">Este modelo \u00e9 constru\u00eddo inteiramente em a\u00e7o inoxid\u00e1vel, garantindo alto desempenho e durabilidade prolongada.<\/p>\n<p style=\"color: rgb(34, 34, 34); font-family: Arial, Helvetica, sans-serif; font-size: small;\">O compartimento superior possui capacidade de 80 litros, enquanto o compartimento inferior oferece 64 litros de espa\u00e7o de armazenamento.<\/p>\n<p style=\"color: rgb(34, 34, 34); font-family: Arial, Helvetica, sans-serif; font-size: small;\">Com seu design elegante e minimalista, o DW180 OCX2 BTX se integra perfeitamente a cozinhas e despensas de qualquer est\u00e9tica.<\/p>\n<p style=\"color: rgb(34, 34, 34); font-family: Arial, Helvetica, sans-serif; font-size: small;\"><strong>Informa\u00e7\u00f5es Adicionais:<\/strong><\/p>\n<ul style=\"color: rgb(34, 34, 34); font-family: Arial, Helvetica, sans-serif; font-size: small;\">\n<li><strong>Acabamento da Porta:<\/strong>\u00a0A\u00e7o inoxid\u00e1vel<\/li>\n<li><strong>Capacidade Total:<\/strong>\u00a0144 litros<\/li>\n<li><strong>Altura:<\/strong>\u00a0866 mm<\/li>\n<li><strong>Comprimento:<\/strong>\u00a0666 mm<\/li>\n<li><strong>Profundidade:<\/strong>\u00a0590 mm<\/li>\n<li><strong>S\u00e9rie:<\/strong>\u00a0DW OCX2<\/li>\n<li><strong>Porta Revers\u00edvel:<\/strong>\u00a0N\u00e3o<\/li>\n<li><strong>Termostato:<\/strong>\u00a0LED<\/li>\n<li><strong>Tecnologia de Refrigera\u00e7\u00e3o:<\/strong>\u00a0Compressor<\/li>\n<li><strong>Unidade de Refrigera\u00e7\u00e3o:<\/strong>\u00a0Interna<\/li>\n<li><strong>Abertura da Porta:<\/strong>\u00a0Abertura da Gaveta<\/li>\n<li><strong>Tens\u00e3o:<\/strong>\u00a012\/24 VDC<\/li>\n<\/ul>\n","protected":false},"excerpt":{"rendered":"<p>Vitifrigo DW180 BTX &#8211; Os refrigeradores de gaveta em a\u00e7o inoxid\u00e1vel Vitrifrigo apresentam uma unidade de refrigera\u00e7\u00e3o interna Danfoss de<\/p>\n","protected":false},"featured_media":5943937,"comment_status":"open","ping_status":"closed","template":"","meta":[],"product_brand":[3527],"product_cat":[2038],"product_tag":[],"class_list":{"0":"post-750249","1":"product","2":"type-product","3":"status-publish","4":"has-post-thumbnail","6":"product_brand-vitrifrigo-pt","7":"product_cat-frigorificos-e-congeladores","9":"first","10":"instock","11":"shipping-taxable","12":"purchasable","13":"product-type-simple"},"_links":{"self":[{"href":"https:\/\/stoic-curie.212-227-153-4.plesk.page\/pt\/wp-json\/wp\/v2\/product\/750249","targetHints":{"allow":["GET"]}}],"collection":[{"href":"https:\/\/stoic-curie.212-227-153-4.plesk.page\/pt\/wp-json\/wp\/v2\/product"}],"about":[{"href":"https:\/\/stoic-curie.212-227-153-4.plesk.page\/pt\/wp-json\/wp\/v2\/types\/product"}],"replies":[{"embeddable":true,"href":"https:\/\/stoic-curie.212-227-153-4.plesk.page\/pt\/wp-json\/wp\/v2\/comments?post=750249"}],"version-history":[{"count":0,"href":"https:\/\/stoic-curie.212-227-153-4.plesk.page\/pt\/wp-json\/wp\/v2\/product\/750249\/revisions"}],"wp:featuredmedia":[{"embeddable":true,"href":"https:\/\/stoic-curie.212-227-153-4.plesk.page\/pt\/wp-json\/wp\/v2\/media\/5943937"}],"wp:attachment":[{"href":"https:\/\/stoic-curie.212-227-153-4.plesk.page\/pt\/wp-json\/wp\/v2\/media?parent=750249"}],"wp:term":[{"taxonomy":"product_brand","embeddable":true,"href":"https:\/\/stoic-curie.212-227-153-4.plesk.page\/pt\/wp-json\/wp\/v2\/product_brand?post=750249"},{"taxonomy":"product_cat","embeddable":true,"href":"https:\/\/stoic-curie.212-227-153-4.plesk.page\/pt\/wp-json\/wp\/v2\/product_cat?post=750249"},{"taxonomy":"product_tag","embeddable":true,"href":"https:\/\/stoic-curie.212-227-153-4.plesk.page\/pt\/wp-json\/wp\/v2\/product_tag?post=750249"}],"curies":[{"name":"wp","href":"https:\/\/api.w.org\/{rel}","templated":true}]}}