{"id":750250,"date":"2025-03-03T22:43:25","date_gmt":"2025-03-03T21:43:25","guid":{"rendered":"https:\/\/stoic-curie.212-227-153-4.plesk.page\/producto\/congelador-e-maquina-de-gelo-vitifrigo-dw180-btx-im-12-24v\/"},"modified":"2026-02-25T00:28:13","modified_gmt":"2026-02-25T00:28:13","slug":"congelador-e-maquina-de-gelo-vitifrigo-dw180-btx-im-12-24v","status":"publish","type":"product","link":"https:\/\/stoic-curie.212-227-153-4.plesk.page\/pt\/product\/congelador-e-maquina-de-gelo-vitifrigo-dw180-btx-im-12-24v\/","title":{"rendered":"Vitrifrigo DW180 BTX IM"},"content":{"rendered":"<p>Vitrifrigo DW180 BTX IM &#8211; <\/p>\n<p>A caixa externa dos refrigeradores de gaveta em a\u00e7o inoxid\u00e1vel da Vitrifrigo est\u00e1 equipada com uma unidade de refrigera\u00e7\u00e3o interna Danfoss de 12\/24V. Estes refrigeradores possuem dois compartimentos de gaveta, cada um com fun\u00e7\u00f5es personalizadas, e v\u00eam completos com uma estrutura para instala\u00e7\u00e3o de porta embutida. Os modelos com m\u00e1quina de gelo operam com alimenta\u00e7\u00e3o de 115\/230V.<\/p>\n<p>O Seadrawer DW 180 BTX IM OCX2 \u00e9 uma unidade interna em a\u00e7o inoxid\u00e1vel projetada para refrigera\u00e7\u00e3o eficiente. Possui uma capacidade de 144 litros e tem dimens\u00f5es de 866 mm de altura, 617 mm de largura e 590 mm de profundidade. Este modelo consome 140 watts de pot\u00eancia e opera a uma tens\u00e3o de 230V. Pesando 61 kg, o Seadrawer DW 180 BTX IM OCX2 \u00e9 bem adequado para uma variedade de aplica\u00e7\u00f5es de refrigera\u00e7\u00e3o, identificado pelo n\u00famero do produto 0402-0063.<\/p>\n<p><strong>Seadrawer DW 180 BTX IM OCX2 &#8211; Congelador + M\u00e1quina de Gelo \/ Congelador &#8211; Unidade Interna &#8211; 230V<\/strong><\/p>\n<p>O Seadrawer DW 180 BTX IM OCX2 \u00e9 uma unidade interna vers\u00e1til que combina funcionalidade e efici\u00eancia, tornando-se uma excelente escolha para diversas necessidades de refrigera\u00e7\u00e3o.<\/p>\n<p><strong>Especifica\u00e7\u00f5es:<\/strong><\/p>\n<ul>\n<li><strong>Acabamento:<\/strong> A\u00e7o inoxid\u00e1vel<\/li>\n<li><strong>Consumo de energia:<\/strong> 140 W<\/li>\n<li><strong>Altura:<\/strong> 866 mm<\/li>\n<li><strong>Largura:<\/strong> 617 mm<\/li>\n<li><strong>Modelo:<\/strong> DW 180 BTX IM OCX2<\/li>\n<li><strong>Profundidade:<\/strong> 590 mm<\/li>\n<li><strong>Volume:<\/strong> 144 L<\/li>\n<li><strong>Peso:<\/strong> 61 kg<\/li>\n<li><strong>Tens\u00e3o:<\/strong> 230 V<\/li>\n<li><strong>Marca:<\/strong> Vitrifrigo<\/li>\n<li><strong>N\u00famero do produto:<\/strong> 0402-0063<\/li>\n<\/ul>\n","protected":false},"excerpt":{"rendered":"<p>Vitrifrigo DW180 BTX IM &#8211; A caixa externa dos refrigeradores de gaveta em a\u00e7o inoxid\u00e1vel da Vitrifrigo est\u00e1 equipada com<\/p>\n","protected":false},"featured_media":5943937,"comment_status":"open","ping_status":"closed","template":"","meta":[],"product_brand":[3527],"product_cat":[2038],"product_tag":[],"class_list":{"0":"post-750250","1":"product","2":"type-product","3":"status-publish","4":"has-post-thumbnail","6":"product_brand-vitrifrigo-pt","7":"product_cat-frigorificos-e-congeladores","9":"first","10":"instock","11":"shipping-taxable","12":"purchasable","13":"product-type-simple"},"_links":{"self":[{"href":"https:\/\/stoic-curie.212-227-153-4.plesk.page\/pt\/wp-json\/wp\/v2\/product\/750250","targetHints":{"allow":["GET"]}}],"collection":[{"href":"https:\/\/stoic-curie.212-227-153-4.plesk.page\/pt\/wp-json\/wp\/v2\/product"}],"about":[{"href":"https:\/\/stoic-curie.212-227-153-4.plesk.page\/pt\/wp-json\/wp\/v2\/types\/product"}],"replies":[{"embeddable":true,"href":"https:\/\/stoic-curie.212-227-153-4.plesk.page\/pt\/wp-json\/wp\/v2\/comments?post=750250"}],"version-history":[{"count":0,"href":"https:\/\/stoic-curie.212-227-153-4.plesk.page\/pt\/wp-json\/wp\/v2\/product\/750250\/revisions"}],"wp:featuredmedia":[{"embeddable":true,"href":"https:\/\/stoic-curie.212-227-153-4.plesk.page\/pt\/wp-json\/wp\/v2\/media\/5943937"}],"wp:attachment":[{"href":"https:\/\/stoic-curie.212-227-153-4.plesk.page\/pt\/wp-json\/wp\/v2\/media?parent=750250"}],"wp:term":[{"taxonomy":"product_brand","embeddable":true,"href":"https:\/\/stoic-curie.212-227-153-4.plesk.page\/pt\/wp-json\/wp\/v2\/product_brand?post=750250"},{"taxonomy":"product_cat","embeddable":true,"href":"https:\/\/stoic-curie.212-227-153-4.plesk.page\/pt\/wp-json\/wp\/v2\/product_cat?post=750250"},{"taxonomy":"product_tag","embeddable":true,"href":"https:\/\/stoic-curie.212-227-153-4.plesk.page\/pt\/wp-json\/wp\/v2\/product_tag?post=750250"}],"curies":[{"name":"wp","href":"https:\/\/api.w.org\/{rel}","templated":true}]}}