{"id":750256,"date":"2025-03-03T22:43:27","date_gmt":"2025-03-03T21:43:27","guid":{"rendered":"https:\/\/stoic-curie.212-227-153-4.plesk.page\/producto\/aquecedor-de-agua-johnson-aquah-marine-500w-22l-bsp-230v\/"},"modified":"2026-02-25T00:28:13","modified_gmt":"2026-02-25T00:28:13","slug":"aquecedor-de-agua-johnson-aquah-marine-500w-22l-bsp-230v","status":"publish","type":"product","link":"https:\/\/stoic-curie.212-227-153-4.plesk.page\/pt\/product\/aquecedor-de-agua-johnson-aquah-marine-500w-22l-bsp-230v\/","title":{"rendered":"Aquecedor de \u00c1gua Johnson AquaH 500W \/ 22L"},"content":{"rendered":"<p>Aquecedor de \u00c1gua Johnson AquaH 500W \/ 22L &#8211; <\/p>\n<p>Os aquecedores de \u00e1gua Johnson Marine s\u00e3o cuidadosamente feitos com a\u00e7o inoxid\u00e1vel AISI 316. Este design os torna ideais para ambientes marinhos. Cada aquecedor possui um elemento de aquecimento el\u00e9trico de 500W-220V. Isso permite que funcionem no cais ou quando conectados a um gerador. Eles tamb\u00e9m possuem um sistema especial que utiliza calor do circuito de resfriamento do motor.<\/p>\n<p>A s\u00e9rie AquaH inclui aquecedores de \u00e1gua avan\u00e7ados com capacidades de armazenamento de 22 a 80 litros (5,3 a 19,3 gal\u00f5es). Cada modelo possui op\u00e7\u00f5es de aquecimento duplo. Isso significa que eles podem aquecer \u00e1gua de duas maneiras. Eles podem usar eletricidade. Tamb\u00e9m podem aquecer a \u00e1gua indiretamente de outro sistema. Isso pode ser um motor marinho ou um sistema de resfriamento de gerador.<\/p>\n<p><strong>Garantia limitada de 5 anos<\/strong><\/p>\n<p>Esses aquecedores s\u00e3o protegidos por um forte a\u00e7o inoxid\u00e1vel AISI 304. Eles tamb\u00e9m t\u00eam uma tampa de pl\u00e1stico dur\u00e1vel com suportes de montagem. O interior \u00e9 feito de a\u00e7o inoxid\u00e1vel AISI 316L, e as unidades s\u00e3o isoladas com espuma de poliuretano. Eles v\u00eam com uma v\u00e1lvula de seguran\u00e7a e de n\u00e3o retorno ajustada para 6 Bar +\/- 0,5 Bar, e as conex\u00f5es do motor s\u00e3o dimensionadas para 1\/2&#8243; BSP.<\/p>\n<p>Os elementos de aquecimento el\u00e9trico est\u00e3o dispon\u00edveis em Incoloy tanto em 500W quanto em 1200W. Isso garante que \u00e1gua quente esteja dispon\u00edvel quando o calor do motor n\u00e3o est\u00e1 presente, desde que a energia de 230V esteja acess\u00edvel. Cada unidade tem um termostato de seguran\u00e7a ajust\u00e1vel para controlar a temperatura durante o aquecimento el\u00e9trico.<\/p>\n<p><strong>Dimens\u00f5es<\/strong><\/p>\n<table>\n<thead>\n<tr>\n<th>N\u00famero da Pe\u00e7a<\/th>\n<th>Fonte de Alimenta\u00e7\u00e3o<\/th>\n<th>Capacidade de Armazenamento<\/th>\n<th>Peso (Vazio)<\/th>\n<th>A<\/th>\n<th>B<\/th>\n<th>C<\/th>\n<th>D<\/th>\n<th>E<\/th>\n<th>F<\/th>\n<\/tr>\n<\/thead>\n<tbody>\n<tr>\n<td>56-47455-01\/02<\/td>\n<td>220V<\/td>\n<td>22L (5.8 gal)<\/td>\n<td>10 kg (22 lbs)<\/td>\n<td>322 mm (12.7 in)<\/td>\n<td>290 mm (11.4 in)<\/td>\n<td>235 mm (9.25 in)<\/td>\n<td>325 mm (12.8 in)<\/td>\n<td>410 mm (16.1 in)<\/td>\n<td>485 mm (19.1 in)<\/td>\n<\/tr>\n<tr>\n<td>56-47455-03\/04<\/td>\n<td>500V<\/td>\n<td>30L (7.9 gal)<\/td>\n<td>11.5 kg (25.4 lbs)<\/td>\n<td>322 mm (12.7 in)<\/td>\n<td>290 mm (11.4 in)<\/td>\n<td>370 mm (14.6 in)<\/td>\n<td>325 mm (12.8 in)<\/td>\n<td>545 mm (21.5 in)<\/td>\n<td>620 mm (24.4 in)<\/td>\n<\/tr>\n<tr>\n<td>56-47457-01\/02<\/td>\n<td>200V<\/td>\n<td>45L (11.9 gal)<\/td>\n<td>15 kg (33.1 lbs)<\/td>\n<td>322 mm (12.7 in)<\/td>\n<td>290 mm (11.4 in)<\/td>\n<td>625 mm (24.6 in)<\/td>\n<td>325 mm (12.8 in)<\/td>\n<td>805 mm (31.7 in)<\/td>\n<td>880 mm (34.6 in)<\/td>\n<\/tr>\n<tr>\n<td>56-47458-01\/02<\/td>\n<td>200V<\/td>\n<td>60L (15.9 gal)<\/td>\n<td>17.3 kg (38.1 lbs)<\/td>\n<td>322 mm (12.7 in)<\/td>\n<td>290 mm (11.4 in)<\/td>\n<td>810 mm (31.9 in)<\/td>\n<td>325 mm (12.8 in)<\/td>\n<td>990 mm (39 in)<\/td>\n<td>1065 mm (41.9 in)<\/td>\n<\/tr>\n<tr>\n<td>56-47459-01\/02<\/td>\n<td>200V<\/td>\n<td>80L (21.1 gal)<\/td>\n<td>20 kg (44.1 lbs)<\/td>\n<td>322 mm (12.7 in)<\/td>\n<td>290 mm (11.4 in)<\/td>\n<td>1090 mm (42.9 in)<\/td>\n<td>325 mm (12.8 in)<\/td>\n<td>1270 mm (50 in)<\/td>\n<td>1345 mm (53 in)<\/td>\n<\/tr>\n<\/tbody>\n<\/table>\n<p><strong>Fonte de Alimenta\u00e7\u00e3o:<\/strong> 220-240 V ~ 50 Hz ou 120 V &#8211; 60 Hz<br \/><strong>Conex\u00f5es de \u00c1gua:<\/strong> \u00bd&#8221;<\/p>\n","protected":false},"excerpt":{"rendered":"<p>Aquecedor de \u00c1gua Johnson AquaH 500W \/ 22L &#8211; Os aquecedores de \u00e1gua Johnson Marine s\u00e3o cuidadosamente feitos com a\u00e7o<\/p>\n","protected":false},"featured_media":5938715,"comment_status":"open","ping_status":"closed","template":"","meta":[],"product_brand":[3047],"product_cat":[1938],"product_tag":[],"class_list":{"0":"post-750256","1":"product","2":"type-product","3":"status-publish","4":"has-post-thumbnail","6":"product_brand-johnson-marine-pt","7":"product_cat-aquecedores-de-agua","9":"first","10":"instock","11":"shipping-taxable","12":"purchasable","13":"product-type-simple"},"_links":{"self":[{"href":"https:\/\/stoic-curie.212-227-153-4.plesk.page\/pt\/wp-json\/wp\/v2\/product\/750256","targetHints":{"allow":["GET"]}}],"collection":[{"href":"https:\/\/stoic-curie.212-227-153-4.plesk.page\/pt\/wp-json\/wp\/v2\/product"}],"about":[{"href":"https:\/\/stoic-curie.212-227-153-4.plesk.page\/pt\/wp-json\/wp\/v2\/types\/product"}],"replies":[{"embeddable":true,"href":"https:\/\/stoic-curie.212-227-153-4.plesk.page\/pt\/wp-json\/wp\/v2\/comments?post=750256"}],"version-history":[{"count":0,"href":"https:\/\/stoic-curie.212-227-153-4.plesk.page\/pt\/wp-json\/wp\/v2\/product\/750256\/revisions"}],"wp:featuredmedia":[{"embeddable":true,"href":"https:\/\/stoic-curie.212-227-153-4.plesk.page\/pt\/wp-json\/wp\/v2\/media\/5938715"}],"wp:attachment":[{"href":"https:\/\/stoic-curie.212-227-153-4.plesk.page\/pt\/wp-json\/wp\/v2\/media?parent=750256"}],"wp:term":[{"taxonomy":"product_brand","embeddable":true,"href":"https:\/\/stoic-curie.212-227-153-4.plesk.page\/pt\/wp-json\/wp\/v2\/product_brand?post=750256"},{"taxonomy":"product_cat","embeddable":true,"href":"https:\/\/stoic-curie.212-227-153-4.plesk.page\/pt\/wp-json\/wp\/v2\/product_cat?post=750256"},{"taxonomy":"product_tag","embeddable":true,"href":"https:\/\/stoic-curie.212-227-153-4.plesk.page\/pt\/wp-json\/wp\/v2\/product_tag?post=750256"}],"curies":[{"name":"wp","href":"https:\/\/api.w.org\/{rel}","templated":true}]}}