{"id":750258,"date":"2025-03-03T22:43:28","date_gmt":"2025-03-03T21:43:28","guid":{"rendered":"https:\/\/stoic-curie.212-227-153-4.plesk.page\/producto\/aquecedor-de-agua-johnson-aquah-marine-500w-80l-230v\/"},"modified":"2026-02-25T00:28:13","modified_gmt":"2026-02-25T00:28:13","slug":"aquecedor-de-agua-johnson-aquah-marine-500w-80l-230v","status":"publish","type":"product","link":"https:\/\/stoic-curie.212-227-153-4.plesk.page\/pt\/product\/aquecedor-de-agua-johnson-aquah-marine-500w-80l-230v\/","title":{"rendered":"Aquecedor de \u00c1gua Johnson AquaH 500W \/ 80L"},"content":{"rendered":"<p>Aquecedor de \u00c1gua Johnson AquaH 500W \/ 80L &#8211; <\/p>\n<p>Os aquecedores de \u00e1gua Johnson Marine s\u00e3o feitos sob medida em a\u00e7o inoxid\u00e1vel AISI 316, tornando-os ideais para ambientes marinos. Esses aquecedores apresentam um elemento de aquecimento el\u00e9trico de 500W-220V, permitindo uso no cais ou com um gerador. Al\u00e9m disso, incorporam um sistema exclusivo que captura calor do circuito de resfriamento do motor.<\/p>\n<p>A s\u00e9rie AquaH apresenta aquecedores de \u00e1gua inovadores com capacidades de armazenamento que variam de 22 a 80 litros (5,3 a 19,3 gal\u00f5es). Cada unidade \u00e9 equipada com op\u00e7\u00f5es de aquecimento dupla, fornecendo tanto aquecimento el\u00e9trico quanto aquecimento indireto de uma fonte secund\u00e1ria, como o sistema de resfriamento de um motor marinho ou gerador.<\/p>\n<p><strong>Garantia limitada de 5 anos<\/strong><\/p>\n<p>Os aquecedores s\u00e3o alojados em a\u00e7o inoxid\u00e1vel AISI 304 dur\u00e1vel e v\u00eam com uma tampa de pl\u00e1stico resistente que inclui os suportes de montagem. A superf\u00edcie interna \u00e9 feita de a\u00e7o inoxid\u00e1vel AISI 316L e as unidades s\u00e3o isoladas com espuma de poliuretano. Eles apresentam uma v\u00e1lvula de seguran\u00e7a e n\u00e3o-retorno ajustada em 6 Bar +\/- 0,5 Bar, com conex\u00f5es de motor medindo 1\/2&#8243; BSP.<\/p>\n<p>Os elementos de aquecimento el\u00e9trico est\u00e3o dispon\u00edveis em Incoloy com 500W e 1200W, proporcionando produ\u00e7\u00e3o de \u00e1gua quente quando o calor do motor n\u00e3o est\u00e1 dispon\u00edvel, mas a energia de 230V \u00e9 acess\u00edvel. Cada unidade \u00e9 fornecida com um termostato de seguran\u00e7a ajust\u00e1vel para controle de temperatura durante o aquecimento el\u00e9trico.<\/p>\n<p><strong>Dimens\u00f5es<\/strong><\/p>\n<table>\n<thead>\n<tr>\n<th>N\u00famero da pe\u00e7a<\/th>\n<th>Fonte de alimenta\u00e7\u00e3o el\u00e9trica<\/th>\n<th>Capacidade de armazenamento<\/th>\n<th>Peso (vazio)<\/th>\n<th>A<\/th>\n<th>B<\/th>\n<th>C<\/th>\n<th>D<\/th>\n<th>E<\/th>\n<th>F<\/th>\n<\/tr>\n<\/thead>\n<tbody>\n<tr>\n<td>56-47455-01\/02<\/td>\n<td>220V<\/td>\n<td>22L (5.8 gal)<\/td>\n<td>10 kg (22 lbs)<\/td>\n<td>322 mm (12.7 in)<\/td>\n<td>290 mm (11.4 in)<\/td>\n<td>235 mm (9.25 in)<\/td>\n<td>325 mm (12.8 in)<\/td>\n<td>410 mm (16.1 in)<\/td>\n<td>485 mm (19.1 in)<\/td>\n<\/tr>\n<tr>\n<td>56-47455-03\/04<\/td>\n<td>500V<\/td>\n<td>30L (7.9 gal)<\/td>\n<td>11.5 kg (25.4 lbs)<\/td>\n<td>322 mm (12.7 in)<\/td>\n<td>290 mm (11.4 in)<\/td>\n<td>370 mm (14.6 in)<\/td>\n<td>325 mm (12.8 in)<\/td>\n<td>545 mm (21.5 in)<\/td>\n<td>620 mm (24.4 in)<\/td>\n<\/tr>\n<tr>\n<td>56-47457-01\/02<\/td>\n<td>200V<\/td>\n<td>45L (11.9 gal)<\/td>\n<td>15 kg (33.1 lbs)<\/td>\n<td>322 mm (12.7 in)<\/td>\n<td>290 mm (11.4 in)<\/td>\n<td>625 mm (24.6 in)<\/td>\n<td>325 mm (12.8 in)<\/td>\n<td>805 mm (31.7 in)<\/td>\n<td>880 mm (34.6 in)<\/td>\n<\/tr>\n<tr>\n<td>56-47458-01\/02<\/td>\n<td>200V<\/td>\n<td>60L (15.9 gal)<\/td>\n<td>17.3 kg (38.1 lbs)<\/td>\n<td>322 mm (12.7 in)<\/td>\n<td>290 mm (11.4 in)<\/td>\n<td>810 mm (31.9 in)<\/td>\n<td>325 mm (12.8 in)<\/td>\n<td>990 mm (39 in)<\/td>\n<td>1065 mm (41.9 in)<\/td>\n<\/tr>\n<tr>\n<td>56-47459-01\/02<\/td>\n<td>200V<\/td>\n<td>80L (21.1 gal)<\/td>\n<td>20 kg (44.1 lbs)<\/td>\n<td>322 mm (12.7 in)<\/td>\n<td>290 mm (11.4 in)<\/td>\n<td>1090 mm (42.9 in)<\/td>\n<td>325 mm (12.8 in)<\/td>\n<td>1270 mm (50 in)<\/td>\n<td>1345 mm (53 in)<\/td>\n<\/tr>\n<\/tbody>\n<\/table>\n<p><strong>Fonte de energia:<\/strong> 220-240 V ~ 50 Hz ou 120 V &#8211; 60 Hz<br \/><strong>Conex\u00f5es de \u00e1gua:<\/strong> \u00bd&#8221;<\/p>\n","protected":false},"excerpt":{"rendered":"<p>Aquecedor de \u00c1gua Johnson AquaH 500W \/ 80L &#8211; Os aquecedores de \u00e1gua Johnson Marine s\u00e3o feitos sob medida em<\/p>\n","protected":false},"featured_media":5938715,"comment_status":"open","ping_status":"closed","template":"","meta":[],"product_brand":[3047],"product_cat":[1938],"product_tag":[],"class_list":{"0":"post-750258","1":"product","2":"type-product","3":"status-publish","4":"has-post-thumbnail","6":"product_brand-johnson-marine-pt","7":"product_cat-aquecedores-de-agua","9":"first","10":"instock","11":"shipping-taxable","12":"purchasable","13":"product-type-simple"},"_links":{"self":[{"href":"https:\/\/stoic-curie.212-227-153-4.plesk.page\/pt\/wp-json\/wp\/v2\/product\/750258","targetHints":{"allow":["GET"]}}],"collection":[{"href":"https:\/\/stoic-curie.212-227-153-4.plesk.page\/pt\/wp-json\/wp\/v2\/product"}],"about":[{"href":"https:\/\/stoic-curie.212-227-153-4.plesk.page\/pt\/wp-json\/wp\/v2\/types\/product"}],"replies":[{"embeddable":true,"href":"https:\/\/stoic-curie.212-227-153-4.plesk.page\/pt\/wp-json\/wp\/v2\/comments?post=750258"}],"version-history":[{"count":0,"href":"https:\/\/stoic-curie.212-227-153-4.plesk.page\/pt\/wp-json\/wp\/v2\/product\/750258\/revisions"}],"wp:featuredmedia":[{"embeddable":true,"href":"https:\/\/stoic-curie.212-227-153-4.plesk.page\/pt\/wp-json\/wp\/v2\/media\/5938715"}],"wp:attachment":[{"href":"https:\/\/stoic-curie.212-227-153-4.plesk.page\/pt\/wp-json\/wp\/v2\/media?parent=750258"}],"wp:term":[{"taxonomy":"product_brand","embeddable":true,"href":"https:\/\/stoic-curie.212-227-153-4.plesk.page\/pt\/wp-json\/wp\/v2\/product_brand?post=750258"},{"taxonomy":"product_cat","embeddable":true,"href":"https:\/\/stoic-curie.212-227-153-4.plesk.page\/pt\/wp-json\/wp\/v2\/product_cat?post=750258"},{"taxonomy":"product_tag","embeddable":true,"href":"https:\/\/stoic-curie.212-227-153-4.plesk.page\/pt\/wp-json\/wp\/v2\/product_tag?post=750258"}],"curies":[{"name":"wp","href":"https:\/\/api.w.org\/{rel}","templated":true}]}}