{"id":750262,"date":"2025-03-03T22:43:29","date_gmt":"2025-03-03T21:43:29","guid":{"rendered":"https:\/\/stoic-curie.212-227-153-4.plesk.page\/producto\/sanita-maritima-tecma-nano-24v-com-painel-all-in-one-sft\/"},"modified":"2026-02-25T00:28:13","modified_gmt":"2026-02-25T00:28:13","slug":"sanita-maritima-tecma-nano-24v-com-painel-all-in-one-sft","status":"publish","type":"product","link":"https:\/\/stoic-curie.212-227-153-4.plesk.page\/pt\/product\/sanita-maritima-tecma-nano-24v-com-painel-all-in-one-sft\/","title":{"rendered":"Sanit\u00e1rio Tecma Nano 24v (Painel All-in-One SFT)"},"content":{"rendered":"<p>Sanit\u00e1rio Tecma Nano 24v (Painel All-in-One SFT) &#8211; <\/p>\n<p style=\"color: rgb(34, 34, 34); font-family: Arial, Helvetica, sans-serif; font-size: small;\">Vaso Sanit\u00e1rio Tecma Nano 24v com painel SFT All-in-One. Apresentando o vaso sanit\u00e1rio Tecma Nano, um assento termofixo que equilibra perfeitamente conforto e design compacto, enquanto oferece alto desempenho. Este vaso conta com uma potente bomba maceradora, garantindo consumo limitado de \u00e1gua e eletricidade al\u00e9m de baixas emiss\u00f5es sonoras. A instala\u00e7\u00e3o e a fia\u00e7\u00e3o s\u00e3o simples e r\u00e1pidas, e n\u00e3o requer manuten\u00e7\u00e3o.<\/p>\n<p style=\"color: rgb(34, 34, 34); font-family: Arial, Helvetica, sans-serif; font-size: small;\">O Tecma Nano pode ser operado utilizando dois pain\u00e9is de controle:<\/p>\n<ul style=\"color: rgb(34, 34, 34); font-family: Arial, Helvetica, sans-serif; font-size: small;\">\n<li><strong>Painel Eco<\/strong>: Este painel inclui um bot\u00e3o de ativa\u00e7\u00e3o de carga\/descarregamento.<\/li>\n<li><strong>Painel SFT All-in-One<\/strong>: Este painel de dupla fun\u00e7\u00e3o conta com a tecnologia Smart Flush, que reduz o consumo de \u00e1gua e o n\u00edvel de ru\u00eddo. Tamb\u00e9m inclui um indicador de monitoramento do tanque de \u00e1guas negras e uma fun\u00e7\u00e3o de prote\u00e7\u00e3o contra transbordamento de \u00e1gua.<\/li>\n<\/ul>\n<p style=\"color: rgb(34, 34, 34); font-family: Arial, Helvetica, sans-serif; font-size: small;\">Como o modelo mais curto dispon\u00edvel, o Nano combina conforto, confiabilidade e desempenho. Possui apenas 295 mm de altura e \u00e9 t\u00e3o silencioso quanto outros vasos sanit\u00e1rios el\u00e9tricos da Tecma. Fabricado em cer\u00e2mica branca italiana, conta com um assento de poli\u00e9ster termofixo e vem com um painel de controle Eco Rocker Switch. Foi projetado para instala\u00e7\u00e3o com uma bomba de entrada de \u00e1gua do mar e inclui um solen\u00f3ide para contornar a tubula\u00e7\u00e3o a bordo.<\/p>\n<p style=\"color: rgb(34, 34, 34); font-family: Arial, Helvetica, sans-serif; font-size: small;\">O vaso sanit\u00e1rio Nano utiliza Tecnologia de Turbina avan\u00e7ada, proporcionando uma descarga potente e resistente a entupimentos. Este modelo representa a combina\u00e7\u00e3o definitiva de efici\u00eancia e design compacto, oferecendo o mesmo conforto que unidades maiores. \u00c9 especificamente projetado para atender \u00e0s necessidades de embarca\u00e7\u00f5es de menos de 50 p\u00e9s (15 metros). A equipe de desenvolvimento de produtos marinhos da Thetford criou um design elegante que tamb\u00e9m oferece flexibilidade para instala\u00e7\u00e3o devido ao seu tamanho compacto.<\/p>\n<p style=\"color: rgb(34, 34, 34); font-family: Arial, Helvetica, sans-serif; font-size: small;\">Os principais recursos incluem:<\/p>\n<ul style=\"color: rgb(34, 34, 34); font-family: Arial, Helvetica, sans-serif; font-size: small;\">\n<li>Duplas v\u00e1lvulas de reten\u00e7\u00e3o combinadas com um armadilha de \u00e1gua para evitar problemas de odor.<\/li>\n<li>Opera\u00e7\u00e3o incrivelmente silenciosa.<\/li>\n<li>Compatibilidade com sistemas de descarga de \u00e1gua bruta e de press\u00e3o.<\/li>\n<li>Um vaso limpo e seco ap\u00f3s cada descarga potente.<\/li>\n<li>Um interruptor Eco amig\u00e1vel para reduzir o consumo de energia e \u00e1gua, ou um controlador de descarga inteligente com funcionalidades avan\u00e7adas de controle de descarga e do tanque.<\/li>\n<\/ul>\n<p style=\"color: rgb(34, 34, 34); font-family: Arial, Helvetica, sans-serif; font-size: small;\">O desempenho da bomba maceradora atende a todos os padr\u00f5es de qualidade, e a tecnologia dentro do vaso foi aprimorada para minimizar as emiss\u00f5es sonoras, mantendo o consumo de \u00e1gua e eletricidade baixo. A instala\u00e7\u00e3o, a tubula\u00e7\u00e3o e a fia\u00e7\u00e3o s\u00e3o r\u00e1pidas e f\u00e1ceis, com praticamente nenhuma manuten\u00e7\u00e3o necess\u00e1ria.<\/p>\n<p style=\"color: rgb(34, 34, 34); font-family: Arial, Helvetica, sans-serif; font-size: small;\">Os vasos sanit\u00e1rios marinhos Tecma Nano s\u00e3o comumente encontrados a bordo de barcos Chaparral, Monterey e Canados.<\/p>\n<p style=\"color: rgb(34, 34, 34); font-family: Arial, Helvetica, sans-serif; font-size: small;\"><strong>Especifica\u00e7\u00f5es:<\/strong><\/p>\n<ul style=\"color: rgb(34, 34, 34); font-family: Arial, Helvetica, sans-serif; font-size: small;\">\n<li>Peso: 17,6 kg (38,8 lb)<\/li>\n<li>Bomba de Sa\u00edda: MAC 4 12V<\/li>\n<li>Dispositivo de Entrada: Solen\u00f3ide (bomba de entrada opcional)<\/li>\n<\/ul>\n","protected":false},"excerpt":{"rendered":"<p>Sanit\u00e1rio Tecma Nano 24v (Painel All-in-One SFT) &#8211; Vaso Sanit\u00e1rio Tecma Nano 24v com painel SFT All-in-One. Apresentando o vaso<\/p>\n","protected":false},"featured_media":5941647,"comment_status":"open","ping_status":"closed","template":"","meta":[],"product_brand":[3472],"product_cat":[1962],"product_tag":[],"class_list":{"0":"post-750262","1":"product","2":"type-product","3":"status-publish","4":"has-post-thumbnail","6":"product_brand-tecma-pt","7":"product_cat-sanitarios-e-casas-de-banho","9":"first","10":"instock","11":"shipping-taxable","12":"purchasable","13":"product-type-simple"},"_links":{"self":[{"href":"https:\/\/stoic-curie.212-227-153-4.plesk.page\/pt\/wp-json\/wp\/v2\/product\/750262","targetHints":{"allow":["GET"]}}],"collection":[{"href":"https:\/\/stoic-curie.212-227-153-4.plesk.page\/pt\/wp-json\/wp\/v2\/product"}],"about":[{"href":"https:\/\/stoic-curie.212-227-153-4.plesk.page\/pt\/wp-json\/wp\/v2\/types\/product"}],"replies":[{"embeddable":true,"href":"https:\/\/stoic-curie.212-227-153-4.plesk.page\/pt\/wp-json\/wp\/v2\/comments?post=750262"}],"version-history":[{"count":0,"href":"https:\/\/stoic-curie.212-227-153-4.plesk.page\/pt\/wp-json\/wp\/v2\/product\/750262\/revisions"}],"wp:featuredmedia":[{"embeddable":true,"href":"https:\/\/stoic-curie.212-227-153-4.plesk.page\/pt\/wp-json\/wp\/v2\/media\/5941647"}],"wp:attachment":[{"href":"https:\/\/stoic-curie.212-227-153-4.plesk.page\/pt\/wp-json\/wp\/v2\/media?parent=750262"}],"wp:term":[{"taxonomy":"product_brand","embeddable":true,"href":"https:\/\/stoic-curie.212-227-153-4.plesk.page\/pt\/wp-json\/wp\/v2\/product_brand?post=750262"},{"taxonomy":"product_cat","embeddable":true,"href":"https:\/\/stoic-curie.212-227-153-4.plesk.page\/pt\/wp-json\/wp\/v2\/product_cat?post=750262"},{"taxonomy":"product_tag","embeddable":true,"href":"https:\/\/stoic-curie.212-227-153-4.plesk.page\/pt\/wp-json\/wp\/v2\/product_tag?post=750262"}],"curies":[{"name":"wp","href":"https:\/\/api.w.org\/{rel}","templated":true}]}}