{"id":750265,"date":"2025-03-03T22:43:30","date_gmt":"2025-03-03T21:43:30","guid":{"rendered":"https:\/\/stoic-curie.212-227-153-4.plesk.page\/producto\/sanita-maritima-tecma-silence-plus-2g-24v-com-painel-all-in-one-sft\/"},"modified":"2026-02-25T00:28:13","modified_gmt":"2026-02-25T00:28:13","slug":"sanita-maritima-tecma-silence-plus-2g-24v-com-painel-all-in-one-sft","status":"publish","type":"product","link":"https:\/\/stoic-curie.212-227-153-4.plesk.page\/pt\/product\/sanita-maritima-tecma-silence-plus-2g-24v-com-painel-all-in-one-sft\/","title":{"rendered":"Sanita Mar\u00edtima Tecma Silence Plus 2G 24V (All-in-One SFT Panel)"},"content":{"rendered":"<p>Sanita Mar\u00edtima Tecma Silence Plus 2G 24V (All-in-One SFT Panel) &#8211; <\/p>\n<p style=\"color: rgb(34, 34, 34); font-family: Arial, Helvetica, sans-serif; font-size: small;\">Vaso sanit\u00e1rio Tecma Silence Plus 2G com painel SFT tudo em um<\/p>\n<p style=\"color: rgb(34, 34, 34); font-family: Arial, Helvetica, sans-serif; font-size: small;\">O vaso sanit\u00e1rio Tecma Silence Plus 2G funciona em um sistema el\u00e9trico de 24V e \u00e9 equipado com o painel SFT tudo em um padr\u00e3o, que apresenta uma interface de bot\u00e3o duplo para fun\u00e7\u00f5es de adi\u00e7\u00e3o de \u00e1gua e descarga. Este modelo utiliza a tecnologia Smart Flush, que garante redu\u00e7\u00e3o do uso de \u00e1gua e sa\u00edda de ru\u00eddo m\u00ednima. Al\u00e9m disso, vem com prote\u00e7\u00e3o contra transbordamento de \u00e1gua e monitoramento do tanque de res\u00edduos, aumentando a conveni\u00eancia do usu\u00e1rio. Seu design visualmente atraente contribui para o conforto em espa\u00e7os apertados, enquanto o assento de termopl\u00e1stico \u00e9 equipado com um mecanismo de fechamento suave para evitar danos e minimizar o ru\u00eddo. Projetado para efici\u00eancia, reduz significativamente o consumo de \u00e1gua, o uso el\u00e9trico e os n\u00edveis de som. Os processos de instala\u00e7\u00e3o e fia\u00e7\u00e3o s\u00e3o simples e n\u00e3o requerem manuten\u00e7\u00e3o cont\u00ednua.<\/p>\n<p style=\"color: rgb(34, 34, 34); font-family: Arial, Helvetica, sans-serif; font-size: small;\">A Silence Plus 2G combina a confiabilidade apreciada da Thetford com o sofisticado design italiano, epitomizando o auge da tecnologia de vasos sanit\u00e1rios marinhos. Como a op\u00e7\u00e3o de &#8216;grande bacia&#8217; dentro da s\u00e9rie Flexi-Line, ela \u00e9 a pedra angular dessa cole\u00e7\u00e3o. Com recursos aprimorados e avan\u00e7os de sua segunda gera\u00e7\u00e3o, a Silence Plus 2G oferece desempenho e conforto excepcionais. Seu comprimento de 51 cm (20,1 polegadas) garante uma experi\u00eancia de assento semelhante \u00e0 de um vaso sanit\u00e1rio convencional.<\/p>\n<p style=\"color: rgb(34, 34, 34); font-family: Arial, Helvetica, sans-serif; font-size: small;\">Este modelo sofisticado tamb\u00e9m inclui um bid\u00ea correspondente, o Bid\u00ea Silence Plus 2G, criando um par ideal para seu banheiro.<\/p>\n<p style=\"color: rgb(34, 34, 34); font-family: Arial, Helvetica, sans-serif; font-size: small;\">A Silence Plus representa a vers\u00e3o maior da s\u00e9rie de vasos sanit\u00e1rios el\u00e9tricos Flexi-Line da Thetford, projetada para desempenho e conforto superiores. O amplo comprimento de 51 cm garante uma experi\u00eancia de assento confort\u00e1vel, como enfatizado pela Thetford. A moderna bacia de cer\u00e2mica italiana, combinada com o aprimorado sistema de macera\u00e7\u00e3o de segunda gera\u00e7\u00e3o da Thetford, torna este vaso sanit\u00e1rio uma escolha excepcional para aplica\u00e7\u00f5es mar\u00edtimas.<\/p>\n<p style=\"color: rgb(34, 34, 34); font-family: Arial, Helvetica, sans-serif; font-size: small;\">Este modelo \u00e9 projetado para instala\u00e7\u00e3o em um degrau elevado de 10 cm, com todos os componentes de encanamento inteligentemente escondidos dentro da carca\u00e7a do vaso sanit\u00e1rio, permitindo um ajuste perfeito contra a parede e o ch\u00e3o.<\/p>\n<p style=\"color: rgb(34, 34, 34); font-family: Arial, Helvetica, sans-serif; font-size: small;\">Principais recursos:<\/p>\n<ul style=\"color: rgb(34, 34, 34); font-family: Arial, Helvetica, sans-serif; font-size: small;\">\n<li>Bacia espa\u00e7osa de cer\u00e2mica italiana<\/li>\n<li>Assento higi\u00eanico de termopl\u00e1stico com fechamento suave<\/li>\n<li>Painel de controle com contornos intercambi\u00e1veis brancos ou pretos<\/li>\n<li>Consumo de \u00e1gua ajust\u00e1vel, com a op\u00e7\u00e3o de conex\u00e3o a um medidor de tanque para evitar transbordamentos<\/li>\n<li>Instala\u00e7\u00e3o sem esfor\u00e7o em um sistema de \u00e1gua limpa pressurizado<\/li>\n<li>Op\u00e7\u00e3o de conex\u00e3o a um fornecimento de \u00e1gua bruta (\u00e1gua do mar)<\/li>\n<li>Duas v\u00e1lvulas de seguran\u00e7a unidirecionais integradas<\/li>\n<li>Aerador de v\u00f3rtice de alta velocidade<\/li>\n<li>V\u00e1lvula de ar embutida<\/li>\n<\/ul>\n<p style=\"color: rgb(34, 34, 34); font-family: Arial, Helvetica, sans-serif; font-size: small;\">Este pacote de vaso sanit\u00e1rio inclui todos os componentes essenciais para a instala\u00e7\u00e3o: uma sa\u00edda de res\u00edduos de 38 mm, uma entrada de \u00e1gua de 19 mm e um chicote completo de fia\u00e7\u00e3o.<\/p>\n<p style=\"color: rgb(34, 34, 34); font-family: Arial, Helvetica, sans-serif; font-size: small;\">O Tecma Silence Plus 2G \u00e9 um vaso sanit\u00e1rio de alta qualidade que \u00e9 f\u00e1cil de instalar e serve como uma excelente atualiza\u00e7\u00e3o em rela\u00e7\u00e3o aos sistemas de gravidade tradicionais.<\/p>\n","protected":false},"excerpt":{"rendered":"<p>Sanita Mar\u00edtima Tecma Silence Plus 2G 24V (All-in-One SFT Panel) &#8211; Vaso sanit\u00e1rio Tecma Silence Plus 2G com painel SFT<\/p>\n","protected":false},"featured_media":5945372,"comment_status":"open","ping_status":"closed","template":"","meta":[],"product_brand":[3472],"product_cat":[1962],"product_tag":[],"class_list":{"0":"post-750265","1":"product","2":"type-product","3":"status-publish","4":"has-post-thumbnail","6":"product_brand-tecma-pt","7":"product_cat-sanitarios-e-casas-de-banho","9":"first","10":"instock","11":"shipping-taxable","12":"purchasable","13":"product-type-simple"},"_links":{"self":[{"href":"https:\/\/stoic-curie.212-227-153-4.plesk.page\/pt\/wp-json\/wp\/v2\/product\/750265","targetHints":{"allow":["GET"]}}],"collection":[{"href":"https:\/\/stoic-curie.212-227-153-4.plesk.page\/pt\/wp-json\/wp\/v2\/product"}],"about":[{"href":"https:\/\/stoic-curie.212-227-153-4.plesk.page\/pt\/wp-json\/wp\/v2\/types\/product"}],"replies":[{"embeddable":true,"href":"https:\/\/stoic-curie.212-227-153-4.plesk.page\/pt\/wp-json\/wp\/v2\/comments?post=750265"}],"version-history":[{"count":0,"href":"https:\/\/stoic-curie.212-227-153-4.plesk.page\/pt\/wp-json\/wp\/v2\/product\/750265\/revisions"}],"wp:featuredmedia":[{"embeddable":true,"href":"https:\/\/stoic-curie.212-227-153-4.plesk.page\/pt\/wp-json\/wp\/v2\/media\/5945372"}],"wp:attachment":[{"href":"https:\/\/stoic-curie.212-227-153-4.plesk.page\/pt\/wp-json\/wp\/v2\/media?parent=750265"}],"wp:term":[{"taxonomy":"product_brand","embeddable":true,"href":"https:\/\/stoic-curie.212-227-153-4.plesk.page\/pt\/wp-json\/wp\/v2\/product_brand?post=750265"},{"taxonomy":"product_cat","embeddable":true,"href":"https:\/\/stoic-curie.212-227-153-4.plesk.page\/pt\/wp-json\/wp\/v2\/product_cat?post=750265"},{"taxonomy":"product_tag","embeddable":true,"href":"https:\/\/stoic-curie.212-227-153-4.plesk.page\/pt\/wp-json\/wp\/v2\/product_tag?post=750265"}],"curies":[{"name":"wp","href":"https:\/\/api.w.org\/{rel}","templated":true}]}}