{"id":750270,"date":"2025-03-03T22:43:32","date_gmt":"2025-03-03T21:43:32","guid":{"rendered":"https:\/\/stoic-curie.212-227-153-4.plesk.page\/producto\/painel-tecma-tudo-em-um-sft-2-botoes-t-pf-p11\/"},"modified":"2026-02-25T00:28:13","modified_gmt":"2026-02-25T00:28:13","slug":"painel-tecma-tudo-em-um-sft-2-botoes-t-pf-p11","status":"publish","type":"product","link":"https:\/\/stoic-curie.212-227-153-4.plesk.page\/pt\/product\/painel-tecma-tudo-em-um-sft-2-botoes-t-pf-p11\/","title":{"rendered":"Painel Tecma Tudo-em-um SFT 2 Bot\u00f5es T-PF.P11"},"content":{"rendered":"<p>Painel Tecma Tudo-em-um SFT 2 Bot\u00f5es T-PF.P11 &#8211; <\/p>\n<p>Acess\u00f3rios e pe\u00e7as de reposi\u00e7\u00e3o para sanitas da s\u00e9rie Tecma Design (X-Light, Privilege, Evolution, Breeze) e Flexi (Silence, Elegance).<\/p>\n","protected":false},"excerpt":{"rendered":"<p>Painel Tecma Tudo-em-um SFT 2 Bot\u00f5es T-PF.P11 &#8211; Acess\u00f3rios e pe\u00e7as de reposi\u00e7\u00e3o para sanitas da s\u00e9rie Tecma Design (X-Light,<\/p>\n","protected":false},"featured_media":5945384,"comment_status":"open","ping_status":"closed","template":"","meta":[],"product_brand":[3472],"product_cat":[1962],"product_tag":[],"class_list":{"0":"post-750270","1":"product","2":"type-product","3":"status-publish","4":"has-post-thumbnail","6":"product_brand-tecma-pt","7":"product_cat-sanitarios-e-casas-de-banho","9":"first","10":"instock","11":"shipping-taxable","12":"purchasable","13":"product-type-simple"},"_links":{"self":[{"href":"https:\/\/stoic-curie.212-227-153-4.plesk.page\/pt\/wp-json\/wp\/v2\/product\/750270","targetHints":{"allow":["GET"]}}],"collection":[{"href":"https:\/\/stoic-curie.212-227-153-4.plesk.page\/pt\/wp-json\/wp\/v2\/product"}],"about":[{"href":"https:\/\/stoic-curie.212-227-153-4.plesk.page\/pt\/wp-json\/wp\/v2\/types\/product"}],"replies":[{"embeddable":true,"href":"https:\/\/stoic-curie.212-227-153-4.plesk.page\/pt\/wp-json\/wp\/v2\/comments?post=750270"}],"version-history":[{"count":0,"href":"https:\/\/stoic-curie.212-227-153-4.plesk.page\/pt\/wp-json\/wp\/v2\/product\/750270\/revisions"}],"wp:featuredmedia":[{"embeddable":true,"href":"https:\/\/stoic-curie.212-227-153-4.plesk.page\/pt\/wp-json\/wp\/v2\/media\/5945384"}],"wp:attachment":[{"href":"https:\/\/stoic-curie.212-227-153-4.plesk.page\/pt\/wp-json\/wp\/v2\/media?parent=750270"}],"wp:term":[{"taxonomy":"product_brand","embeddable":true,"href":"https:\/\/stoic-curie.212-227-153-4.plesk.page\/pt\/wp-json\/wp\/v2\/product_brand?post=750270"},{"taxonomy":"product_cat","embeddable":true,"href":"https:\/\/stoic-curie.212-227-153-4.plesk.page\/pt\/wp-json\/wp\/v2\/product_cat?post=750270"},{"taxonomy":"product_tag","embeddable":true,"href":"https:\/\/stoic-curie.212-227-153-4.plesk.page\/pt\/wp-json\/wp\/v2\/product_tag?post=750270"}],"curies":[{"name":"wp","href":"https:\/\/api.w.org\/{rel}","templated":true}]}}