{"id":750276,"date":"2025-03-03T22:43:33","date_gmt":"2025-03-03T21:43:33","guid":{"rendered":"https:\/\/stoic-curie.212-227-153-4.plesk.page\/producto\/assento-sobressalente-para-sanita-tecma-compass-t-781tbfr\/"},"modified":"2026-02-25T00:28:13","modified_gmt":"2026-02-25T00:28:13","slug":"assento-sobressalente-para-sanita-tecma-compass-t-781tbfr","status":"publish","type":"product","link":"https:\/\/stoic-curie.212-227-153-4.plesk.page\/pt\/product\/assento-sobressalente-para-sanita-tecma-compass-t-781tbfr\/","title":{"rendered":"Assento Sobressalente para Sanita Tecma Compass T-781TBFR"},"content":{"rendered":"<p>Assento Sobressalente para Sanita Tecma Compass T-781TBFR &#8211; <\/p>\n<p>Assentos e dobradi\u00e7as de vaso sanit\u00e1rio da s\u00e9rie Tecma Compact (Nano e Compass). <br \/>Para o vaso sanit\u00e1rio Nano: Assento moderno e leve de termofixos com tampa que oculta o assento. <br \/>Para o vaso sanit\u00e1rio Compass: Assento cl\u00e1ssico e robusto de termofixos com tampa e assento vis\u00edveis. <br \/>Fechamento suave: dobradi\u00e7as com sistema de amortecimento para evitar danos e ru\u00eddo.<\/p>\n","protected":false},"excerpt":{"rendered":"<p>Assento Sobressalente para Sanita Tecma Compass T-781TBFR &#8211; Assentos e dobradi\u00e7as de vaso sanit\u00e1rio da s\u00e9rie Tecma Compact (Nano e<\/p>\n","protected":false},"featured_media":5945389,"comment_status":"open","ping_status":"closed","template":"","meta":[],"product_brand":[3472],"product_cat":[1962],"product_tag":[],"class_list":{"0":"post-750276","1":"product","2":"type-product","3":"status-publish","4":"has-post-thumbnail","6":"product_brand-tecma-pt","7":"product_cat-sanitarios-e-casas-de-banho","9":"first","10":"instock","11":"shipping-taxable","12":"purchasable","13":"product-type-simple"},"_links":{"self":[{"href":"https:\/\/stoic-curie.212-227-153-4.plesk.page\/pt\/wp-json\/wp\/v2\/product\/750276","targetHints":{"allow":["GET"]}}],"collection":[{"href":"https:\/\/stoic-curie.212-227-153-4.plesk.page\/pt\/wp-json\/wp\/v2\/product"}],"about":[{"href":"https:\/\/stoic-curie.212-227-153-4.plesk.page\/pt\/wp-json\/wp\/v2\/types\/product"}],"replies":[{"embeddable":true,"href":"https:\/\/stoic-curie.212-227-153-4.plesk.page\/pt\/wp-json\/wp\/v2\/comments?post=750276"}],"version-history":[{"count":0,"href":"https:\/\/stoic-curie.212-227-153-4.plesk.page\/pt\/wp-json\/wp\/v2\/product\/750276\/revisions"}],"wp:featuredmedia":[{"embeddable":true,"href":"https:\/\/stoic-curie.212-227-153-4.plesk.page\/pt\/wp-json\/wp\/v2\/media\/5945389"}],"wp:attachment":[{"href":"https:\/\/stoic-curie.212-227-153-4.plesk.page\/pt\/wp-json\/wp\/v2\/media?parent=750276"}],"wp:term":[{"taxonomy":"product_brand","embeddable":true,"href":"https:\/\/stoic-curie.212-227-153-4.plesk.page\/pt\/wp-json\/wp\/v2\/product_brand?post=750276"},{"taxonomy":"product_cat","embeddable":true,"href":"https:\/\/stoic-curie.212-227-153-4.plesk.page\/pt\/wp-json\/wp\/v2\/product_cat?post=750276"},{"taxonomy":"product_tag","embeddable":true,"href":"https:\/\/stoic-curie.212-227-153-4.plesk.page\/pt\/wp-json\/wp\/v2\/product_tag?post=750276"}],"curies":[{"name":"wp","href":"https:\/\/api.w.org\/{rel}","templated":true}]}}