{"id":750280,"date":"2025-03-03T22:43:34","date_gmt":"2025-03-03T21:43:34","guid":{"rendered":"https:\/\/stoic-curie.212-227-153-4.plesk.page\/producto\/dobradicas-sobressalentes-para-sanita-tecma-silence-plus-t-pf-p83\/"},"modified":"2026-02-25T00:28:13","modified_gmt":"2026-02-25T00:28:13","slug":"dobradicas-sobressalentes-para-sanita-tecma-silence-plus-t-pf-p83","status":"publish","type":"product","link":"https:\/\/stoic-curie.212-227-153-4.plesk.page\/pt\/product\/dobradicas-sobressalentes-para-sanita-tecma-silence-plus-t-pf-p83\/","title":{"rendered":"Dobradi\u00e7as Sobressalentes para Sanita Tecma Silence Plus T-PF.P83"},"content":{"rendered":"<p>Dobradi\u00e7as Sobressalentes para Sanita Tecma Silence Plus T-PF.P83 &#8211; <\/p>\n<p>S\u00e9ries de assentos e dobradi\u00e7as de toilets Design (Breeze) e Flexi (Silence, Elegance). PE: Assento em poli\u00e9ster cl\u00e1ssico e robusto com tampa, onde tanto o assento quanto a tampa s\u00e3o vis\u00edveis. TE: Assento moderno e leve em termofixo com tampa que oculta o assento. Fechamento suave: dobradi\u00e7as com sistema de amortecimento para evitar danos e ru\u00eddos.<\/p>\n","protected":false},"excerpt":{"rendered":"<p>Dobradi\u00e7as Sobressalentes para Sanita Tecma Silence Plus T-PF.P83 &#8211; S\u00e9ries de assentos e dobradi\u00e7as de toilets Design (Breeze) e Flexi<\/p>\n","protected":false},"featured_media":5945395,"comment_status":"open","ping_status":"closed","template":"","meta":[],"product_brand":[3472],"product_cat":[1962],"product_tag":[],"class_list":{"0":"post-750280","1":"product","2":"type-product","3":"status-publish","4":"has-post-thumbnail","6":"product_brand-tecma-pt","7":"product_cat-sanitarios-e-casas-de-banho","9":"first","10":"instock","11":"shipping-taxable","12":"purchasable","13":"product-type-simple"},"_links":{"self":[{"href":"https:\/\/stoic-curie.212-227-153-4.plesk.page\/pt\/wp-json\/wp\/v2\/product\/750280","targetHints":{"allow":["GET"]}}],"collection":[{"href":"https:\/\/stoic-curie.212-227-153-4.plesk.page\/pt\/wp-json\/wp\/v2\/product"}],"about":[{"href":"https:\/\/stoic-curie.212-227-153-4.plesk.page\/pt\/wp-json\/wp\/v2\/types\/product"}],"replies":[{"embeddable":true,"href":"https:\/\/stoic-curie.212-227-153-4.plesk.page\/pt\/wp-json\/wp\/v2\/comments?post=750280"}],"version-history":[{"count":0,"href":"https:\/\/stoic-curie.212-227-153-4.plesk.page\/pt\/wp-json\/wp\/v2\/product\/750280\/revisions"}],"wp:featuredmedia":[{"embeddable":true,"href":"https:\/\/stoic-curie.212-227-153-4.plesk.page\/pt\/wp-json\/wp\/v2\/media\/5945395"}],"wp:attachment":[{"href":"https:\/\/stoic-curie.212-227-153-4.plesk.page\/pt\/wp-json\/wp\/v2\/media?parent=750280"}],"wp:term":[{"taxonomy":"product_brand","embeddable":true,"href":"https:\/\/stoic-curie.212-227-153-4.plesk.page\/pt\/wp-json\/wp\/v2\/product_brand?post=750280"},{"taxonomy":"product_cat","embeddable":true,"href":"https:\/\/stoic-curie.212-227-153-4.plesk.page\/pt\/wp-json\/wp\/v2\/product_cat?post=750280"},{"taxonomy":"product_tag","embeddable":true,"href":"https:\/\/stoic-curie.212-227-153-4.plesk.page\/pt\/wp-json\/wp\/v2\/product_tag?post=750280"}],"curies":[{"name":"wp","href":"https:\/\/api.w.org\/{rel}","templated":true}]}}