{"id":750281,"date":"2025-03-03T22:43:35","date_gmt":"2025-03-03T21:43:35","guid":{"rendered":"https:\/\/stoic-curie.212-227-153-4.plesk.page\/producto\/assento-sobressalente-para-sanita-tecma-elegance-t-236tbfr\/"},"modified":"2026-02-25T00:28:13","modified_gmt":"2026-02-25T00:28:13","slug":"assento-sobressalente-para-sanita-tecma-elegance-t-236tbfr","status":"publish","type":"product","link":"https:\/\/stoic-curie.212-227-153-4.plesk.page\/pt\/product\/assento-sobressalente-para-sanita-tecma-elegance-t-236tbfr\/","title":{"rendered":"Assento Sobressalente para Sanita Tecma Elegance T-236TBFR"},"content":{"rendered":"<p>Assento Sobressalente para Sanita Tecma Elegance T-236TBFR &#8211; <\/p>\n<p>S\u00e9ries de assentos e dobradi\u00e7as de toaletes Design (Breeze) e Flexi (Silence, Elegance). PE: Assento cl\u00e1ssico e robusto de poli\u00e9ster com tampa e assento vis\u00edveis. TE: Assento moderno e leve de termofixo com tampa que esconde o assento. Fechamento suave: dobradi\u00e7as com sistema de amortecimento para evitar danos e ru\u00eddos.<\/p>\n","protected":false},"excerpt":{"rendered":"<p>Assento Sobressalente para Sanita Tecma Elegance T-236TBFR &#8211; S\u00e9ries de assentos e dobradi\u00e7as de toaletes Design (Breeze) e Flexi (Silence,<\/p>\n","protected":false},"featured_media":5945396,"comment_status":"open","ping_status":"closed","template":"","meta":[],"product_brand":[3472],"product_cat":[1962],"product_tag":[],"class_list":{"0":"post-750281","1":"product","2":"type-product","3":"status-publish","4":"has-post-thumbnail","6":"product_brand-tecma-pt","7":"product_cat-sanitarios-e-casas-de-banho","9":"first","10":"instock","11":"shipping-taxable","12":"purchasable","13":"product-type-simple"},"_links":{"self":[{"href":"https:\/\/stoic-curie.212-227-153-4.plesk.page\/pt\/wp-json\/wp\/v2\/product\/750281","targetHints":{"allow":["GET"]}}],"collection":[{"href":"https:\/\/stoic-curie.212-227-153-4.plesk.page\/pt\/wp-json\/wp\/v2\/product"}],"about":[{"href":"https:\/\/stoic-curie.212-227-153-4.plesk.page\/pt\/wp-json\/wp\/v2\/types\/product"}],"replies":[{"embeddable":true,"href":"https:\/\/stoic-curie.212-227-153-4.plesk.page\/pt\/wp-json\/wp\/v2\/comments?post=750281"}],"version-history":[{"count":0,"href":"https:\/\/stoic-curie.212-227-153-4.plesk.page\/pt\/wp-json\/wp\/v2\/product\/750281\/revisions"}],"wp:featuredmedia":[{"embeddable":true,"href":"https:\/\/stoic-curie.212-227-153-4.plesk.page\/pt\/wp-json\/wp\/v2\/media\/5945396"}],"wp:attachment":[{"href":"https:\/\/stoic-curie.212-227-153-4.plesk.page\/pt\/wp-json\/wp\/v2\/media?parent=750281"}],"wp:term":[{"taxonomy":"product_brand","embeddable":true,"href":"https:\/\/stoic-curie.212-227-153-4.plesk.page\/pt\/wp-json\/wp\/v2\/product_brand?post=750281"},{"taxonomy":"product_cat","embeddable":true,"href":"https:\/\/stoic-curie.212-227-153-4.plesk.page\/pt\/wp-json\/wp\/v2\/product_cat?post=750281"},{"taxonomy":"product_tag","embeddable":true,"href":"https:\/\/stoic-curie.212-227-153-4.plesk.page\/pt\/wp-json\/wp\/v2\/product_tag?post=750281"}],"curies":[{"name":"wp","href":"https:\/\/api.w.org\/{rel}","templated":true}]}}