{"id":750282,"date":"2025-03-03T22:43:35","date_gmt":"2025-03-03T21:43:35","guid":{"rendered":"https:\/\/stoic-curie.212-227-153-4.plesk.page\/producto\/dobradicas-sobressalentes-para-sanita-tecma-elegance-t-pf-p84\/"},"modified":"2026-02-25T00:28:13","modified_gmt":"2026-02-25T00:28:13","slug":"dobradicas-sobressalentes-para-sanita-tecma-elegance-t-pf-p84","status":"publish","type":"product","link":"https:\/\/stoic-curie.212-227-153-4.plesk.page\/pt\/product\/dobradicas-sobressalentes-para-sanita-tecma-elegance-t-pf-p84\/","title":{"rendered":"Dobradi\u00e7as Sobressalentes para Sanita Tecma Elegance T-PF.P84"},"content":{"rendered":"<p>Dobradi\u00e7as Sobressalentes para Sanita Tecma Elegance T-PF.P84 &#8211; <\/p>\n<p>Assentos e dobradi\u00e7as da s\u00e9rie Design (Breeze) e Flexi (Silence, Elegance). PE: Assento robusto e cl\u00e1ssico em poli\u00e9ster com tampa e assento vis\u00edveis. TE: Assento moderno e leve em termofixo com tampa que esconde o assento. Dobradi\u00e7as com sistema de fechamento suave para evitar danos e ru\u00eddo.<\/p>\n","protected":false},"excerpt":{"rendered":"<p>Dobradi\u00e7as Sobressalentes para Sanita Tecma Elegance T-PF.P84 &#8211; Assentos e dobradi\u00e7as da s\u00e9rie Design (Breeze) e Flexi (Silence, Elegance). PE:<\/p>\n","protected":false},"featured_media":5945395,"comment_status":"open","ping_status":"closed","template":"","meta":[],"product_brand":[3472],"product_cat":[1962],"product_tag":[],"class_list":{"0":"post-750282","1":"product","2":"type-product","3":"status-publish","4":"has-post-thumbnail","6":"product_brand-tecma-pt","7":"product_cat-sanitarios-e-casas-de-banho","9":"first","10":"instock","11":"shipping-taxable","12":"purchasable","13":"product-type-simple"},"_links":{"self":[{"href":"https:\/\/stoic-curie.212-227-153-4.plesk.page\/pt\/wp-json\/wp\/v2\/product\/750282","targetHints":{"allow":["GET"]}}],"collection":[{"href":"https:\/\/stoic-curie.212-227-153-4.plesk.page\/pt\/wp-json\/wp\/v2\/product"}],"about":[{"href":"https:\/\/stoic-curie.212-227-153-4.plesk.page\/pt\/wp-json\/wp\/v2\/types\/product"}],"replies":[{"embeddable":true,"href":"https:\/\/stoic-curie.212-227-153-4.plesk.page\/pt\/wp-json\/wp\/v2\/comments?post=750282"}],"version-history":[{"count":0,"href":"https:\/\/stoic-curie.212-227-153-4.plesk.page\/pt\/wp-json\/wp\/v2\/product\/750282\/revisions"}],"wp:featuredmedia":[{"embeddable":true,"href":"https:\/\/stoic-curie.212-227-153-4.plesk.page\/pt\/wp-json\/wp\/v2\/media\/5945395"}],"wp:attachment":[{"href":"https:\/\/stoic-curie.212-227-153-4.plesk.page\/pt\/wp-json\/wp\/v2\/media?parent=750282"}],"wp:term":[{"taxonomy":"product_brand","embeddable":true,"href":"https:\/\/stoic-curie.212-227-153-4.plesk.page\/pt\/wp-json\/wp\/v2\/product_brand?post=750282"},{"taxonomy":"product_cat","embeddable":true,"href":"https:\/\/stoic-curie.212-227-153-4.plesk.page\/pt\/wp-json\/wp\/v2\/product_cat?post=750282"},{"taxonomy":"product_tag","embeddable":true,"href":"https:\/\/stoic-curie.212-227-153-4.plesk.page\/pt\/wp-json\/wp\/v2\/product_tag?post=750282"}],"curies":[{"name":"wp","href":"https:\/\/api.w.org\/{rel}","templated":true}]}}