{"id":750287,"date":"2025-03-03T22:43:37","date_gmt":"2025-03-03T21:43:37","guid":{"rendered":"https:\/\/stoic-curie.212-227-153-4.plesk.page\/producto\/deposito-de-aguas-residuais-com-bomba-jabsco-de-12v-modelo-flat-61-litros\/"},"modified":"2026-02-25T00:28:13","modified_gmt":"2026-02-25T00:28:13","slug":"deposito-de-aguas-residuais-com-bomba-jabsco-de-12v-modelo-flat-61-litros","status":"publish","type":"product","link":"https:\/\/stoic-curie.212-227-153-4.plesk.page\/pt\/product\/deposito-de-aguas-residuais-com-bomba-jabsco-de-12v-modelo-flat-61-litros\/","title":{"rendered":"Dep\u00f3sito de \u00c1guas Residuais com Bomba Jabsco de 12V (Modelo Flat 61 litros)"},"content":{"rendered":"<p>Dep\u00f3sito de \u00c1guas Residuais com Bomba Jabsco de 12V (Modelo Flat 61 litros) &#8211; <\/p>\n<p>Os tanques de esgoto e res\u00edduos em polietileno de alta densidade s\u00e3o projetados meticulosamente com foco na durabilidade e efici\u00eancia, totalmente equipados com um sistema de descarte confi\u00e1vel para atender \u00e0s suas necessidades de navega\u00e7\u00e3o. Cada tanque conta com uma robusta bomba auto-escorvante Jabsco de 12V, conhecida por sua confiabilidade e alto desempenho. Esta bomba possui uma conex\u00e3o de 38 mm, garantindo uma liga\u00e7\u00e3o segura para uma gest\u00e3o eficiente de res\u00edduos.<\/p>\n<p>Para melhorar a acessibilidade, cada tanque est\u00e1 equipado com uma pr\u00e1tica tampa de 10 furos, facilitando o acesso para manuten\u00e7\u00e3o quando necess\u00e1rio. Al\u00e9m disso, oferecemos um conector girat\u00f3rio de tubo para mangueira medindo 38 mm, que oferece flexibilidade na sua instala\u00e7\u00e3o. Para versatilidade adicional, um conector de tubo para mangueira de a\u00e7o inoxid\u00e1vel de 16 mm tamb\u00e9m est\u00e1 inclu\u00eddo, garantindo compatibilidade com v\u00e1rios sistemas.<\/p>\n<p>Para monitorar com precis\u00e3o os n\u00edveis de res\u00edduos, fornecemos um sensor de n\u00edvel tubular de 240-33 Ohm, que auxilia no acompanhamento do conte\u00fado do tanque. Al\u00e9m disso, para mitigar odores desagrad\u00e1veis, um filtro anti-odor est\u00e1 inclu\u00eddo, completo com um la\u00e7o de ventila\u00e7\u00e3o e sif\u00e3o de exaust\u00e3o. Esse conjunto abrangente garante uma gest\u00e3o eficiente de res\u00edduos, tornando-se uma melhoria essencial para a sua experi\u00eancia de navega\u00e7\u00e3o.<\/p>\n","protected":false},"excerpt":{"rendered":"<p>Dep\u00f3sito de \u00c1guas Residuais com Bomba Jabsco de 12V (Modelo Flat 61 litros) &#8211; Os tanques de esgoto e res\u00edduos<\/p>\n","protected":false},"featured_media":5945399,"comment_status":"open","ping_status":"closed","template":"","meta":[],"product_brand":[2857],"product_cat":[1943,1936],"product_tag":[],"class_list":{"0":"post-750287","1":"product","2":"type-product","3":"status-publish","4":"has-post-thumbnail","6":"product_brand-can-marine-pt","7":"product_cat-sistema-de-aguas-cinzentas","8":"product_cat-tanques-de-aguas-residuais","10":"first","11":"instock","12":"shipping-taxable","13":"purchasable","14":"product-type-simple"},"_links":{"self":[{"href":"https:\/\/stoic-curie.212-227-153-4.plesk.page\/pt\/wp-json\/wp\/v2\/product\/750287","targetHints":{"allow":["GET"]}}],"collection":[{"href":"https:\/\/stoic-curie.212-227-153-4.plesk.page\/pt\/wp-json\/wp\/v2\/product"}],"about":[{"href":"https:\/\/stoic-curie.212-227-153-4.plesk.page\/pt\/wp-json\/wp\/v2\/types\/product"}],"replies":[{"embeddable":true,"href":"https:\/\/stoic-curie.212-227-153-4.plesk.page\/pt\/wp-json\/wp\/v2\/comments?post=750287"}],"version-history":[{"count":0,"href":"https:\/\/stoic-curie.212-227-153-4.plesk.page\/pt\/wp-json\/wp\/v2\/product\/750287\/revisions"}],"wp:featuredmedia":[{"embeddable":true,"href":"https:\/\/stoic-curie.212-227-153-4.plesk.page\/pt\/wp-json\/wp\/v2\/media\/5945399"}],"wp:attachment":[{"href":"https:\/\/stoic-curie.212-227-153-4.plesk.page\/pt\/wp-json\/wp\/v2\/media?parent=750287"}],"wp:term":[{"taxonomy":"product_brand","embeddable":true,"href":"https:\/\/stoic-curie.212-227-153-4.plesk.page\/pt\/wp-json\/wp\/v2\/product_brand?post=750287"},{"taxonomy":"product_cat","embeddable":true,"href":"https:\/\/stoic-curie.212-227-153-4.plesk.page\/pt\/wp-json\/wp\/v2\/product_cat?post=750287"},{"taxonomy":"product_tag","embeddable":true,"href":"https:\/\/stoic-curie.212-227-153-4.plesk.page\/pt\/wp-json\/wp\/v2\/product_tag?post=750287"}],"curies":[{"name":"wp","href":"https:\/\/api.w.org\/{rel}","templated":true}]}}