{"id":750289,"date":"2025-03-03T22:43:37","date_gmt":"2025-03-03T21:43:37","guid":{"rendered":"https:\/\/stoic-curie.212-227-153-4.plesk.page\/producto\/deposito-de-aguas-residuais-com-bomba-jabsco-de-12v-modelo-standard-73-litros\/"},"modified":"2026-02-25T00:28:13","modified_gmt":"2026-02-25T00:28:13","slug":"deposito-de-aguas-residuais-com-bomba-jabsco-de-12v-modelo-standard-73-litros","status":"publish","type":"product","link":"https:\/\/stoic-curie.212-227-153-4.plesk.page\/pt\/product\/deposito-de-aguas-residuais-com-bomba-jabsco-de-12v-modelo-standard-73-litros\/","title":{"rendered":"Dep\u00f3sito de \u00c1guas Residuais com Bomba Jabsco de 12V (Modelo Standard 73 litros)"},"content":{"rendered":"<p>Dep\u00f3sito de \u00c1guas Residuais com Bomba Jabsco de 12V (Modelo Standard 73 litros) &#8211; <\/p>\n<p>Os tanques de esgoto e res\u00edduos em polietileno de alta densidade s\u00e3o projetados com foco tanto na durabilidade quanto na efici\u00eancia, e v\u00eam totalmente equipados com um sistema de descarga confi\u00e1vel para atender \u00e0s suas necessidades de navega\u00e7\u00e3o. Cada tanque \u00e9 equipado com uma robusta bomba auto-escorvante Jabsco de 12V, reconhecida por sua confiabilidade e alto desempenho. Essa bomba conta com um conector de 38 mm, garantindo uma conex\u00e3o segura para uma gest\u00e3o eficaz de res\u00edduos.<\/p>\n<p>Para melhorar a acessibilidade, cada tanque \u00e9 projetado com um pr\u00e1tico acesso de 10 buracos, permitindo f\u00e1cil acesso quando a manuten\u00e7\u00e3o \u00e9 necess\u00e1ria. Al\u00e9m disso, fornecemos um conector girat\u00f3rio de tubo para mangueira que mede 38 mm, oferecendo flexibilidade em sua configura\u00e7\u00e3o. Para maior versatilidade, tamb\u00e9m est\u00e1 inclu\u00eddo um conector de tubo para mangueira de a\u00e7o inoxid\u00e1vel de 16 mm, garantindo compatibilidade com v\u00e1rios sistemas.<\/p>\n<p>Para monitorar com precis\u00e3o os n\u00edveis de res\u00edduos, fornecemos um sensor de n\u00edvel tubular de 240-33 Ohm, que o ajuda a acompanhar o conte\u00fado do tanque. Al\u00e9m disso, para eliminar odores desagrad\u00e1veis, um filtro anti-odor est\u00e1 inclu\u00eddo, completo com um la\u00e7o de ventila\u00e7\u00e3o e sif\u00e3o de exaust\u00e3o. Este conjunto completo garante uma gest\u00e3o eficiente de res\u00edduos, tornando-se uma adi\u00e7\u00e3o vital \u00e0 sua experi\u00eancia de navega\u00e7\u00e3o.<\/p>\n","protected":false},"excerpt":{"rendered":"<p>Dep\u00f3sito de \u00c1guas Residuais com Bomba Jabsco de 12V (Modelo Standard 73 litros) &#8211; Os tanques de esgoto e res\u00edduos<\/p>\n","protected":false},"featured_media":5945399,"comment_status":"open","ping_status":"closed","template":"","meta":[],"product_brand":[2857],"product_cat":[1943,1936],"product_tag":[],"class_list":{"0":"post-750289","1":"product","2":"type-product","3":"status-publish","4":"has-post-thumbnail","6":"product_brand-can-marine-pt","7":"product_cat-sistema-de-aguas-cinzentas","8":"product_cat-tanques-de-aguas-residuais","10":"first","11":"instock","12":"shipping-taxable","13":"purchasable","14":"product-type-simple"},"_links":{"self":[{"href":"https:\/\/stoic-curie.212-227-153-4.plesk.page\/pt\/wp-json\/wp\/v2\/product\/750289","targetHints":{"allow":["GET"]}}],"collection":[{"href":"https:\/\/stoic-curie.212-227-153-4.plesk.page\/pt\/wp-json\/wp\/v2\/product"}],"about":[{"href":"https:\/\/stoic-curie.212-227-153-4.plesk.page\/pt\/wp-json\/wp\/v2\/types\/product"}],"replies":[{"embeddable":true,"href":"https:\/\/stoic-curie.212-227-153-4.plesk.page\/pt\/wp-json\/wp\/v2\/comments?post=750289"}],"version-history":[{"count":0,"href":"https:\/\/stoic-curie.212-227-153-4.plesk.page\/pt\/wp-json\/wp\/v2\/product\/750289\/revisions"}],"wp:featuredmedia":[{"embeddable":true,"href":"https:\/\/stoic-curie.212-227-153-4.plesk.page\/pt\/wp-json\/wp\/v2\/media\/5945399"}],"wp:attachment":[{"href":"https:\/\/stoic-curie.212-227-153-4.plesk.page\/pt\/wp-json\/wp\/v2\/media?parent=750289"}],"wp:term":[{"taxonomy":"product_brand","embeddable":true,"href":"https:\/\/stoic-curie.212-227-153-4.plesk.page\/pt\/wp-json\/wp\/v2\/product_brand?post=750289"},{"taxonomy":"product_cat","embeddable":true,"href":"https:\/\/stoic-curie.212-227-153-4.plesk.page\/pt\/wp-json\/wp\/v2\/product_cat?post=750289"},{"taxonomy":"product_tag","embeddable":true,"href":"https:\/\/stoic-curie.212-227-153-4.plesk.page\/pt\/wp-json\/wp\/v2\/product_tag?post=750289"}],"curies":[{"name":"wp","href":"https:\/\/api.w.org\/{rel}","templated":true}]}}