{"id":750291,"date":"2025-03-03T22:43:38","date_gmt":"2025-03-03T21:43:38","guid":{"rendered":"https:\/\/stoic-curie.212-227-153-4.plesk.page\/producto\/valvula-sifao-johnson-25mm\/"},"modified":"2026-02-25T00:28:13","modified_gmt":"2026-02-25T00:28:13","slug":"valvula-sifao-johnson-25mm","status":"publish","type":"product","link":"https:\/\/stoic-curie.212-227-153-4.plesk.page\/pt\/product\/valvula-sifao-johnson-25mm\/","title":{"rendered":"V\u00e1lvula Sif\u00e3o Johnson 25mm"},"content":{"rendered":"<p>V\u00e1lvula Sif\u00e3o Johnson 25mm &#8211; <\/p>\n<p>A la\u00e7ada ventilada est\u00e1 dispon\u00edvel em 3 tamanhos diferentes. Com sua forma de U invertida e uma ventila\u00e7\u00e3o na parte superior, permite a sa\u00edda de ar. As la\u00e7adas ventiladas s\u00e3o usadas para evitar a sifonagem reversa e s\u00e3o encontradas nas linhas de descarga de vasos sanit\u00e1rios ou em sistemas montados abaixo da linha d&#8217;\u00e1gua.<\/p>\n","protected":false},"excerpt":{"rendered":"<p>V\u00e1lvula Sif\u00e3o Johnson 25mm &#8211; A la\u00e7ada ventilada est\u00e1 dispon\u00edvel em 3 tamanhos diferentes. Com sua forma de U invertida<\/p>\n","protected":false},"featured_media":5945402,"comment_status":"open","ping_status":"closed","template":"","meta":[],"product_brand":[2206,3047],"product_cat":[1948,1936,1957],"product_tag":[],"class_list":{"0":"post-750291","1":"product","2":"type-product","3":"status-publish","4":"has-post-thumbnail","6":"product_brand-johnson-marine","7":"product_brand-johnson-marine-pt","8":"product_cat-acessorios-para-canalizacao-de-plastico","9":"product_cat-tanques-de-aguas-residuais","10":"product_cat-valvulas-maritimas","12":"first","13":"instock","14":"shipping-taxable","15":"purchasable","16":"product-type-simple"},"_links":{"self":[{"href":"https:\/\/stoic-curie.212-227-153-4.plesk.page\/pt\/wp-json\/wp\/v2\/product\/750291","targetHints":{"allow":["GET"]}}],"collection":[{"href":"https:\/\/stoic-curie.212-227-153-4.plesk.page\/pt\/wp-json\/wp\/v2\/product"}],"about":[{"href":"https:\/\/stoic-curie.212-227-153-4.plesk.page\/pt\/wp-json\/wp\/v2\/types\/product"}],"replies":[{"embeddable":true,"href":"https:\/\/stoic-curie.212-227-153-4.plesk.page\/pt\/wp-json\/wp\/v2\/comments?post=750291"}],"version-history":[{"count":0,"href":"https:\/\/stoic-curie.212-227-153-4.plesk.page\/pt\/wp-json\/wp\/v2\/product\/750291\/revisions"}],"wp:featuredmedia":[{"embeddable":true,"href":"https:\/\/stoic-curie.212-227-153-4.plesk.page\/pt\/wp-json\/wp\/v2\/media\/5945402"}],"wp:attachment":[{"href":"https:\/\/stoic-curie.212-227-153-4.plesk.page\/pt\/wp-json\/wp\/v2\/media?parent=750291"}],"wp:term":[{"taxonomy":"product_brand","embeddable":true,"href":"https:\/\/stoic-curie.212-227-153-4.plesk.page\/pt\/wp-json\/wp\/v2\/product_brand?post=750291"},{"taxonomy":"product_cat","embeddable":true,"href":"https:\/\/stoic-curie.212-227-153-4.plesk.page\/pt\/wp-json\/wp\/v2\/product_cat?post=750291"},{"taxonomy":"product_tag","embeddable":true,"href":"https:\/\/stoic-curie.212-227-153-4.plesk.page\/pt\/wp-json\/wp\/v2\/product_tag?post=750291"}],"curies":[{"name":"wp","href":"https:\/\/api.w.org\/{rel}","templated":true}]}}