{"id":750292,"date":"2025-03-03T22:43:38","date_gmt":"2025-03-03T21:43:38","guid":{"rendered":"https:\/\/stoic-curie.212-227-153-4.plesk.page\/producto\/valvula-sifao-johnson-38mm\/"},"modified":"2026-02-25T00:28:13","modified_gmt":"2026-02-25T00:28:13","slug":"valvula-sifao-johnson-38mm","status":"publish","type":"product","link":"https:\/\/stoic-curie.212-227-153-4.plesk.page\/pt\/product\/valvula-sifao-johnson-38mm\/","title":{"rendered":"V\u00e1lvula Sif\u00e3o Johnson 38mm"},"content":{"rendered":"<p>V\u00e1lvula Sif\u00e3o Johnson 38mm &#8211; <\/p>\n<p>A la\u00e7o ventilado est\u00e1 dispon\u00edvel em 3 tamanhos diferentes. Com sua forma de U invertida e uma ventila\u00e7\u00e3o na parte superior, permite que o ar escape. La\u00e7os ventilados evitam o retorno do sif\u00e3o e s\u00e3o encontrados em linhas de descarga de toaletes ou em sistemas montados abaixo da linha d&#8217;\u00e1gua.<\/p>\n","protected":false},"excerpt":{"rendered":"<p>V\u00e1lvula Sif\u00e3o Johnson 38mm &#8211; A la\u00e7o ventilado est\u00e1 dispon\u00edvel em 3 tamanhos diferentes. Com sua forma de U invertida<\/p>\n","protected":false},"featured_media":5945402,"comment_status":"open","ping_status":"closed","template":"","meta":[],"product_brand":[3047],"product_cat":[1936,1957],"product_tag":[],"class_list":{"0":"post-750292","1":"product","2":"type-product","3":"status-publish","4":"has-post-thumbnail","6":"product_brand-johnson-marine-pt","7":"product_cat-tanques-de-aguas-residuais","8":"product_cat-valvulas-maritimas","10":"first","11":"instock","12":"shipping-taxable","13":"purchasable","14":"product-type-simple"},"_links":{"self":[{"href":"https:\/\/stoic-curie.212-227-153-4.plesk.page\/pt\/wp-json\/wp\/v2\/product\/750292","targetHints":{"allow":["GET"]}}],"collection":[{"href":"https:\/\/stoic-curie.212-227-153-4.plesk.page\/pt\/wp-json\/wp\/v2\/product"}],"about":[{"href":"https:\/\/stoic-curie.212-227-153-4.plesk.page\/pt\/wp-json\/wp\/v2\/types\/product"}],"replies":[{"embeddable":true,"href":"https:\/\/stoic-curie.212-227-153-4.plesk.page\/pt\/wp-json\/wp\/v2\/comments?post=750292"}],"version-history":[{"count":0,"href":"https:\/\/stoic-curie.212-227-153-4.plesk.page\/pt\/wp-json\/wp\/v2\/product\/750292\/revisions"}],"wp:featuredmedia":[{"embeddable":true,"href":"https:\/\/stoic-curie.212-227-153-4.plesk.page\/pt\/wp-json\/wp\/v2\/media\/5945402"}],"wp:attachment":[{"href":"https:\/\/stoic-curie.212-227-153-4.plesk.page\/pt\/wp-json\/wp\/v2\/media?parent=750292"}],"wp:term":[{"taxonomy":"product_brand","embeddable":true,"href":"https:\/\/stoic-curie.212-227-153-4.plesk.page\/pt\/wp-json\/wp\/v2\/product_brand?post=750292"},{"taxonomy":"product_cat","embeddable":true,"href":"https:\/\/stoic-curie.212-227-153-4.plesk.page\/pt\/wp-json\/wp\/v2\/product_cat?post=750292"},{"taxonomy":"product_tag","embeddable":true,"href":"https:\/\/stoic-curie.212-227-153-4.plesk.page\/pt\/wp-json\/wp\/v2\/product_tag?post=750292"}],"curies":[{"name":"wp","href":"https:\/\/api.w.org\/{rel}","templated":true}]}}