{"id":750293,"date":"2025-03-03T22:43:38","date_gmt":"2025-03-03T21:43:38","guid":{"rendered":"https:\/\/stoic-curie.212-227-153-4.plesk.page\/producto\/conector-rapido-para-bombas-de-lavagem-de-barco\/"},"modified":"2026-02-25T00:28:13","modified_gmt":"2026-02-25T00:28:13","slug":"conector-rapido-para-bombas-de-lavagem-de-barco","status":"publish","type":"product","link":"https:\/\/stoic-curie.212-227-153-4.plesk.page\/pt\/product\/conector-rapido-para-bombas-de-lavagem-de-barco\/","title":{"rendered":"Conector R\u00e1pido para Bombas de Lavagem de Barco"},"content":{"rendered":"<p>Conector R\u00e1pido para Bombas de Lavagem de Barco &#8211; <\/p>\n<p>\u00e2\u0080\u00a2 Montagem Embutida<br \/>\u00e2\u0080\u00a2 Conecta e desconecta sob press\u00e3o total<br \/>\u00e2\u0080\u00a2 Veda\u00e7\u00f5es duplas em O-ring de Viton<br \/>\u00e2\u0080\u00a2 Grande capacidade de fluxo<br \/>\u00e2\u0080\u00a2 Conex\u00e3o de ponte de a\u00e7o inoxid\u00e1vel 316 roscada 1\/2&#8243; F<br \/>\u00e2\u0080\u00a2 Conex\u00e3o de mangueira de \u00e1gua de baioneta de nylon 66 com rosca de 3\/4&#8243; M<\/p>\n","protected":false},"excerpt":{"rendered":"<p>Conector R\u00e1pido para Bombas de Lavagem de Barco &#8211; \u00e2\u0080\u00a2 Montagem Embutida\u00e2\u0080\u00a2 Conecta e desconecta sob press\u00e3o total\u00e2\u0080\u00a2 Veda\u00e7\u00f5es duplas<\/p>\n","protected":false},"featured_media":5945403,"comment_status":"open","ping_status":"closed","template":"","meta":[],"product_brand":[3047],"product_cat":[1935],"product_tag":[],"class_list":{"0":"post-750293","1":"product","2":"type-product","3":"status-publish","4":"has-post-thumbnail","6":"product_brand-johnson-marine-pt","7":"product_cat-bombas-de-lavagem","9":"first","10":"instock","11":"shipping-taxable","12":"purchasable","13":"product-type-simple"},"_links":{"self":[{"href":"https:\/\/stoic-curie.212-227-153-4.plesk.page\/pt\/wp-json\/wp\/v2\/product\/750293","targetHints":{"allow":["GET"]}}],"collection":[{"href":"https:\/\/stoic-curie.212-227-153-4.plesk.page\/pt\/wp-json\/wp\/v2\/product"}],"about":[{"href":"https:\/\/stoic-curie.212-227-153-4.plesk.page\/pt\/wp-json\/wp\/v2\/types\/product"}],"replies":[{"embeddable":true,"href":"https:\/\/stoic-curie.212-227-153-4.plesk.page\/pt\/wp-json\/wp\/v2\/comments?post=750293"}],"version-history":[{"count":0,"href":"https:\/\/stoic-curie.212-227-153-4.plesk.page\/pt\/wp-json\/wp\/v2\/product\/750293\/revisions"}],"wp:featuredmedia":[{"embeddable":true,"href":"https:\/\/stoic-curie.212-227-153-4.plesk.page\/pt\/wp-json\/wp\/v2\/media\/5945403"}],"wp:attachment":[{"href":"https:\/\/stoic-curie.212-227-153-4.plesk.page\/pt\/wp-json\/wp\/v2\/media?parent=750293"}],"wp:term":[{"taxonomy":"product_brand","embeddable":true,"href":"https:\/\/stoic-curie.212-227-153-4.plesk.page\/pt\/wp-json\/wp\/v2\/product_brand?post=750293"},{"taxonomy":"product_cat","embeddable":true,"href":"https:\/\/stoic-curie.212-227-153-4.plesk.page\/pt\/wp-json\/wp\/v2\/product_cat?post=750293"},{"taxonomy":"product_tag","embeddable":true,"href":"https:\/\/stoic-curie.212-227-153-4.plesk.page\/pt\/wp-json\/wp\/v2\/product_tag?post=750293"}],"curies":[{"name":"wp","href":"https:\/\/api.w.org\/{rel}","templated":true}]}}