{"id":750294,"date":"2025-03-03T22:43:39","date_gmt":"2025-03-03T21:43:39","guid":{"rendered":"https:\/\/stoic-curie.212-227-153-4.plesk.page\/producto\/deposito-de-agua-can-sb-280-litros-lado-esquerdo\/"},"modified":"2026-02-25T00:28:13","modified_gmt":"2026-02-25T00:28:13","slug":"deposito-de-agua-can-sb-280-litros-lado-esquerdo","status":"publish","type":"product","link":"https:\/\/stoic-curie.212-227-153-4.plesk.page\/pt\/product\/deposito-de-agua-can-sb-280-litros-lado-esquerdo\/","title":{"rendered":"Dep\u00f3sito de \u00c1gua CAN-SB 280 litros (LADO ESQUERDO)"},"content":{"rendered":"<p>Dep\u00f3sito de \u00c1gua CAN-SB 280 litros (LADO ESQUERDO) &#8211; <\/p>\n<p style=\"color: rgb(34, 34, 34); font-family: Arial, Helvetica, sans-serif; font-size: small;\">Apresentamos o Tanque de \u00c1gua CAN-SB 280lt (ESQUERDA). Este tanque \u00e9 projetado para o armazenamento de \u00e1gua doce e \u00e1gua cinza. Possui uma dupla tampa, um tubo submerso e um conector girat\u00f3rio de 38 mm. Feito de polietileno de alta densidade, esses tanques s\u00e3o ideais para armazenar \u00e1gua doce, \u00e1gua salgada, \u00e1gua cinza e \u00e1gua negra. O polietileno \u00e9 um material leve e n\u00e3o t\u00f3xico, conhecido por sua durabilidade contra estresses mec\u00e2nicos e qu\u00edmicos.<\/p>\n<p style=\"color: rgb(34, 34, 34); font-family: Arial, Helvetica, sans-serif; font-size: small;\">Nossos tanques de polietileno de alta densidade para \u00e1gua pot\u00e1vel s\u00e3o especialmente projetados para armazenar alimentos, \u00e1gua pot\u00e1vel e coletar \u00e1gua da chuva ou \u00e1guas residuais. Constru\u00eddos com polietileno linear, um material seguro e n\u00e3o t\u00f3xico, esses tanques est\u00e3o em conformidade com todas as regulamenta\u00e7\u00f5es e diretrizes relevantes. O processo de moldagem rotacional, combinado com o uso de polietileno linear de alta densidade, garante resist\u00eancia excepcional a impactos, prote\u00e7\u00e3o contra exposi\u00e7\u00e3o qu\u00edmica e durabilidade em temperaturas extremas, condi\u00e7\u00f5es clim\u00e1ticas severas e raios UV.<\/p>\n","protected":false},"excerpt":{"rendered":"<p>Dep\u00f3sito de \u00c1gua CAN-SB 280 litros (LADO ESQUERDO) &#8211; Apresentamos o Tanque de \u00c1gua CAN-SB 280lt (ESQUERDA). Este tanque \u00e9<\/p>\n","protected":false},"featured_media":5941044,"comment_status":"open","ping_status":"closed","template":"","meta":[],"product_brand":[2857],"product_cat":[1951],"product_tag":[],"class_list":{"0":"post-750294","1":"product","2":"type-product","3":"status-publish","4":"has-post-thumbnail","6":"product_brand-can-marine-pt","7":"product_cat-tanques-de-agua","9":"first","10":"instock","11":"shipping-taxable","12":"purchasable","13":"product-type-simple"},"_links":{"self":[{"href":"https:\/\/stoic-curie.212-227-153-4.plesk.page\/pt\/wp-json\/wp\/v2\/product\/750294","targetHints":{"allow":["GET"]}}],"collection":[{"href":"https:\/\/stoic-curie.212-227-153-4.plesk.page\/pt\/wp-json\/wp\/v2\/product"}],"about":[{"href":"https:\/\/stoic-curie.212-227-153-4.plesk.page\/pt\/wp-json\/wp\/v2\/types\/product"}],"replies":[{"embeddable":true,"href":"https:\/\/stoic-curie.212-227-153-4.plesk.page\/pt\/wp-json\/wp\/v2\/comments?post=750294"}],"version-history":[{"count":0,"href":"https:\/\/stoic-curie.212-227-153-4.plesk.page\/pt\/wp-json\/wp\/v2\/product\/750294\/revisions"}],"wp:featuredmedia":[{"embeddable":true,"href":"https:\/\/stoic-curie.212-227-153-4.plesk.page\/pt\/wp-json\/wp\/v2\/media\/5941044"}],"wp:attachment":[{"href":"https:\/\/stoic-curie.212-227-153-4.plesk.page\/pt\/wp-json\/wp\/v2\/media?parent=750294"}],"wp:term":[{"taxonomy":"product_brand","embeddable":true,"href":"https:\/\/stoic-curie.212-227-153-4.plesk.page\/pt\/wp-json\/wp\/v2\/product_brand?post=750294"},{"taxonomy":"product_cat","embeddable":true,"href":"https:\/\/stoic-curie.212-227-153-4.plesk.page\/pt\/wp-json\/wp\/v2\/product_cat?post=750294"},{"taxonomy":"product_tag","embeddable":true,"href":"https:\/\/stoic-curie.212-227-153-4.plesk.page\/pt\/wp-json\/wp\/v2\/product_tag?post=750294"}],"curies":[{"name":"wp","href":"https:\/\/api.w.org\/{rel}","templated":true}]}}