{"id":750295,"date":"2025-03-03T22:43:39","date_gmt":"2025-03-03T21:43:39","guid":{"rendered":"https:\/\/stoic-curie.212-227-153-4.plesk.page\/producto\/valvula-de-esfera-de-bronze-de-1-1-2\/"},"modified":"2026-02-25T00:28:13","modified_gmt":"2026-02-25T00:28:13","slug":"valvula-de-esfera-de-bronze-de-1-1-2","status":"publish","type":"product","link":"https:\/\/stoic-curie.212-227-153-4.plesk.page\/pt\/product\/valvula-de-esfera-de-bronze-de-1-1-2\/","title":{"rendered":"V\u00e1lvula de Esfera de Bronze de 1 1\/2&#8243;"},"content":{"rendered":"<p>V\u00e1lvula de Esfera de Bronze de 1 1\/2&#8243; &#8211; <\/p>\n<p>V\u00e1lvula de bola de bronze de fluxo completo com man\u00edpulo de a\u00e7o inoxid\u00e1vel. Certificado pela RINa.<\/p>\n","protected":false},"excerpt":{"rendered":"<p>V\u00e1lvula de Esfera de Bronze de 1 1\/2&#8243; &#8211; V\u00e1lvula de bola de bronze de fluxo completo com man\u00edpulo de<\/p>\n","protected":false},"featured_media":5941479,"comment_status":"open","ping_status":"closed","template":"","meta":[],"product_brand":[2997],"product_cat":[1956,1957],"product_tag":[],"class_list":{"0":"post-750295","1":"product","2":"type-product","3":"status-publish","4":"has-post-thumbnail","6":"product_brand-guidi-marine-pt","7":"product_cat-acessorios-de-canalizacao-em-bronze","8":"product_cat-valvulas-maritimas","10":"first","11":"instock","12":"shipping-taxable","13":"purchasable","14":"product-type-simple"},"_links":{"self":[{"href":"https:\/\/stoic-curie.212-227-153-4.plesk.page\/pt\/wp-json\/wp\/v2\/product\/750295","targetHints":{"allow":["GET"]}}],"collection":[{"href":"https:\/\/stoic-curie.212-227-153-4.plesk.page\/pt\/wp-json\/wp\/v2\/product"}],"about":[{"href":"https:\/\/stoic-curie.212-227-153-4.plesk.page\/pt\/wp-json\/wp\/v2\/types\/product"}],"replies":[{"embeddable":true,"href":"https:\/\/stoic-curie.212-227-153-4.plesk.page\/pt\/wp-json\/wp\/v2\/comments?post=750295"}],"version-history":[{"count":0,"href":"https:\/\/stoic-curie.212-227-153-4.plesk.page\/pt\/wp-json\/wp\/v2\/product\/750295\/revisions"}],"wp:featuredmedia":[{"embeddable":true,"href":"https:\/\/stoic-curie.212-227-153-4.plesk.page\/pt\/wp-json\/wp\/v2\/media\/5941479"}],"wp:attachment":[{"href":"https:\/\/stoic-curie.212-227-153-4.plesk.page\/pt\/wp-json\/wp\/v2\/media?parent=750295"}],"wp:term":[{"taxonomy":"product_brand","embeddable":true,"href":"https:\/\/stoic-curie.212-227-153-4.plesk.page\/pt\/wp-json\/wp\/v2\/product_brand?post=750295"},{"taxonomy":"product_cat","embeddable":true,"href":"https:\/\/stoic-curie.212-227-153-4.plesk.page\/pt\/wp-json\/wp\/v2\/product_cat?post=750295"},{"taxonomy":"product_tag","embeddable":true,"href":"https:\/\/stoic-curie.212-227-153-4.plesk.page\/pt\/wp-json\/wp\/v2\/product_tag?post=750295"}],"curies":[{"name":"wp","href":"https:\/\/api.w.org\/{rel}","templated":true}]}}