{"id":750311,"date":"2025-03-03T22:43:44","date_gmt":"2025-03-03T21:43:44","guid":{"rendered":"https:\/\/stoic-curie.212-227-153-4.plesk.page\/producto\/bomba-eletronica-de-oleo-e-combustivel-marco-up8-re-12-24v\/"},"modified":"2026-02-25T00:28:13","modified_gmt":"2026-02-25T00:28:13","slug":"bomba-eletronica-de-oleo-e-combustivel-marco-up8-re-12-24v","status":"publish","type":"product","link":"https:\/\/stoic-curie.212-227-153-4.plesk.page\/pt\/product\/bomba-eletronica-de-oleo-e-combustivel-marco-up8-re-12-24v\/","title":{"rendered":"Bomba Eletr\u00f3nica de \u00d3leo e Combust\u00edvel Marco UP8-RE 12-24V"},"content":{"rendered":"<p>Bomba Eletr\u00f3nica de \u00d3leo e Combust\u00edvel Marco UP8-RE 12-24V &#8211; <\/p>\n<p>Bomba de engrenagem eletr\u00f4nica ideal para transfer\u00eancia de \u00f3leo e diesel. Painel de controle integrado para inverter a dire\u00e7\u00e3o do fluxo e ajustar manualmente a taxa de fluxo. A taxa de fluxo tamb\u00e9m \u00e9 ajustada automaticamente de acordo com a viscosidade do l\u00edquido para evitar cavita\u00e7\u00e3o.<\/p>\n","protected":false},"excerpt":{"rendered":"<p>Bomba Eletr\u00f3nica de \u00d3leo e Combust\u00edvel Marco UP8-RE 12-24V &#8211; Bomba de engrenagem eletr\u00f4nica ideal para transfer\u00eancia de \u00f3leo e<\/p>\n","protected":false},"featured_media":5945416,"comment_status":"open","ping_status":"closed","template":"","meta":[],"product_brand":[3097],"product_cat":[2074],"product_tag":[],"class_list":{"0":"post-750311","1":"product","2":"type-product","3":"status-publish","4":"has-post-thumbnail","6":"product_brand-marco-pt","7":"product_cat-bombas-de-oleo-e-combustivel","9":"first","10":"instock","11":"shipping-taxable","12":"purchasable","13":"product-type-simple"},"_links":{"self":[{"href":"https:\/\/stoic-curie.212-227-153-4.plesk.page\/pt\/wp-json\/wp\/v2\/product\/750311","targetHints":{"allow":["GET"]}}],"collection":[{"href":"https:\/\/stoic-curie.212-227-153-4.plesk.page\/pt\/wp-json\/wp\/v2\/product"}],"about":[{"href":"https:\/\/stoic-curie.212-227-153-4.plesk.page\/pt\/wp-json\/wp\/v2\/types\/product"}],"replies":[{"embeddable":true,"href":"https:\/\/stoic-curie.212-227-153-4.plesk.page\/pt\/wp-json\/wp\/v2\/comments?post=750311"}],"version-history":[{"count":0,"href":"https:\/\/stoic-curie.212-227-153-4.plesk.page\/pt\/wp-json\/wp\/v2\/product\/750311\/revisions"}],"wp:featuredmedia":[{"embeddable":true,"href":"https:\/\/stoic-curie.212-227-153-4.plesk.page\/pt\/wp-json\/wp\/v2\/media\/5945416"}],"wp:attachment":[{"href":"https:\/\/stoic-curie.212-227-153-4.plesk.page\/pt\/wp-json\/wp\/v2\/media?parent=750311"}],"wp:term":[{"taxonomy":"product_brand","embeddable":true,"href":"https:\/\/stoic-curie.212-227-153-4.plesk.page\/pt\/wp-json\/wp\/v2\/product_brand?post=750311"},{"taxonomy":"product_cat","embeddable":true,"href":"https:\/\/stoic-curie.212-227-153-4.plesk.page\/pt\/wp-json\/wp\/v2\/product_cat?post=750311"},{"taxonomy":"product_tag","embeddable":true,"href":"https:\/\/stoic-curie.212-227-153-4.plesk.page\/pt\/wp-json\/wp\/v2\/product_tag?post=750311"}],"curies":[{"name":"wp","href":"https:\/\/api.w.org\/{rel}","templated":true}]}}