{"id":750312,"date":"2025-03-03T22:43:44","date_gmt":"2025-03-03T21:43:44","guid":{"rendered":"https:\/\/stoic-curie.212-227-153-4.plesk.page\/producto\/bomba-de-pressao-de-agua-marco-up6-e-26-litros-por-minuto-12-24v\/"},"modified":"2026-02-25T00:28:13","modified_gmt":"2026-02-25T00:28:13","slug":"bomba-de-pressao-de-agua-marco-up6-e-26-litros-por-minuto-12-24v","status":"publish","type":"product","link":"https:\/\/stoic-curie.212-227-153-4.plesk.page\/pt\/product\/bomba-de-pressao-de-agua-marco-up6-e-26-litros-por-minuto-12-24v\/","title":{"rendered":"Bomba de Press\u00e3o de \u00c1gua Marco UP6\/E 26 litros por minuto 12-24V"},"content":{"rendered":"<p>Bomba de Press\u00e3o de \u00c1gua Marco UP6\/E 26 litros por minuto 12-24V &#8211; <\/p>\n<p>Bombas de press\u00e3o de \u00e1gua doce com controle eletr\u00f4nico Marco, completas com v\u00e1lvula unidirecional. O controle eletr\u00f4nico garante: otimiza\u00e7\u00e3o do consumo el\u00e9trico, controle constante da press\u00e3o sem a necessidade de um tanque acumulador, parada autom\u00e1tica em caso de falta de l\u00edquido e desgaste reduzido de componentes, o que aumenta a vida \u00fatil do sistema. Adequadas para \u00e1gua doce e salgada. Fonte de alimenta\u00e7\u00e3o universal de 12\/24V.<\/p>\n","protected":false},"excerpt":{"rendered":"<p>Bomba de Press\u00e3o de \u00c1gua Marco UP6\/E 26 litros por minuto 12-24V &#8211; Bombas de press\u00e3o de \u00e1gua doce com<\/p>\n","protected":false},"featured_media":5945417,"comment_status":"open","ping_status":"closed","template":"","meta":[],"product_brand":[3097],"product_cat":[1947],"product_tag":[],"class_list":{"0":"post-750312","1":"product","2":"type-product","3":"status-publish","4":"has-post-thumbnail","6":"product_brand-marco-pt","7":"product_cat-bombas-de-pressao-de-agua","9":"first","10":"instock","11":"shipping-taxable","12":"purchasable","13":"product-type-simple"},"_links":{"self":[{"href":"https:\/\/stoic-curie.212-227-153-4.plesk.page\/pt\/wp-json\/wp\/v2\/product\/750312","targetHints":{"allow":["GET"]}}],"collection":[{"href":"https:\/\/stoic-curie.212-227-153-4.plesk.page\/pt\/wp-json\/wp\/v2\/product"}],"about":[{"href":"https:\/\/stoic-curie.212-227-153-4.plesk.page\/pt\/wp-json\/wp\/v2\/types\/product"}],"replies":[{"embeddable":true,"href":"https:\/\/stoic-curie.212-227-153-4.plesk.page\/pt\/wp-json\/wp\/v2\/comments?post=750312"}],"version-history":[{"count":0,"href":"https:\/\/stoic-curie.212-227-153-4.plesk.page\/pt\/wp-json\/wp\/v2\/product\/750312\/revisions"}],"wp:featuredmedia":[{"embeddable":true,"href":"https:\/\/stoic-curie.212-227-153-4.plesk.page\/pt\/wp-json\/wp\/v2\/media\/5945417"}],"wp:attachment":[{"href":"https:\/\/stoic-curie.212-227-153-4.plesk.page\/pt\/wp-json\/wp\/v2\/media?parent=750312"}],"wp:term":[{"taxonomy":"product_brand","embeddable":true,"href":"https:\/\/stoic-curie.212-227-153-4.plesk.page\/pt\/wp-json\/wp\/v2\/product_brand?post=750312"},{"taxonomy":"product_cat","embeddable":true,"href":"https:\/\/stoic-curie.212-227-153-4.plesk.page\/pt\/wp-json\/wp\/v2\/product_cat?post=750312"},{"taxonomy":"product_tag","embeddable":true,"href":"https:\/\/stoic-curie.212-227-153-4.plesk.page\/pt\/wp-json\/wp\/v2\/product_tag?post=750312"}],"curies":[{"name":"wp","href":"https:\/\/api.w.org\/{rel}","templated":true}]}}