{"id":750314,"date":"2025-03-03T22:43:45","date_gmt":"2025-03-03T21:43:45","guid":{"rendered":"https:\/\/stoic-curie.212-227-153-4.plesk.page\/producto\/bomba-de-pressao-de-agua-marco-up14-e-46-litros-por-minuto-12-24v\/"},"modified":"2026-02-25T00:28:13","modified_gmt":"2026-02-25T00:28:13","slug":"bomba-de-pressao-de-agua-marco-up14-e-46-litros-por-minuto-12-24v","status":"publish","type":"product","link":"https:\/\/stoic-curie.212-227-153-4.plesk.page\/pt\/product\/bomba-de-pressao-de-agua-marco-up14-e-46-litros-por-minuto-12-24v\/","title":{"rendered":"Bomba de Press\u00e3o de \u00c1gua Marco UP14\/E"},"content":{"rendered":"<p>Bomba de Press\u00e3o de \u00c1gua Marco UP14\/E &#8211; <\/p>\n<p style=\"color: rgb(34, 34, 34); font-family: Arial, Helvetica, sans-serif; font-size: small;\"><strong>MARCO UP14\/E &#8211; Bomba Eletr\u00f4nica de Press\u00e3o de \u00c1gua<\/strong><br \/><strong>Taxa de Fluxo:<\/strong>&nbsp;12,2 GPM<br \/><strong>Press\u00e3o:<\/strong>&nbsp;36,3 psi<br \/><strong>Voltagem:<\/strong>&nbsp;12\/24V<br \/><strong>Painel de Controle:<\/strong>&nbsp;PCS<\/p>\n<p style=\"color: rgb(34, 34, 34); font-family: Arial, Helvetica, sans-serif; font-size: small;\">A MARCO UP14\/E \u00e9 uma bomba el\u00e9trica autoaspirante projetada para alta efici\u00eancia e desempenho confi\u00e1vel. Ela \u00e9 equipada com robustas engrenagens helicoidais de PEEK, uma v\u00e1lvula de reten\u00e7\u00e3o embutida e controles eletr\u00f4nicos para garantir funcionalidade ideal. O corpo da bomba, feito de lat\u00e3o niquelado, juntamente com seu eixo de a\u00e7o inoxid\u00e1vel, garante durabilidade e resist\u00eancia \u00e0 corros\u00e3o.<\/p>\n<p style=\"color: rgb(34, 34, 34); font-family: Arial, Helvetica, sans-serif; font-size: small;\">Esta bomba eletr\u00f4nica de press\u00e3o de \u00e1gua doce \u00e9 perfeita para uma ampla gama de usos, como sistemas de press\u00e3o e kits de chuveiro em barcos, botes infl\u00e1veis, iates \u00e0 vela e ve\u00edculos recreativos (RVs). O painel de controle PCS fornecido possibilita monitoramento remoto e intera\u00e7\u00e3o com a bomba.<\/p>\n<p style=\"color: rgb(34, 34, 34); font-family: Arial, Helvetica, sans-serif; font-size: small;\">As principais vantagens do sistema de controle eletr\u00f4nico incluem:<\/p>\n<ul style=\"color: rgb(34, 34, 34); font-family: Arial, Helvetica, sans-serif; font-size: small;\">\n<li>Menor consumo el\u00e9trico<\/li>\n<li>Regula\u00e7\u00e3o constante da press\u00e3o sem necessidade de um tanque acumulador<\/li>\n<li>Fun\u00e7\u00e3o de desligamento autom\u00e1tico quando n\u00e3o h\u00e1 l\u00edquido detectado<\/li>\n<li>Redu\u00e7\u00e3o do desgaste dos componentes, prolongando assim a vida \u00fatil da bomba<\/li>\n<\/ul>\n<p style=\"color: rgb(34, 34, 34); font-family: Arial, Helvetica, sans-serif; font-size: small;\">A bomba \u00e9 projetada para aplica\u00e7\u00f5es em \u00e1gua doce e \u00e1gua salgada e opera com uma fonte de alimenta\u00e7\u00e3o vers\u00e1til de 12\/24V.<\/p>\n<p style=\"color: rgb(34, 34, 34); font-family: Arial, Helvetica, sans-serif; font-size: small;\"><strong>Aplica\u00e7\u00f5es:<\/strong><\/p>\n<ul style=\"color: rgb(34, 34, 34); font-family: Arial, Helvetica, sans-serif; font-size: small;\">\n<li>Industrial<\/li>\n<li>Automotivo<\/li>\n<li>Marinho<\/li>\n<li>Sistemas de press\u00e3o de \u00e1gua doce e kits de chuveiro para barcos, botes infl\u00e1veis, iates \u00e0 vela e RVs<\/li>\n<\/ul>\n<p style=\"color: rgb(34, 34, 34); font-family: Arial, Helvetica, sans-serif; font-size: small;\"><strong>Especifica\u00e7\u00f5es:<\/strong><\/p>\n<ul style=\"color: rgb(34, 34, 34); font-family: Arial, Helvetica, sans-serif; font-size: small;\">\n<li>Voltagem: 12\/24V<\/li>\n<li>Consumo de Corrente: 18A\/9A<\/li>\n<li>Classifica\u00e7\u00e3o do Fus\u00edvel: 30A<\/li>\n<li>Altura de Autoaspira\u00e7\u00e3o: 9,8 p\u00e9s<\/li>\n<li>Taxa de Fluxo: 12,2 GPM<\/li>\n<li>Press\u00e3o: 36,3 psi<\/li>\n<li>Portas: 3\/4&#8243; BSPP<\/li>\n<li>Di\u00e2metro Interno da Mangueira: 3\/4 in<\/li>\n<li>Classifica\u00e7\u00e3o de Prote\u00e7\u00e3o IP: 67<\/li>\n<li>Poder do Motor: 400W<\/li>\n<li>Peso: 11,5 lb<\/li>\n<\/ul>\n<p style=\"color: rgb(34, 34, 34); font-family: Arial, Helvetica, sans-serif; font-size: small;\"><strong>Dimens\u00f5es:<\/strong><\/p>\n<ul style=\"color: rgb(34, 34, 34); font-family: Arial, Helvetica, sans-serif; font-size: small;\">\n<li>Comprimento: 8,8 in (22 cm)<\/li>\n<li>Altura: 10,3 in (26 cm)<\/li>\n<li>Largura: 4,6 in (11 cm)<\/li>\n<\/ul>\n","protected":false},"excerpt":{"rendered":"<p>Bomba de Press\u00e3o de \u00c1gua Marco UP14\/E &#8211; MARCO UP14\/E &#8211; Bomba Eletr\u00f4nica de Press\u00e3o de \u00c1guaTaxa de Fluxo:&nbsp;12,2 GPMPress\u00e3o:&nbsp;36,3<\/p>\n","protected":false},"featured_media":5945419,"comment_status":"open","ping_status":"closed","template":"","meta":[],"product_brand":[3097],"product_cat":[1947],"product_tag":[],"class_list":{"0":"post-750314","1":"product","2":"type-product","3":"status-publish","4":"has-post-thumbnail","6":"product_brand-marco-pt","7":"product_cat-bombas-de-pressao-de-agua","9":"first","10":"instock","11":"shipping-taxable","12":"purchasable","13":"product-type-simple"},"_links":{"self":[{"href":"https:\/\/stoic-curie.212-227-153-4.plesk.page\/pt\/wp-json\/wp\/v2\/product\/750314","targetHints":{"allow":["GET"]}}],"collection":[{"href":"https:\/\/stoic-curie.212-227-153-4.plesk.page\/pt\/wp-json\/wp\/v2\/product"}],"about":[{"href":"https:\/\/stoic-curie.212-227-153-4.plesk.page\/pt\/wp-json\/wp\/v2\/types\/product"}],"replies":[{"embeddable":true,"href":"https:\/\/stoic-curie.212-227-153-4.plesk.page\/pt\/wp-json\/wp\/v2\/comments?post=750314"}],"version-history":[{"count":0,"href":"https:\/\/stoic-curie.212-227-153-4.plesk.page\/pt\/wp-json\/wp\/v2\/product\/750314\/revisions"}],"wp:featuredmedia":[{"embeddable":true,"href":"https:\/\/stoic-curie.212-227-153-4.plesk.page\/pt\/wp-json\/wp\/v2\/media\/5945419"}],"wp:attachment":[{"href":"https:\/\/stoic-curie.212-227-153-4.plesk.page\/pt\/wp-json\/wp\/v2\/media?parent=750314"}],"wp:term":[{"taxonomy":"product_brand","embeddable":true,"href":"https:\/\/stoic-curie.212-227-153-4.plesk.page\/pt\/wp-json\/wp\/v2\/product_brand?post=750314"},{"taxonomy":"product_cat","embeddable":true,"href":"https:\/\/stoic-curie.212-227-153-4.plesk.page\/pt\/wp-json\/wp\/v2\/product_cat?post=750314"},{"taxonomy":"product_tag","embeddable":true,"href":"https:\/\/stoic-curie.212-227-153-4.plesk.page\/pt\/wp-json\/wp\/v2\/product_tag?post=750314"}],"curies":[{"name":"wp","href":"https:\/\/api.w.org\/{rel}","templated":true}]}}