{"id":750316,"date":"2025-03-03T22:43:45","date_gmt":"2025-03-03T21:43:45","guid":{"rendered":"https:\/\/stoic-curie.212-227-153-4.plesk.page\/producto\/bomba-eletronica-de-agua-doce-marco-up66-e-dx\/"},"modified":"2026-02-25T00:28:13","modified_gmt":"2026-02-25T00:28:13","slug":"bomba-eletronica-de-agua-doce-marco-up66-e-dx","status":"publish","type":"product","link":"https:\/\/stoic-curie.212-227-153-4.plesk.page\/pt\/product\/bomba-eletronica-de-agua-doce-marco-up66-e-dx\/","title":{"rendered":"Bomba Eletr\u00f3nica de \u00c1gua Doce Marco UP66\/E-DX"},"content":{"rendered":"<p>Bomba Eletr\u00f3nica de \u00c1gua Doce Marco UP66\/E-DX &#8211; <\/p>\n<p style=\"color: rgb(34, 34, 34); font-family: Arial, Helvetica, sans-serif; font-size: small;\"><strong>MARCO UP66\/E-DX &#8211; Bomba Dupla Eletr\u00f4nica &#8211; 17,4 GPM &#8211; 50,8 PSI &#8211; 24V<\/strong><\/p>\n<p style=\"color: rgb(34, 34, 34); font-family: Arial, Helvetica, sans-serif; font-size: small;\">A bomba eletr\u00f4nica de controle duplo Marcon \u00e9 equipada com um painel de controle duplo PCS, permitindo o monitoramento \u00e0 dist\u00e2ncia e a intera\u00e7\u00e3o com a bomba. Este sistema de controle eletr\u00f4nico garante um consumo el\u00e9trico ideal, n\u00edveis de ru\u00eddo reduzidos e controle de press\u00e3o consistente sem a necessidade de um tanque acumulador. Al\u00e9m disso, possui um mecanismo de desligamento autom\u00e1tico na aus\u00eancia de l\u00edquido, o que minimiza o desgaste dos componentes e estende a vida \u00fatil do sistema. Esta bomba \u00e9 adequada tanto para aplica\u00e7\u00f5es de \u00e1gua doce quanto de \u00e1gua salgada e opera com uma fonte de alimenta\u00e7\u00e3o universal de 12\/24V.<\/p>\n<p style=\"color: rgb(34, 34, 34); font-family: Arial, Helvetica, sans-serif; font-size: small;\">O sistema de press\u00e3o de \u00e1gua autoaspirante \u00e9 composto por duas bombas interconectadas, com a velocidade do motor controlada eletronicamente em rela\u00e7\u00e3o \u00e0 taxa de fluxo. Este design resulta em menor consumo de energia e n\u00edveis de ru\u00eddo, ao mesmo tempo em que elimina a necessidade de um tanque acumulador. O sistema tamb\u00e9m \u00e9 protegido contra sobrecargas e as opera\u00e7\u00f5es da bomba s\u00e3o monitoradas por dois indicadores LED, que incluem um alerta de &#8220;tanque vazio&#8221; e um dispositivo de desligamento.<\/p>\n<p style=\"color: rgb(34, 34, 34); font-family: Arial, Helvetica, sans-serif; font-size: small;\"><strong>Recursos Principais:<\/strong><\/p>\n<ul style=\"color: rgb(34, 34, 34); font-family: Arial, Helvetica, sans-serif; font-size: small;\">\n<li>Velocidade do motor ajustada de acordo com a taxa de fluxo<\/li>\n<li>Ativa\u00e7\u00e3o retardada da bomba auxiliar<\/li>\n<li>Redu\u00e7\u00e3o do consumo de energia e do ru\u00eddo<\/li>\n<li>N\u00e3o requer tanque acumulador<\/li>\n<li>Prote\u00e7\u00e3o contra sobrecargas<\/li>\n<li>Opera\u00e7\u00f5es da bomba monitoradas por dois indicadores LED<\/li>\n<li>Alerta de &#8220;tanque vazio&#8221; e mecanismo de desligamento<\/li>\n<\/ul>\n<p style=\"color: rgb(34, 34, 34); font-family: Arial, Helvetica, sans-serif; font-size: small;\"><strong>Especifica\u00e7\u00f5es:<\/strong><\/p>\n<ul style=\"color: rgb(34, 34, 34); font-family: Arial, Helvetica, sans-serif; font-size: small;\">\n<li>Voltagem: 24V<\/li>\n<li>Consumo de corrente: 15A<\/li>\n<li>Classifica\u00e7\u00e3o do fus\u00edvel: 25A<\/li>\n<li>Capacidade de auto-aspira\u00e7\u00e3o: 6,6 ft<\/li>\n<li>Taxa de fluxo: 17,4 GPM<\/li>\n<li>Press\u00e3o: 50,8 PSI<\/li>\n<li>Portas: 3\/4&#8243; BSP<\/li>\n<li>Classifica\u00e7\u00e3o de Prote\u00e7\u00e3o IP: 67<\/li>\n<li>Poder do motor: 180W + 360W<\/li>\n<li>Peso: 28,7 lbs<\/li>\n<\/ul>\n<p style=\"color: rgb(34, 34, 34); font-family: Arial, Helvetica, sans-serif; font-size: small;\"><strong>Dimens\u00f5es:<\/strong><\/p>\n<ul style=\"color: rgb(34, 34, 34); font-family: Arial, Helvetica, sans-serif; font-size: small;\">\n<li>Comprimento: 11,6 in (297 mm)<\/li>\n<li>Altura: 11,8 in (300 mm)<\/li>\n<li>Largura: 10,2 in (260 mm)<\/li>\n<\/ul>\n","protected":false},"excerpt":{"rendered":"<p>Bomba Eletr\u00f3nica de \u00c1gua Doce Marco UP66\/E-DX &#8211; MARCO UP66\/E-DX &#8211; Bomba Dupla Eletr\u00f4nica &#8211; 17,4 GPM &#8211; 50,8 PSI<\/p>\n","protected":false},"featured_media":5945422,"comment_status":"open","ping_status":"closed","template":"","meta":[],"product_brand":[3097],"product_cat":[1947],"product_tag":[],"class_list":{"0":"post-750316","1":"product","2":"type-product","3":"status-publish","4":"has-post-thumbnail","6":"product_brand-marco-pt","7":"product_cat-bombas-de-pressao-de-agua","9":"first","10":"instock","11":"shipping-taxable","12":"purchasable","13":"product-type-simple"},"_links":{"self":[{"href":"https:\/\/stoic-curie.212-227-153-4.plesk.page\/pt\/wp-json\/wp\/v2\/product\/750316","targetHints":{"allow":["GET"]}}],"collection":[{"href":"https:\/\/stoic-curie.212-227-153-4.plesk.page\/pt\/wp-json\/wp\/v2\/product"}],"about":[{"href":"https:\/\/stoic-curie.212-227-153-4.plesk.page\/pt\/wp-json\/wp\/v2\/types\/product"}],"replies":[{"embeddable":true,"href":"https:\/\/stoic-curie.212-227-153-4.plesk.page\/pt\/wp-json\/wp\/v2\/comments?post=750316"}],"version-history":[{"count":0,"href":"https:\/\/stoic-curie.212-227-153-4.plesk.page\/pt\/wp-json\/wp\/v2\/product\/750316\/revisions"}],"wp:featuredmedia":[{"embeddable":true,"href":"https:\/\/stoic-curie.212-227-153-4.plesk.page\/pt\/wp-json\/wp\/v2\/media\/5945422"}],"wp:attachment":[{"href":"https:\/\/stoic-curie.212-227-153-4.plesk.page\/pt\/wp-json\/wp\/v2\/media?parent=750316"}],"wp:term":[{"taxonomy":"product_brand","embeddable":true,"href":"https:\/\/stoic-curie.212-227-153-4.plesk.page\/pt\/wp-json\/wp\/v2\/product_brand?post=750316"},{"taxonomy":"product_cat","embeddable":true,"href":"https:\/\/stoic-curie.212-227-153-4.plesk.page\/pt\/wp-json\/wp\/v2\/product_cat?post=750316"},{"taxonomy":"product_tag","embeddable":true,"href":"https:\/\/stoic-curie.212-227-153-4.plesk.page\/pt\/wp-json\/wp\/v2\/product_tag?post=750316"}],"curies":[{"name":"wp","href":"https:\/\/api.w.org\/{rel}","templated":true}]}}