{"id":750319,"date":"2025-03-03T22:43:46","date_gmt":"2025-03-03T21:43:46","guid":{"rendered":"https:\/\/stoic-curie.212-227-153-4.plesk.page\/producto\/embraiagem-eletromagnetica-johnson-0-3454-004-24v-1xb-7\/"},"modified":"2026-02-25T00:28:13","modified_gmt":"2026-02-25T00:28:13","slug":"embraiagem-eletromagnetica-johnson-0-3454-004-24v-1xb-7","status":"publish","type":"product","link":"https:\/\/stoic-curie.212-227-153-4.plesk.page\/pt\/product\/embraiagem-eletromagnetica-johnson-0-3454-004-24v-1xb-7\/","title":{"rendered":"Johnson 0.3454.004"},"content":{"rendered":"<p>Johnson 0.3454.004 &#8211; <\/p>\n<p style=\"color: rgb(34, 34, 34); font-family: Arial, Helvetica, sans-serif; font-size: small;\"><strong>Embreagem Eletromagn\u00e9tica, 24V 1xB Polia<\/strong><\/p>\n<p style=\"color: rgb(34, 34, 34); font-family: Arial, Helvetica, sans-serif; font-size: small;\">A embreagem eletromagn\u00e9tica Johnson 0.3454.004 \u00e9 projetada para uso com bombas de embreagem de impulso flex\u00edvel Johnson. \u00c9 compat\u00edvel com os seguintes modelos de bomba:<\/p>\n<ul style=\"color: rgb(34, 34, 34); font-family: Arial, Helvetica, sans-serif; font-size: small;\">\n<li>\n<p><strong>Johnson F5B-5000<\/strong>: N\u00famero do modelo 10-24112-.<\/p>\n<\/li>\n<li>\n<p><strong>Johnson F7B S\u00e9rie<\/strong>: Inclui os modelos F7B-5, F7B-5000, F7B-5001, F7B-5001-MC, F7B-50017, e F7B-50017-MC. Os n\u00fameros de modelo compat\u00edveis s\u00e3o 10-22342-, 10-24071-98, 10-24071-99, 10-24116-99, 10-24556-01, 10-24556-02, 10-24577-13, 10-24577-19, 10-24577-98, 10-24577-99, 10-24578-03, e 10-24578-04.<\/p>\n<\/li>\n<li>\n<p><strong>Johnson F8B S\u00e9rie<\/strong>: Inclui os modelos F8B-5, F8B-5000, F8B-5001, F8B-5001-MC, F8B-50017, e F8B-50017-MC. Os n\u00fameros de modelo compat\u00edveis s\u00e3o 10-13022-83, 10-13022-95, 10-13022-96, 10-13022-98, 10-13022-99, 10-13025-99, 10-22162-, 10-24160-1, 10-24559-01, e 10-24559-02.<\/p>\n<\/li>\n<li>\n<p><strong>Johnson F9B S\u00e9rie<\/strong>: Inclui os modelos F9B-5, F9B-5600, F9B-5600-VF, e F9B-5607. Os n\u00fameros de modelo compat\u00edveis s\u00e3o 10-13027-63, 10-13027-98, 10-13027-99, 10-13226-99, 10-22362-, e 10-24161-1.<\/p>\n<\/li>\n<li>\n<p><strong>Johnson F95B S\u00e9rie<\/strong>: Inclui os modelos F95B-5000 e F95B-5007. Os n\u00fameros de modelo compat\u00edveis s\u00e3o 10-13143-98 e 10-13143-99.<\/p>\n<\/li>\n<\/ul>\n<p style=\"color: rgb(34, 34, 34); font-family: Arial, Helvetica, sans-serif; font-size: small;\">A ranhura 1 x B nesta embreagem \u00e9 projetada para se ajustar \u00e0 polia do motor. Esta embreagem de bomba substitui o modelo Johnson 05-32-4.<\/p>\n<p style=\"color: rgb(34, 34, 34); font-family: Arial, Helvetica, sans-serif; font-size: small;\"><strong>Especifica\u00e7\u00f5es:<\/strong><\/p>\n<ul style=\"color: rgb(34, 34, 34); font-family: Arial, Helvetica, sans-serif; font-size: small;\">\n<li><strong>Modelo<\/strong>: Embreagem Eletromagn\u00e9tica Johnson Pump 0.3454.004 &#8211; 24V, Polia 1xB (05-32-4)<\/li>\n<li><strong>Dimens\u00f5es<\/strong>: 7.99 x 7.99 x 0.98 polegadas<\/li>\n<li><strong>Peso<\/strong>: 8.52 libras<\/li>\n<\/ul>\n<p style=\"color: rgb(34, 34, 34); font-family: Arial, Helvetica, sans-serif; font-size: small;\">A Johnson Pump 0.3454.004 \u00e9 uma embreagem eletromagn\u00e9tica robusta de 24V com uma polia 1xB. \u00c9 especificamente projetada para uso com bombas de embreagem de impulso flex\u00edvel Johnson e \u00e9 constru\u00edda com materiais de alta qualidade para garantir um desempenho duradouro e confiabilidade.<\/p>\n","protected":false},"excerpt":{"rendered":"<p>Johnson 0.3454.004 &#8211; Embreagem Eletromagn\u00e9tica, 24V 1xB Polia A embreagem eletromagn\u00e9tica Johnson 0.3454.004 \u00e9 projetada para uso com bombas de<\/p>\n","protected":false},"featured_media":5945424,"comment_status":"open","ping_status":"closed","template":"","meta":[],"product_brand":[3047],"product_cat":[2096],"product_tag":[],"class_list":{"0":"post-750319","1":"product","2":"type-product","3":"status-publish","4":"has-post-thumbnail","6":"product_brand-johnson-marine-pt","7":"product_cat-bombas-de-arrefecimento-do-motor","9":"first","10":"instock","11":"shipping-taxable","12":"purchasable","13":"product-type-simple"},"_links":{"self":[{"href":"https:\/\/stoic-curie.212-227-153-4.plesk.page\/pt\/wp-json\/wp\/v2\/product\/750319","targetHints":{"allow":["GET"]}}],"collection":[{"href":"https:\/\/stoic-curie.212-227-153-4.plesk.page\/pt\/wp-json\/wp\/v2\/product"}],"about":[{"href":"https:\/\/stoic-curie.212-227-153-4.plesk.page\/pt\/wp-json\/wp\/v2\/types\/product"}],"replies":[{"embeddable":true,"href":"https:\/\/stoic-curie.212-227-153-4.plesk.page\/pt\/wp-json\/wp\/v2\/comments?post=750319"}],"version-history":[{"count":0,"href":"https:\/\/stoic-curie.212-227-153-4.plesk.page\/pt\/wp-json\/wp\/v2\/product\/750319\/revisions"}],"wp:featuredmedia":[{"embeddable":true,"href":"https:\/\/stoic-curie.212-227-153-4.plesk.page\/pt\/wp-json\/wp\/v2\/media\/5945424"}],"wp:attachment":[{"href":"https:\/\/stoic-curie.212-227-153-4.plesk.page\/pt\/wp-json\/wp\/v2\/media?parent=750319"}],"wp:term":[{"taxonomy":"product_brand","embeddable":true,"href":"https:\/\/stoic-curie.212-227-153-4.plesk.page\/pt\/wp-json\/wp\/v2\/product_brand?post=750319"},{"taxonomy":"product_cat","embeddable":true,"href":"https:\/\/stoic-curie.212-227-153-4.plesk.page\/pt\/wp-json\/wp\/v2\/product_cat?post=750319"},{"taxonomy":"product_tag","embeddable":true,"href":"https:\/\/stoic-curie.212-227-153-4.plesk.page\/pt\/wp-json\/wp\/v2\/product_tag?post=750319"}],"curies":[{"name":"wp","href":"https:\/\/api.w.org\/{rel}","templated":true}]}}