{"id":750322,"date":"2025-03-03T22:43:47","date_gmt":"2025-03-03T21:43:47","guid":{"rendered":"https:\/\/stoic-curie.212-227-153-4.plesk.page\/producto\/bomba-de-agua-ancor-cze-200\/"},"modified":"2026-02-25T00:28:13","modified_gmt":"2026-02-25T00:28:13","slug":"bomba-de-agua-ancor-cze-200","status":"publish","type":"product","link":"https:\/\/stoic-curie.212-227-153-4.plesk.page\/pt\/product\/bomba-de-agua-ancor-cze-200\/","title":{"rendered":"Bomba de \u00c1gua Ancor CZE 200"},"content":{"rendered":"<p>Bomba de \u00c1gua Ancor CZE 200 &#8211; <\/p>\n<p>Esta bomba de \u00e1gua de resfriamento de alta qualidade \u00e9 uma excelente op\u00e7\u00e3o de substitui\u00e7\u00e3o para uma variedade de motores marinhos, incluindo aqueles de marcas respeit\u00e1veis como Iveco, Aifo e Perkins. Constru\u00edda com um robusto corpo e impulsor de bronze, esta bomba garante desempenho confi\u00e1vel, mesmo em condi\u00e7\u00f5es marinhas desafiadoras. \u00c9 especificamente compat\u00edvel com o n\u00famero de refer\u00eancia Aifo 8009841, tornando-se uma escolha ideal para diversos modelos de motores. Os seguintes motores est\u00e3o entre aqueles para os quais esta bomba \u00e9 adequada:<\/p>\n<ul>\n<li>Iveco 821<\/li>\n<li>Iveco 828M<\/li>\n<li>Iveco 828SRM<\/li>\n<\/ul>\n<p>Com esta bomba, voc\u00ea pode garantir que seu motor funcione de forma eficiente e eficaz.<\/p>\n","protected":false},"excerpt":{"rendered":"<p>Bomba de \u00c1gua Ancor CZE 200 &#8211; Esta bomba de \u00e1gua de resfriamento de alta qualidade \u00e9 uma excelente op\u00e7\u00e3o<\/p>\n","protected":false},"featured_media":5945429,"comment_status":"open","ping_status":"closed","template":"","meta":[],"product_brand":[2782],"product_cat":[2096],"product_tag":[],"class_list":{"0":"post-750322","1":"product","2":"type-product","3":"status-publish","4":"has-post-thumbnail","6":"product_brand-ancor-marine-pt","7":"product_cat-bombas-de-arrefecimento-do-motor","9":"first","10":"instock","11":"shipping-taxable","12":"purchasable","13":"product-type-simple"},"_links":{"self":[{"href":"https:\/\/stoic-curie.212-227-153-4.plesk.page\/pt\/wp-json\/wp\/v2\/product\/750322","targetHints":{"allow":["GET"]}}],"collection":[{"href":"https:\/\/stoic-curie.212-227-153-4.plesk.page\/pt\/wp-json\/wp\/v2\/product"}],"about":[{"href":"https:\/\/stoic-curie.212-227-153-4.plesk.page\/pt\/wp-json\/wp\/v2\/types\/product"}],"replies":[{"embeddable":true,"href":"https:\/\/stoic-curie.212-227-153-4.plesk.page\/pt\/wp-json\/wp\/v2\/comments?post=750322"}],"version-history":[{"count":0,"href":"https:\/\/stoic-curie.212-227-153-4.plesk.page\/pt\/wp-json\/wp\/v2\/product\/750322\/revisions"}],"wp:featuredmedia":[{"embeddable":true,"href":"https:\/\/stoic-curie.212-227-153-4.plesk.page\/pt\/wp-json\/wp\/v2\/media\/5945429"}],"wp:attachment":[{"href":"https:\/\/stoic-curie.212-227-153-4.plesk.page\/pt\/wp-json\/wp\/v2\/media?parent=750322"}],"wp:term":[{"taxonomy":"product_brand","embeddable":true,"href":"https:\/\/stoic-curie.212-227-153-4.plesk.page\/pt\/wp-json\/wp\/v2\/product_brand?post=750322"},{"taxonomy":"product_cat","embeddable":true,"href":"https:\/\/stoic-curie.212-227-153-4.plesk.page\/pt\/wp-json\/wp\/v2\/product_cat?post=750322"},{"taxonomy":"product_tag","embeddable":true,"href":"https:\/\/stoic-curie.212-227-153-4.plesk.page\/pt\/wp-json\/wp\/v2\/product_tag?post=750322"}],"curies":[{"name":"wp","href":"https:\/\/api.w.org\/{rel}","templated":true}]}}