{"id":750324,"date":"2025-03-03T22:43:47","date_gmt":"2025-03-03T21:43:47","guid":{"rendered":"https:\/\/stoic-curie.212-227-153-4.plesk.page\/producto\/impulsor-jabsco-22799-01\/"},"modified":"2026-02-25T00:28:13","modified_gmt":"2026-02-25T00:28:13","slug":"impulsor-jabsco-22799-01","status":"publish","type":"product","link":"https:\/\/stoic-curie.212-227-153-4.plesk.page\/pt\/product\/impulsor-jabsco-22799-01\/","title":{"rendered":"Impulsor JABSCO 22799-01"},"content":{"rendered":"<p>Impulsor JABSCO 22799-01 &#8211; <\/p>\n<p>Impulsor genu\u00edno Jabsco para bombas de refrigera\u00e7\u00e3o de motor e sistemas de \u00e1gua.<br \/>Neoprene: para \u00e1gua doce e salgada<br \/>Nitrilo: para por\u00f5es, \u00f3leos e derivados<\/p>\n","protected":false},"excerpt":{"rendered":"<p>Impulsor JABSCO 22799-01 &#8211; Impulsor genu\u00edno Jabsco para bombas de refrigera\u00e7\u00e3o de motor e sistemas de \u00e1gua.Neoprene: para \u00e1gua doce<\/p>\n","protected":false},"featured_media":5945431,"comment_status":"open","ping_status":"closed","template":"","meta":[],"product_brand":[3032],"product_cat":[2096],"product_tag":[],"class_list":{"0":"post-750324","1":"product","2":"type-product","3":"status-publish","4":"has-post-thumbnail","6":"product_brand-jabsco-marine-pt","7":"product_cat-bombas-de-arrefecimento-do-motor","9":"first","10":"instock","11":"shipping-taxable","12":"purchasable","13":"product-type-simple"},"_links":{"self":[{"href":"https:\/\/stoic-curie.212-227-153-4.plesk.page\/pt\/wp-json\/wp\/v2\/product\/750324","targetHints":{"allow":["GET"]}}],"collection":[{"href":"https:\/\/stoic-curie.212-227-153-4.plesk.page\/pt\/wp-json\/wp\/v2\/product"}],"about":[{"href":"https:\/\/stoic-curie.212-227-153-4.plesk.page\/pt\/wp-json\/wp\/v2\/types\/product"}],"replies":[{"embeddable":true,"href":"https:\/\/stoic-curie.212-227-153-4.plesk.page\/pt\/wp-json\/wp\/v2\/comments?post=750324"}],"version-history":[{"count":0,"href":"https:\/\/stoic-curie.212-227-153-4.plesk.page\/pt\/wp-json\/wp\/v2\/product\/750324\/revisions"}],"wp:featuredmedia":[{"embeddable":true,"href":"https:\/\/stoic-curie.212-227-153-4.plesk.page\/pt\/wp-json\/wp\/v2\/media\/5945431"}],"wp:attachment":[{"href":"https:\/\/stoic-curie.212-227-153-4.plesk.page\/pt\/wp-json\/wp\/v2\/media?parent=750324"}],"wp:term":[{"taxonomy":"product_brand","embeddable":true,"href":"https:\/\/stoic-curie.212-227-153-4.plesk.page\/pt\/wp-json\/wp\/v2\/product_brand?post=750324"},{"taxonomy":"product_cat","embeddable":true,"href":"https:\/\/stoic-curie.212-227-153-4.plesk.page\/pt\/wp-json\/wp\/v2\/product_cat?post=750324"},{"taxonomy":"product_tag","embeddable":true,"href":"https:\/\/stoic-curie.212-227-153-4.plesk.page\/pt\/wp-json\/wp\/v2\/product_tag?post=750324"}],"curies":[{"name":"wp","href":"https:\/\/api.w.org\/{rel}","templated":true}]}}