{"id":750334,"date":"2025-03-03T22:48:07","date_gmt":"2025-03-03T21:48:07","guid":{"rendered":"https:\/\/stoic-curie.212-227-153-4.plesk.page\/producto\/limpa-para-brisas-maritimo-w10-mtm-24v-veio-de-48mm\/"},"modified":"2026-02-25T00:28:13","modified_gmt":"2026-02-25T00:28:13","slug":"limpa-para-brisas-maritimo-w10-mtm-24v-veio-de-48mm","status":"publish","type":"product","link":"https:\/\/stoic-curie.212-227-153-4.plesk.page\/pt\/product\/limpa-para-brisas-maritimo-w10-mtm-24v-veio-de-48mm\/","title":{"rendered":"Limpa-para-brisas Mar\u00edtimo W10 MTM 24V (veio de 48mm)"},"content":{"rendered":"<p>Limpa-para-brisas Mar\u00edtimo W10 MTM 24V (veio de 48mm) &#8211; <\/p>\n<p>Limpa-vidros para barcos de m\u00e9dio a pequeno porte. Motor estanque com torque m\u00e1ximo de at\u00e9 12 Nm. 2 velocidades: Lenta 30 varridas\/minuto e R\u00e1pida 45 varridas\/minuto. \u00c2ngulo de varrido ajust\u00e1vel de 45\u00b0- 60\u00b0- 80\u00b0- 110\u00b0 (Ajuste padr\u00e3o 110\u00b0). Estacionamento autom\u00e1tico \u00e0 direita. Eixo padr\u00e3o de 13,8 mm. Deve ser complementado com bra\u00e7o e l\u00e2mina do limpador.<\/p>\n","protected":false},"excerpt":{"rendered":"<p>Limpa-para-brisas Mar\u00edtimo W10 MTM 24V (veio de 48mm) &#8211; Limpa-vidros para barcos de m\u00e9dio a pequeno porte. Motor estanque com<\/p>\n","protected":false},"featured_media":5945438,"comment_status":"open","ping_status":"closed","template":"","meta":[],"product_brand":[3237],"product_cat":[2022],"product_tag":[],"class_list":{"0":"post-750334","1":"product","2":"type-product","3":"status-publish","4":"has-post-thumbnail","6":"product_brand-osculati-pt","7":"product_cat-limpa-para-brisas","9":"first","10":"instock","11":"shipping-taxable","12":"purchasable","13":"product-type-simple"},"_links":{"self":[{"href":"https:\/\/stoic-curie.212-227-153-4.plesk.page\/pt\/wp-json\/wp\/v2\/product\/750334","targetHints":{"allow":["GET"]}}],"collection":[{"href":"https:\/\/stoic-curie.212-227-153-4.plesk.page\/pt\/wp-json\/wp\/v2\/product"}],"about":[{"href":"https:\/\/stoic-curie.212-227-153-4.plesk.page\/pt\/wp-json\/wp\/v2\/types\/product"}],"replies":[{"embeddable":true,"href":"https:\/\/stoic-curie.212-227-153-4.plesk.page\/pt\/wp-json\/wp\/v2\/comments?post=750334"}],"version-history":[{"count":0,"href":"https:\/\/stoic-curie.212-227-153-4.plesk.page\/pt\/wp-json\/wp\/v2\/product\/750334\/revisions"}],"wp:featuredmedia":[{"embeddable":true,"href":"https:\/\/stoic-curie.212-227-153-4.plesk.page\/pt\/wp-json\/wp\/v2\/media\/5945438"}],"wp:attachment":[{"href":"https:\/\/stoic-curie.212-227-153-4.plesk.page\/pt\/wp-json\/wp\/v2\/media?parent=750334"}],"wp:term":[{"taxonomy":"product_brand","embeddable":true,"href":"https:\/\/stoic-curie.212-227-153-4.plesk.page\/pt\/wp-json\/wp\/v2\/product_brand?post=750334"},{"taxonomy":"product_cat","embeddable":true,"href":"https:\/\/stoic-curie.212-227-153-4.plesk.page\/pt\/wp-json\/wp\/v2\/product_cat?post=750334"},{"taxonomy":"product_tag","embeddable":true,"href":"https:\/\/stoic-curie.212-227-153-4.plesk.page\/pt\/wp-json\/wp\/v2\/product_tag?post=750334"}],"curies":[{"name":"wp","href":"https:\/\/api.w.org\/{rel}","templated":true}]}}