{"id":750338,"date":"2025-03-03T22:48:09","date_gmt":"2025-03-03T21:48:09","guid":{"rendered":"https:\/\/stoic-curie.212-227-153-4.plesk.page\/producto\/sistema-eletrico-de-sinalizacao-marco-ehm-sem-microfone-12v\/"},"modified":"2026-02-25T00:28:13","modified_gmt":"2026-02-25T00:28:13","slug":"sistema-eletrico-de-sinalizacao-marco-ehm-sem-microfone-12v","status":"publish","type":"product","link":"https:\/\/stoic-curie.212-227-153-4.plesk.page\/pt\/product\/sistema-eletrico-de-sinalizacao-marco-ehm-sem-microfone-12v\/","title":{"rendered":"Sistema El\u00e9trico de Sinaliza\u00e7\u00e3o Marco EHM Sem Microfone 12V"},"content":{"rendered":"<p>Sistema El\u00e9trico de Sinaliza\u00e7\u00e3o Marco EHM Sem Microfone 12V &#8211; <\/p>\n<p>Apito el\u00e9trico completo com alto-falante \u00e0 prova d&#8217;\u00e1gua IP66, suporte de a\u00e7o inoxid\u00e1vel AISI 316, placa eletr\u00f4nica e sinalizador de neblina autom\u00e1tico. A vers\u00e3o 1901812 tamb\u00e9m inclui entrada VHF e microfone.<\/p>\n","protected":false},"excerpt":{"rendered":"<p>Sistema El\u00e9trico de Sinaliza\u00e7\u00e3o Marco EHM Sem Microfone 12V &#8211; Apito el\u00e9trico completo com alto-falante \u00e0 prova d&#8217;\u00e1gua IP66, suporte<\/p>\n","protected":false},"featured_media":5945447,"comment_status":"open","ping_status":"closed","template":"","meta":[],"product_brand":[3097],"product_cat":[2034,2063],"product_tag":[],"class_list":{"0":"post-750338","1":"product","2":"type-product","3":"status-publish","4":"has-post-thumbnail","6":"product_brand-marco-pt","7":"product_cat-buzinas","8":"product_cat-equipamento-de-sinalizacao","10":"first","11":"instock","12":"shipping-taxable","13":"purchasable","14":"product-type-simple"},"_links":{"self":[{"href":"https:\/\/stoic-curie.212-227-153-4.plesk.page\/pt\/wp-json\/wp\/v2\/product\/750338","targetHints":{"allow":["GET"]}}],"collection":[{"href":"https:\/\/stoic-curie.212-227-153-4.plesk.page\/pt\/wp-json\/wp\/v2\/product"}],"about":[{"href":"https:\/\/stoic-curie.212-227-153-4.plesk.page\/pt\/wp-json\/wp\/v2\/types\/product"}],"replies":[{"embeddable":true,"href":"https:\/\/stoic-curie.212-227-153-4.plesk.page\/pt\/wp-json\/wp\/v2\/comments?post=750338"}],"version-history":[{"count":0,"href":"https:\/\/stoic-curie.212-227-153-4.plesk.page\/pt\/wp-json\/wp\/v2\/product\/750338\/revisions"}],"wp:featuredmedia":[{"embeddable":true,"href":"https:\/\/stoic-curie.212-227-153-4.plesk.page\/pt\/wp-json\/wp\/v2\/media\/5945447"}],"wp:attachment":[{"href":"https:\/\/stoic-curie.212-227-153-4.plesk.page\/pt\/wp-json\/wp\/v2\/media?parent=750338"}],"wp:term":[{"taxonomy":"product_brand","embeddable":true,"href":"https:\/\/stoic-curie.212-227-153-4.plesk.page\/pt\/wp-json\/wp\/v2\/product_brand?post=750338"},{"taxonomy":"product_cat","embeddable":true,"href":"https:\/\/stoic-curie.212-227-153-4.plesk.page\/pt\/wp-json\/wp\/v2\/product_cat?post=750338"},{"taxonomy":"product_tag","embeddable":true,"href":"https:\/\/stoic-curie.212-227-153-4.plesk.page\/pt\/wp-json\/wp\/v2\/product_tag?post=750338"}],"curies":[{"name":"wp","href":"https:\/\/api.w.org\/{rel}","templated":true}]}}