{"id":750340,"date":"2025-03-03T22:48:10","date_gmt":"2025-03-03T21:48:10","guid":{"rendered":"https:\/\/stoic-curie.212-227-153-4.plesk.page\/producto\/carregador-de-bateria-quick-sbc-140-nrg-12v-12a\/"},"modified":"2026-02-25T00:28:13","modified_gmt":"2026-02-25T00:28:13","slug":"carregador-de-bateria-quick-sbc-140-nrg-12v-12a","status":"publish","type":"product","link":"https:\/\/stoic-curie.212-227-153-4.plesk.page\/pt\/product\/carregador-de-bateria-quick-sbc-140-nrg-12v-12a\/","title":{"rendered":"Carregador de Bateria Quick SBC 140 NRG+ 12V 12A"},"content":{"rendered":"<p>Carregador de Bateria Quick SBC 140 NRG+ 12V 12A &#8211; <\/p>\n<p>Carrregadores de bateria SBC NRG+ de alta efici\u00eancia e baixo consumo com carregamento de bateria em tr\u00eas est\u00e1gios IUoU. Com separador de carga MOSFET interno e carregamento diferenciado para baterias abertas, seladas, GEL ou AGM. Capacidade de fornecer pot\u00eancia de sa\u00edda total com baixa tens\u00e3o de suprimento e possibilidade de usar o carregador de bateria como fonte de alimenta\u00e7\u00e3o sem baterias. Compat\u00edvel com qualquer tipo de gerador e entrada CA universal com conectores f\u00e1ceis. Prote\u00e7\u00f5es contra polaridade invertida, sobrecarga, curto-circuito de sa\u00edda, sobretens\u00e3o de sa\u00edda e superaquecimento.<\/p>\n","protected":false},"excerpt":{"rendered":"<p>Carregador de Bateria Quick SBC 140 NRG+ 12V 12A &#8211; Carrregadores de bateria SBC NRG+ de alta efici\u00eancia e baixo<\/p>\n","protected":false},"featured_media":5945450,"comment_status":"open","ping_status":"closed","template":"","meta":[],"product_brand":[3282],"product_cat":[2024],"product_tag":[],"class_list":{"0":"post-750340","1":"product","2":"type-product","3":"status-publish","4":"has-post-thumbnail","6":"product_brand-quick-pt","7":"product_cat-carregadores-de-bateria","9":"first","10":"instock","11":"shipping-taxable","12":"purchasable","13":"product-type-simple"},"_links":{"self":[{"href":"https:\/\/stoic-curie.212-227-153-4.plesk.page\/pt\/wp-json\/wp\/v2\/product\/750340","targetHints":{"allow":["GET"]}}],"collection":[{"href":"https:\/\/stoic-curie.212-227-153-4.plesk.page\/pt\/wp-json\/wp\/v2\/product"}],"about":[{"href":"https:\/\/stoic-curie.212-227-153-4.plesk.page\/pt\/wp-json\/wp\/v2\/types\/product"}],"replies":[{"embeddable":true,"href":"https:\/\/stoic-curie.212-227-153-4.plesk.page\/pt\/wp-json\/wp\/v2\/comments?post=750340"}],"version-history":[{"count":0,"href":"https:\/\/stoic-curie.212-227-153-4.plesk.page\/pt\/wp-json\/wp\/v2\/product\/750340\/revisions"}],"wp:featuredmedia":[{"embeddable":true,"href":"https:\/\/stoic-curie.212-227-153-4.plesk.page\/pt\/wp-json\/wp\/v2\/media\/5945450"}],"wp:attachment":[{"href":"https:\/\/stoic-curie.212-227-153-4.plesk.page\/pt\/wp-json\/wp\/v2\/media?parent=750340"}],"wp:term":[{"taxonomy":"product_brand","embeddable":true,"href":"https:\/\/stoic-curie.212-227-153-4.plesk.page\/pt\/wp-json\/wp\/v2\/product_brand?post=750340"},{"taxonomy":"product_cat","embeddable":true,"href":"https:\/\/stoic-curie.212-227-153-4.plesk.page\/pt\/wp-json\/wp\/v2\/product_cat?post=750340"},{"taxonomy":"product_tag","embeddable":true,"href":"https:\/\/stoic-curie.212-227-153-4.plesk.page\/pt\/wp-json\/wp\/v2\/product_tag?post=750340"}],"curies":[{"name":"wp","href":"https:\/\/api.w.org\/{rel}","templated":true}]}}